
{"id":986,"date":"2013-09-03T14:46:59","date_gmt":"2013-09-03T12:46:59","guid":{"rendered":"http:\/\/tacarc.org\/info\/?page_id=986"},"modified":"2026-03-20T09:40:44","modified_gmt":"2026-03-20T08:40:44","slug":"gymnase-de-gironis","status":"publish","type":"page","link":"https:\/\/tacarc.org\/info\/gymnase-de-gironis\/","title":{"rendered":"Gymnase de Gironis"},"content":{"rendered":"<div id=\"ez-toc-container\" class=\"ez-toc-v2_0_80 counter-hierarchy ez-toc-counter ez-toc-grey ez-toc-container-direction\">\n<div class=\"ez-toc-title-container\">\n<p class=\"ez-toc-title\" style=\"cursor:inherit\">Sommaire<\/p>\n<span class=\"ez-toc-title-toggle\"><a href=\"#\" class=\"ez-toc-pull-right ez-toc-btn ez-toc-btn-xs ez-toc-btn-default ez-toc-toggle\" aria-label=\"Toggle Table of Content\"><span class=\"ez-toc-js-icon-con\"><span class=\"\"><span class=\"eztoc-hide\" style=\"display:none;\">Toggle<\/span><span class=\"ez-toc-icon-toggle-span\"><svg style=\"fill: #999;color:#999\" xmlns=\"http:\/\/www.w3.org\/2000\/svg\" class=\"list-377408\" width=\"20px\" height=\"20px\" viewBox=\"0 0 24 24\" fill=\"none\"><path d=\"M6 6H4v2h2V6zm14 0H8v2h12V6zM4 11h2v2H4v-2zm16 0H8v2h12v-2zM4 16h2v2H4v-2zm16 0H8v2h12v-2z\" fill=\"currentColor\"><\/path><\/svg><svg style=\"fill: #999;color:#999\" class=\"arrow-unsorted-368013\" xmlns=\"http:\/\/www.w3.org\/2000\/svg\" width=\"10px\" height=\"10px\" viewBox=\"0 0 24 24\" version=\"1.2\" baseProfile=\"tiny\"><path d=\"M18.2 9.3l-6.2-6.3-6.2 6.3c-.2.2-.3.4-.3.7s.1.5.3.7c.2.2.4.3.7.3h11c.3 0 .5-.1.7-.3.2-.2.3-.5.3-.7s-.1-.5-.3-.7zM5.8 14.7l6.2 6.3 6.2-6.3c.2-.2.3-.5.3-.7s-.1-.5-.3-.7c-.2-.2-.4-.3-.7-.3h-11c-.3 0-.5.1-.7.3-.2.2-.3.5-.3.7s.1.5.3.7z\"\/><\/svg><\/span><\/span><\/span><\/a><\/span><\/div>\n<nav><ul class='ez-toc-list ez-toc-list-level-1 ' ><li class='ez-toc-page-1 ez-toc-heading-level-1'><a class=\"ez-toc-link ez-toc-heading-1\" href=\"https:\/\/tacarc.org\/info\/gymnase-de-gironis\/#Gymnase_%C2%AB_Maurice_DREUIL_%C2%BB_de_Gironis\" >Gymnase \u00ab\u00a0Maurice DREUIL\u00a0\u00bb de Gironis<\/a><ul class='ez-toc-list-level-2' ><li class='ez-toc-heading-level-2'><a class=\"ez-toc-link ez-toc-heading-2\" href=\"https:\/\/tacarc.org\/info\/gymnase-de-gironis\/#Horaires_de_tir\" >Horaires de tir<\/a><\/li><li class='ez-toc-page-1 ez-toc-heading-level-2'><a class=\"ez-toc-link ez-toc-heading-3\" href=\"https:\/\/tacarc.org\/info\/gymnase-de-gironis\/#Acces\" >Acc\u00e8s<\/a><\/li><\/ul><\/li><li class='ez-toc-page-1 ez-toc-heading-level-1'><a class=\"ez-toc-link ez-toc-heading-4\" href=\"https:\/\/tacarc.org\/info\/gymnase-de-gironis\/#Records_TAC\" >Records TAC<\/a><\/li><\/ul><\/nav><\/div>\n<p>L'entra\u00eenement en salle des <a title=\"FAQ Questions\/R\u00e9ponses\" href=\"https:\/\/tacarc.org\/info\/club\/\" target=\"_blank\" rel=\"noopener noreferrer\">archers du TAC<\/a> est pratiqu\u00e9 dans le gymnase de Gironis<\/p>\n<h1><strong><img loading=\"lazy\" decoding=\"async\" class=\"size-full wp-image-2399 alignright\" src=\"https:\/\/tacarc.org\/info\/wp-content\/uploads\/2020\/09\/tir_poulie_salle_duo.jpg\" alt=\"\" width=\"226\" height=\"169\" \/>Gymnase <\/strong><strong>\"Maurice DREUIL\" <\/strong><strong>de Gironis<br \/>\n<\/strong><\/h1>\n<p>35 rue de Gironis<br \/>\n31100 Toulouse<br \/>\nGPS: 43.565349, 1.416307<br \/>\n<a title=\"G\u00e9olocalisation du gymnase de Gironis\" href=\"https:\/\/www.google.com\/maps\/place\/43%C2%B033'55.3%22N+1%C2%B024'58.7%22E\/@43.565349,1.416307,17z\/data=!3m1!4b1!4m4!3m3!8m2!3d43.565349!4d1.416307?entry=ttu\" target=\"_blank\" rel=\"noopener noreferrer\">G\u00e9olocalisation Google<\/a>, sur <a title=\"Gymnase de Gironis sur OpenStreetMap\" href=\"http:\/\/www.openstreetmap.org\/way\/74242935#map=19\/43.56527\/1.41619\" target=\"_blank\" rel=\"noopener noreferrer\">OpenStreetMap<\/a><\/p>\n<h2><span class=\"ez-toc-section\" id=\"Horaires_de_tir\"><\/span>Horaires de tir<span class=\"ez-toc-section-end\"><\/span><\/h2>\n<p><iframe loading=\"lazy\" src=\"https:\/\/docs.google.com\/spreadsheets\/d\/e\/2PACX-1vTNS3Neub7KVmHl_AK_c-eY4vsm2KTL4o1Z0Vc3yUUXLlLxGtST7yJ6IIz75rYZXyKgU91C6V_7pPPM\/pubhtml?widget=true&amp;headers=false\" width=\"600\" height=\"450\"><span style=\"display: inline-block; width: 0px; overflow: hidden; line-height: 0;\" data-mce-type=\"bookmark\" class=\"mce_SELRES_start\">\ufeff<\/span><\/iframe><\/p>\n<p><a href=\"https:\/\/docs.google.com\/spreadsheets\/d\/1sYng41Ci2ZnQ1iZJb8oCvbKh-ugtoTfPi1_sQztz3-E\">Tableau<\/a><\/p>\n<p>Heures d'ouverture du gymnase<\/p>\n<ul>\n<li><a href=\"https:\/\/tacarc.org\/info\/dsc01271\/\"><img loading=\"lazy\" decoding=\"async\" class=\" wp-image-2426 alignright\" src=\"https:\/\/tacarc.org\/info\/wp-content\/uploads\/2020\/09\/DSC01271.jpg\" alt=\"\" width=\"344\" height=\"198\" srcset=\"https:\/\/tacarc.org\/info\/wp-content\/uploads\/2020\/09\/DSC01271.jpg 1280w, https:\/\/tacarc.org\/info\/wp-content\/uploads\/2020\/09\/DSC01271-300x173.jpg 300w, https:\/\/tacarc.org\/info\/wp-content\/uploads\/2020\/09\/DSC01271-1024x590.jpg 1024w, https:\/\/tacarc.org\/info\/wp-content\/uploads\/2020\/09\/DSC01271-768x443.jpg 768w\" sizes=\"auto, (max-width: 344px) 100vw, 344px\" \/><\/a>mardi de 18:00 \u00e0 22:00<\/li>\n<li>jeudi de 18:00 \u00e0 20:00<\/li>\n<li>vendredi de 12:00 \u00e0 14:00<\/li>\n<\/ul>\n<p>Le gymnase est ferm\u00e9 en juillet et ao\u00fbt.<\/p>\n<p>Les <a title=\"modalit\u00e9 d'adh\u00e9sion au TAC Tir \u00e0 l'Arc\" href=\"https:\/\/tacarc.org\/info\/cotisations\/\">inscriptions<\/a> sont prises dans le gymnase.<\/p>\n<div id=\"fb-root\"><\/div>\n<p><script async defer crossorigin=\"anonymous\" src=\"https:\/\/connect.facebook.net\/fr_FR\/sdk.js#xfbml=1&version=v8.0\" nonce=\"jFD9PgB0\"><\/script><\/p>\n<div class=\"fb-page\" data-href=\"https:\/\/www.facebook.com\/gymnase.gironis.toulouse\" data-tabs=\"timeline\" data-width=\"600\" data-height=\"500\" data-small-header=\"true\" data-adapt-container-width=\"true\" data-hide-cover=\"true\" data-show-facepile=\"false\">\n<blockquote class=\"fb-xfbml-parse-ignore\" cite=\"https:\/\/www.facebook.com\/gymnase.gironis.toulouse\"><p><a href=\"https:\/\/www.facebook.com\/gymnase.gironis.toulouse\">Gymnase de Gironis \"Maurice Dreuil\" \u00e0 Toulouse<\/a><\/p><\/blockquote>\n<\/div>\n<p><a href=\"https:\/\/tacarc.org\/info\/faq-questionsreponses\/gymnase-de-gironis\/gymnase_gironis2009\/\" rel=\"attachment wp-att-992\"><img loading=\"lazy\" decoding=\"async\" class=\"size-full wp-image-992 aligncenter\" src=\"https:\/\/tacarc.org\/info\/wp-content\/uploads\/2013\/09\/gymnase_gironis2009.jpg\" alt=\"\" width=\"966\" height=\"404\" srcset=\"https:\/\/tacarc.org\/info\/wp-content\/uploads\/2013\/09\/gymnase_gironis2009.jpg 966w, https:\/\/tacarc.org\/info\/wp-content\/uploads\/2013\/09\/gymnase_gironis2009-300x125.jpg 300w\" sizes=\"auto, (max-width: 966px) 100vw, 966px\" \/><\/a><\/p>\n<h2><span class=\"ez-toc-section\" id=\"Acces\"><\/span>Acc\u00e8s<span class=\"ez-toc-section-end\"><\/span><\/h2>\n<p>L'<a title=\"acc\u00e8s au gymnase Gironis\" href=\"https:\/\/www.google.com\/maps\/search\/Gymnase+de+Gironis,+35+Rue+de+Gironis,+31100+Toulouse,+France\/@43.5650297,1.4145165,17z\/data=!3m1!4b1?hl=fr\" target=\"_blank\" rel=\"noopener noreferrer\">acc\u00e8s au gymnase<\/a> est au 35 rue de Gironis qui relie la route d'Espagne et la route de Seysses;<\/p>\n<p>Les autobus <a title=\"horaires des autobus TISSEO de Toulouse\" href=\"http:\/\/www.tisseo.fr\/se-deplacer\/horaires\" target=\"_blank\" rel=\"noopener noreferrer\">TISSEO<\/a> \u00e0 proximit\u00e9 du gymnase sont aux<\/p>\n<ul>\n<li style=\"list-style-type: none;\">\n<ul>\n<li>arr\u00eat place des Gli\u00e8res (ligne L4,\u00a0 route de Seysses)<\/li>\n<\/ul>\n<\/li>\n<\/ul>\n<p><img loading=\"lazy\" decoding=\"async\" class=\"\" src=\"https:\/\/tacarc.org\/images\/tisseo_bus_L4_gironis.jpg\" width=\"559\" height=\"315\" \/><\/p>\n<ul>\n<li style=\"list-style-type: none;\">\n<ul>\n<li>arr\u00eat Gironis (ligne L5, route d'Espagne, plus \u00e9loign\u00e9 que la place des Gli\u00e8res)<\/li>\n<\/ul>\n<\/li>\n<\/ul>\n<p><img loading=\"lazy\" decoding=\"async\" class=\"\" src=\"https:\/\/tacarc.org\/images\/tisseo_bus_L5_gironis.jpg\" width=\"552\" height=\"293\" \/><\/p>\n<h1><span class=\"ez-toc-section\" id=\"Records_TAC\"><\/span><a name=\"record_salle\"><\/a> Records TAC<span class=\"ez-toc-section-end\"><\/span><\/h1>\n<p><iframe loading=\"lazy\" src=\"https:\/\/docs.google.com\/spreadsheets\/d\/1hTQkdYGES7Zz4Cmn5SgDNZyDbVTdEowVrNlbU2AGI9E\/pubhtml?widget=true&amp;headers=false\" width=\"650\" height=\"750\"><\/iframe><\/p>\n","protected":false},"excerpt":{"rendered":"<p>L'entra\u00eenement en salle des archers du TAC est pratiqu\u00e9 dans le gymnase de Gironis Gymnase \"Maurice DREUIL\" de Gironis 35 rue de Gironis 31100 Toulouse GPS: 43.565349, 1.416307 G\u00e9olocalisation Google, sur OpenStreetMap Horaires de tir \ufeff Tableau Heures d'ouverture du &hellip; <a href=\"https:\/\/tacarc.org\/info\/gymnase-de-gironis\/\">Continuer la lecture <span class=\"meta-nav\">&rarr;<\/span><\/a><\/p>\n","protected":false},"author":2,"featured_media":992,"parent":0,"menu_order":0,"comment_status":"closed","ping_status":"open","template":"","meta":{"footnotes":""},"class_list":["post-986","page","type-page","status-publish","has-post-thumbnail","hentry"],"jetpack_sharing_enabled":true,"_links":{"self":[{"href":"https:\/\/tacarc.org\/info\/wp-json\/wp\/v2\/pages\/986","targetHints":{"allow":["GET"]}}],"collection":[{"href":"https:\/\/tacarc.org\/info\/wp-json\/wp\/v2\/pages"}],"about":[{"href":"https:\/\/tacarc.org\/info\/wp-json\/wp\/v2\/types\/page"}],"author":[{"embeddable":true,"href":"https:\/\/tacarc.org\/info\/wp-json\/wp\/v2\/users\/2"}],"replies":[{"embeddable":true,"href":"https:\/\/tacarc.org\/info\/wp-json\/wp\/v2\/comments?post=986"}],"version-history":[{"count":2,"href":"https:\/\/tacarc.org\/info\/wp-json\/wp\/v2\/pages\/986\/revisions"}],"predecessor-version":[{"id":3433,"href":"https:\/\/tacarc.org\/info\/wp-json\/wp\/v2\/pages\/986\/revisions\/3433"}],"wp:featuredmedia":[{"embeddable":true,"href":"https:\/\/tacarc.org\/info\/wp-json\/wp\/v2\/media\/992"}],"wp:attachment":[{"href":"https:\/\/tacarc.org\/info\/wp-json\/wp\/v2\/media?parent=986"}],"curies":[{"name":"wp","href":"https:\/\/api.w.org\/{rel}","templated":true}]}}