
{"id":882,"date":"2013-08-24T10:18:47","date_gmt":"2013-08-24T08:18:47","guid":{"rendered":"http:\/\/tacarc.org\/info\/?page_id=882"},"modified":"2020-09-08T09:24:01","modified_gmt":"2020-09-08T07:24:01","slug":"plan-liste-des-articles-du-site","status":"publish","type":"page","link":"https:\/\/tacarc.org\/info\/club\/plan-liste-des-articles-du-site\/","title":{"rendered":"Liste des articles du site"},"content":{"rendered":"<div id=\"ez-toc-container\" class=\"ez-toc-v2_0_80 counter-hierarchy ez-toc-counter ez-toc-grey ez-toc-container-direction\">\n<div class=\"ez-toc-title-container\">\n<p class=\"ez-toc-title\" style=\"cursor:inherit\">Sommaire<\/p>\n<span class=\"ez-toc-title-toggle\"><a href=\"#\" class=\"ez-toc-pull-right ez-toc-btn ez-toc-btn-xs ez-toc-btn-default ez-toc-toggle\" aria-label=\"Toggle Table of Content\"><span class=\"ez-toc-js-icon-con\"><span class=\"\"><span class=\"eztoc-hide\" style=\"display:none;\">Toggle<\/span><span class=\"ez-toc-icon-toggle-span\"><svg style=\"fill: #999;color:#999\" xmlns=\"http:\/\/www.w3.org\/2000\/svg\" class=\"list-377408\" width=\"20px\" height=\"20px\" viewBox=\"0 0 24 24\" fill=\"none\"><path d=\"M6 6H4v2h2V6zm14 0H8v2h12V6zM4 11h2v2H4v-2zm16 0H8v2h12v-2zM4 16h2v2H4v-2zm16 0H8v2h12v-2z\" fill=\"currentColor\"><\/path><\/svg><svg style=\"fill: #999;color:#999\" class=\"arrow-unsorted-368013\" xmlns=\"http:\/\/www.w3.org\/2000\/svg\" width=\"10px\" height=\"10px\" viewBox=\"0 0 24 24\" version=\"1.2\" baseProfile=\"tiny\"><path d=\"M18.2 9.3l-6.2-6.3-6.2 6.3c-.2.2-.3.4-.3.7s.1.5.3.7c.2.2.4.3.7.3h11c.3 0 .5-.1.7-.3.2-.2.3-.5.3-.7s-.1-.5-.3-.7zM5.8 14.7l6.2 6.3 6.2-6.3c.2-.2.3-.5.3-.7s-.1-.5-.3-.7c-.2-.2-.4-.3-.7-.3h-11c-.3 0-.5.1-.7.3-.2.2-.3.5-.3.7s.1.5.3.7z\"\/><\/svg><\/span><\/span><\/span><\/a><\/span><\/div>\n<nav><ul class='ez-toc-list ez-toc-list-level-1 ' ><li class='ez-toc-page-1 ez-toc-heading-level-2'><a class=\"ez-toc-link ez-toc-heading-1\" href=\"https:\/\/tacarc.org\/info\/amenagement-du-terrain-des-etroits\/#Historique_des_travaux_%E2%80%93_photos\" >Historique des travaux &#8211; photos<\/a><\/li><li class='ez-toc-page-1 ez-toc-heading-level-2'><a class=\"ez-toc-link ez-toc-heading-2\" href=\"https:\/\/tacarc.org\/info\/amenagement-du-terrain-des-etroits\/#Annexes\" >Annexes<\/a><\/li><li class='ez-toc-page-1 ez-toc-heading-level-2'><a class=\"ez-toc-link ez-toc-heading-3\" href=\"https:\/\/tacarc.org\/info\/amenagement-du-terrain-des-etroits\/#13_octobre_2012\" >13 octobre 2012<\/a><ul class='ez-toc-list-level-3' ><li class='ez-toc-heading-level-3'><a class=\"ez-toc-link ez-toc-heading-4\" href=\"https:\/\/tacarc.org\/info\/amenagement-du-terrain-des-etroits\/#Degagement_de_la_butte_1\" >D\u00e9gagement de la butte 1<\/a><\/li><\/ul><\/li><li class='ez-toc-page-1 ez-toc-heading-level-2'><a class=\"ez-toc-link ez-toc-heading-5\" href=\"https:\/\/tacarc.org\/info\/amenagement-du-terrain-des-etroits\/#20_octobre_2012\" >20 octobre 2012<\/a><\/li><li class='ez-toc-page-1 ez-toc-heading-level-2'><a class=\"ez-toc-link ez-toc-heading-6\" href=\"https:\/\/tacarc.org\/info\/amenagement-du-terrain-des-etroits\/#28_octobre_2012\" >28 octobre 2012<\/a><\/li><li class='ez-toc-page-1 ez-toc-heading-level-2'><a class=\"ez-toc-link ez-toc-heading-7\" href=\"https:\/\/tacarc.org\/info\/amenagement-du-terrain-des-etroits\/#8_novembre_2012\" >8 novembre 2012<\/a><\/li><li class='ez-toc-page-1 ez-toc-heading-level-2'><a class=\"ez-toc-link ez-toc-heading-8\" href=\"https:\/\/tacarc.org\/info\/amenagement-du-terrain-des-etroits\/#10_17_24_novembre_2012\" >10, 17, 24 novembre 2012<\/a><\/li><li class='ez-toc-page-1 ez-toc-heading-level-2'><a class=\"ez-toc-link ez-toc-heading-9\" href=\"https:\/\/tacarc.org\/info\/amenagement-du-terrain-des-etroits\/#1er_decembre_2012\" >1er d\u00e9cembre 2012<\/a><\/li><li class='ez-toc-page-1 ez-toc-heading-level-2'><a class=\"ez-toc-link ez-toc-heading-10\" href=\"https:\/\/tacarc.org\/info\/amenagement-du-terrain-des-etroits\/#Construction_des_cadres_pour_mousse_fawofield\" >Construction des cadres pour mousse fawofield<\/a><\/li><li class='ez-toc-page-1 ez-toc-heading-level-2'><a class=\"ez-toc-link ez-toc-heading-11\" href=\"https:\/\/tacarc.org\/info\/amenagement-du-terrain-des-etroits\/#Annexe_1_projet_1_de_parcours_abandonne_7_axes_de_tir\" >Annexe 1: projet 1 de parcours abandonn\u00e9 (7 axes de tir)<\/a><\/li><li class='ez-toc-page-1 ez-toc-heading-level-2'><a class=\"ez-toc-link ez-toc-heading-12\" href=\"https:\/\/tacarc.org\/info\/amenagement-du-terrain-des-etroits\/#Annexe_2_Projet_2_de_parcours_avec_pas_de_tir_N%C2%B06_descendant_abandonne\" >Annexe 2: Projet 2 de parcours avec pas de tir N\u00b06 descendant (abandonn\u00e9)<\/a><\/li><li class='ez-toc-page-1 ez-toc-heading-level-2'><a class=\"ez-toc-link ez-toc-heading-13\" href=\"https:\/\/tacarc.org\/info\/amenagement-du-terrain-des-etroits\/#Aerotram\" >A\u00e9rotram<\/a><ul class='ez-toc-list-level-3' ><li class='ez-toc-heading-level-3'><a class=\"ez-toc-link ez-toc-heading-14\" href=\"https:\/\/tacarc.org\/info\/amenagement-du-terrain-des-etroits\/#Terrain_de_parcours_des_Etroits\" >Terrain de parcours des Etroits<\/a><\/li><\/ul><\/li><\/ul><\/nav><\/div>\n<h1>TACARC.org<\/h1>\n<ol>\n<li style=\"text-align: right;\"><a href=\"#initiation\">Initiation<\/a><\/li>\n<li style=\"text-align: right;\"><a href=\"#materiel\">Mat\u00e9riel <\/a><\/li>\n<li style=\"text-align: right;\"><a href=\"#arbitrage\">Arbitrage <\/a><\/li>\n<li style=\"text-align: right;\"><a href=\"#historique\">Historique <\/a><\/li>\n<li style=\"text-align: right;\"><a href=\"#parcours\">Parcours des Etroits <\/a><\/li>\n<li style=\"text-align: right;\"><a href=\"#plan\">Pages du site TACARC <\/a><\/li>\n<\/ol>\n<ul><li><a href='https:\/\/tacarc.org\/info\/passage-fleches\/'>passage de fl\u00e8ches<\/a><\/li><li><a href='https:\/\/tacarc.org\/info\/meilleurs-voeux-2026\/'>Meilleurs voeux 2026<\/a><\/li><li><a href='https:\/\/tacarc.org\/info\/rentree-2025-2026\/'>Rentr\u00e9e 2025-2026<\/a><\/li><li><a href='https:\/\/tacarc.org\/info\/maillot-tac-2025\/'>Maillot TAC 2025<\/a><\/li><li><a href='https:\/\/tacarc.org\/info\/rentree\/'>Rentr\u00e9e<\/a><\/li><li><a href='https:\/\/tacarc.org\/info\/calendrier-2022\/'>Calendrier 2022<\/a><\/li><li><a href='https:\/\/tacarc.org\/info\/rentree-2022-2023\/'>Rentr\u00e9e 2022-2023<\/a><\/li><li><a href='https:\/\/tacarc.org\/info\/henri-dedieu-champion-nimes-2022\/'>Henri DEDIEU m\u00e9daille d'or en arc nu au tournoi international de N\u00eemes 2022<\/a><\/li><li><a href='https:\/\/tacarc.org\/info\/saison-2021-2022\/'>saison 2021-2022<\/a><\/li><li><a href='https:\/\/tacarc.org\/info\/challenge-entrainement\/'>Challenge d'entra\u00eenement<\/a><\/li><li><a href='https:\/\/tacarc.org\/info\/reprise-des-tirs-exterieurs\/'>reprise des tirs ext\u00e9rieurs<\/a><\/li><li><a href='https:\/\/tacarc.org\/info\/telepherique-teleo\/'>T\u00e9l\u00e9ph\u00e9rique T\u00e9l\u00e9o<\/a><\/li><li><a href='https:\/\/tacarc.org\/info\/rentree-2021\/'>rentr\u00e9e 2020-2021<\/a><\/li><li><a href='https:\/\/tacarc.org\/info\/le-sport-est-un-jeu-qui-apprend-a-survivre-ensemble\/'>Le sport est un jeu qui apprend \u00e0 survivre, ensemble.<\/a><\/li><li><a href='https:\/\/tacarc.org\/info\/precision-et-score\/'>Pr\u00e9cision et score<\/a><\/li><li><a href='https:\/\/tacarc.org\/info\/licence-ffta-dematerialisee\/'>Licence FFTA d\u00e9mat\u00e9rialis\u00e9e<\/a><\/li><li><a href='https:\/\/tacarc.org\/info\/reglage-viseur-apres-deux-dereglages\/'>R\u00e9glage viseur apr\u00e8s deux d\u00e9r\u00e9glages<\/a><\/li><li><a href='https:\/\/tacarc.org\/info\/la-tenue-de-larcher-tir-exterieur-et-parcours\/'>La tenue de l'archer - tir ext\u00e9rieur et parcours<\/a><\/li><li><a href='https:\/\/tacarc.org\/info\/la-methode-federale-en-route-pour-la-performance\/'>La m\u00e9thode f\u00e9d\u00e9rale, en route pour la performance<\/a><\/li><li><a href='https:\/\/tacarc.org\/info\/montage-de-fleches\/'>Montage de fl\u00e8ches<\/a><\/li><li><a href='https:\/\/tacarc.org\/info\/planning-initiation-2013-2014\/'>Planning Initiation 2013-2014<\/a><\/li><li><a href='https:\/\/tacarc.org\/info\/materiel-a-vendre-petites-annonces\/'>Mat\u00e9riel \u00e0 vendre - petites annonces<\/a><\/li><li><a href='https:\/\/tacarc.org\/info\/sante-et-tir-a-larc-dopage\/'>Sant\u00e9 et Tir \u00e0 l'arc, dopage<\/a><\/li><li><a href='https:\/\/tacarc.org\/info\/petite-histoire-des-maillots-et-logo-du-tac\/'>petite histoire des maillots et logo du TAC<\/a><\/li><li><a href='https:\/\/tacarc.org\/info\/petite-histoire-du-tacarc-org\/'>petite histoire du www.tacarc.org<\/a><\/li><li><a href='https:\/\/tacarc.org\/info\/histoire-du-tac-tir-a-larc\/'>Histoire du TAC Tir \u00e0 l'Arc<\/a><\/li><li><a href='https:\/\/tacarc.org\/info\/toulouse-en-bref\/'>Toulouse en bref...<\/a><\/li><li><a href='https:\/\/tacarc.org\/info\/tac-comite-2014\/'>Prot\u00e9g\u00e9\u00a0: TAC comit\u00e9 2014<\/a><\/li><li><a href='https:\/\/tacarc.org\/info\/defi-super-5\/'>Parcours des Etroits: D\u00e9fi Super 5<\/a><\/li><li><a href='https:\/\/tacarc.org\/info\/terrain-des-etroits-parcours\/'>Terrain des Etroits : parcours, cibles<\/a><\/li><li><a href='https:\/\/tacarc.org\/info\/amenagement-du-terrain-des-etroits\/'>Terrain des Etroits : historique de l'am\u00e9nagement<\/a><\/li><li><a href='https:\/\/tacarc.org\/info\/conformite-du-materiel\/'>Conformit\u00e9 du mat\u00e9riel<\/a><\/li><li><a href='https:\/\/tacarc.org\/info\/securite-lors-dun-concours\/'>s\u00e9curit\u00e9 lors d'un concours<\/a><\/li><li><a href='https:\/\/tacarc.org\/info\/concours-ffta\/'>Concours FFTA<\/a><\/li><li><a href='https:\/\/tacarc.org\/info\/arbitre-ffta\/'>Arbitre FFTA<\/a><\/li><li><a href='https:\/\/tacarc.org\/info\/concours-salle-tac-19-20-janvier-2013\/'>concours salle TAC 19-20 janvier 2013<\/a><\/li><li><a href='https:\/\/tacarc.org\/info\/tac-repas-de-club-samedi-19-janvier-2013-20h00\/'>TAC repas de club samedi 19 janvier 2013 20h00<\/a><\/li><li><a href='https:\/\/tacarc.org\/info\/performance-archery-english\/'>Performance Archery (English)<\/a><\/li><li><a href='https:\/\/tacarc.org\/info\/une-methode-pour-monter-les-plumes-spin-wing-avec-une-empenneuse\/'>Une m\u00e9thode pour monter les plumes SPIN-WING avec une empenneuse<\/a><\/li><li><a href='https:\/\/tacarc.org\/info\/maillot-tac-arc-2013\/'>Maillot du TAC tir \u00e0 l'arc 2013<\/a><\/li><li><a href='https:\/\/tacarc.org\/info\/acquisition-materiel-intiation\/'>Initiation et mat\u00e9riel d'archerie - les \u00e9tapes d'int\u00e9gration au TAC<\/a><\/li><li><a href='https:\/\/tacarc.org\/info\/videos-technique\/'>Vid\u00e9os - technique<\/a><\/li><li><a href='https:\/\/tacarc.org\/info\/video\/'>Vid\u00e9o de championnats et jeux olympiques<\/a><\/li><li><a href='https:\/\/tacarc.org\/info\/liens-utiles\/'>Liens utiles<\/a><\/li><li><a href='https:\/\/tacarc.org\/info\/archerie-conseils\/'>Archerie: conseils FFTA et \u00e9cole de tir<\/a><\/li><li><a href='https:\/\/tacarc.org\/info\/courriels-sur-tacarc-org\/'>Prot\u00e9g\u00e9\u00a0: Courriels sur @tacarc.org<\/a><\/li><li><a href='https:\/\/tacarc.org\/info\/inscription-sur-liste-de-diffusion-du-tac\/'>Inscription sur liste de diffusion du TAC<\/a><\/li><li><a href='https:\/\/tacarc.org\/info\/inauguration-du-terrain-de-pech-david-24-novembre-2007\/'>Inauguration du  terrain de Pech-David 24 novembre 2007<\/a><\/li><\/ul>\n<p><a name=\"initiation\"><\/a><\/p>\n<h3>Initiation<\/h3>\n<ul><li><a href='https:\/\/tacarc.org\/info\/precision-et-score\/'>Pr\u00e9cision et score<\/a><\/li><li><a href='https:\/\/tacarc.org\/info\/planning-initiation-2013-2014\/'>Planning Initiation 2013-2014<\/a><\/li><li><a href='https:\/\/tacarc.org\/info\/maillot-tac-arc-2013\/'>Maillot du TAC tir \u00e0 l'arc 2013<\/a><\/li><li><a href='https:\/\/tacarc.org\/info\/acquisition-materiel-intiation\/'>Initiation et mat\u00e9riel d'archerie - les \u00e9tapes d'int\u00e9gration au TAC<\/a><\/li><li><a href='https:\/\/tacarc.org\/info\/videos-technique\/'>Vid\u00e9os - technique<\/a><\/li><li><a href='https:\/\/tacarc.org\/info\/liens-utiles\/'>Liens utiles<\/a><\/li><\/ul>\n<p><a name=\"materiel\"><\/a><\/p>\n<h3>Mat\u00e9riel<\/h3>\n<ul><li><a href='https:\/\/tacarc.org\/info\/reglage-viseur-apres-deux-dereglages\/'>R\u00e9glage viseur apr\u00e8s deux d\u00e9r\u00e9glages<\/a><\/li><li><a href='https:\/\/tacarc.org\/info\/la-tenue-de-larcher-tir-exterieur-et-parcours\/'>La tenue de l'archer - tir ext\u00e9rieur et parcours<\/a><\/li><li><a href='https:\/\/tacarc.org\/info\/montage-de-fleches\/'>Montage de fl\u00e8ches<\/a><\/li><li><a href='https:\/\/tacarc.org\/info\/materiel-a-vendre-petites-annonces\/'>Mat\u00e9riel \u00e0 vendre - petites annonces<\/a><\/li><li><a href='https:\/\/tacarc.org\/info\/conformite-du-materiel\/'>Conformit\u00e9 du mat\u00e9riel<\/a><\/li><li><a href='https:\/\/tacarc.org\/info\/performance-archery-english\/'>Performance Archery (English)<\/a><\/li><li><a href='https:\/\/tacarc.org\/info\/une-methode-pour-monter-les-plumes-spin-wing-avec-une-empenneuse\/'>Une m\u00e9thode pour monter les plumes SPIN-WING avec une empenneuse<\/a><\/li><li><a href='https:\/\/tacarc.org\/info\/maillot-tac-arc-2013\/'>Maillot du TAC tir \u00e0 l'arc 2013<\/a><\/li><li><a href='https:\/\/tacarc.org\/info\/acquisition-materiel-intiation\/'>Initiation et mat\u00e9riel d'archerie - les \u00e9tapes d'int\u00e9gration au TAC<\/a><\/li><li><a href='https:\/\/tacarc.org\/info\/videos-technique\/'>Vid\u00e9os - technique<\/a><\/li><li><a href='https:\/\/tacarc.org\/info\/liens-utiles\/'>Liens utiles<\/a><\/li><\/ul>\n<p><a name=\"arbitrage\"><\/a><\/p>\n<h3>Arbitrage FFTA<\/h3>\n<ul><li><a href='https:\/\/tacarc.org\/info\/sante-et-tir-a-larc-dopage\/'>Sant\u00e9 et Tir \u00e0 l'arc, dopage<\/a><\/li><li><a href='https:\/\/tacarc.org\/info\/conformite-du-materiel\/'>Conformit\u00e9 du mat\u00e9riel<\/a><\/li><li><a href='https:\/\/tacarc.org\/info\/securite-lors-dun-concours\/'>s\u00e9curit\u00e9 lors d'un concours<\/a><\/li><li><a href='https:\/\/tacarc.org\/info\/concours-ffta\/'>Concours FFTA<\/a><\/li><li><a href='https:\/\/tacarc.org\/info\/arbitre-ffta\/'>Arbitre FFTA<\/a><\/li><li><a href='https:\/\/tacarc.org\/info\/archerie-conseils\/'>Archerie: conseils FFTA et \u00e9cole de tir<\/a><\/li><\/ul>\n<p><a name=\"historique\"><\/a><\/p>\n<h3>\u00a0Historique du club<\/h3>\n<ul><li><a href='https:\/\/tacarc.org\/info\/petite-histoire-des-maillots-et-logo-du-tac\/'>petite histoire des maillots et logo du TAC<\/a><\/li><li><a href='https:\/\/tacarc.org\/info\/petite-histoire-du-tacarc-org\/'>petite histoire du www.tacarc.org<\/a><\/li><li><a href='https:\/\/tacarc.org\/info\/histoire-du-tac-tir-a-larc\/'>Histoire du TAC Tir \u00e0 l'Arc<\/a><\/li><li><a href='https:\/\/tacarc.org\/info\/toulouse-en-bref\/'>Toulouse en bref...<\/a><\/li><\/ul>\n<p><a name=\"parcours\"><\/a><\/p>\n<h3>\u00a0Terrain de parcours des Etroits<\/h3>\n<ul><li><a href='https:\/\/tacarc.org\/info\/la-tenue-de-larcher-tir-exterieur-et-parcours\/'>La tenue de l'archer - tir ext\u00e9rieur et parcours<\/a><\/li><li><a href='https:\/\/tacarc.org\/info\/defi-super-5\/'>Parcours des Etroits: D\u00e9fi Super 5<\/a><\/li><li><a href='https:\/\/tacarc.org\/info\/terrain-des-etroits-parcours\/'>Terrain des Etroits : parcours, cibles<\/a><\/li><li><a href='https:\/\/tacarc.org\/info\/amenagement-du-terrain-des-etroits\/'>Terrain des Etroits : historique de l'am\u00e9nagement<\/a><\/li><\/ul>\n<p><a name=\"plan\"><\/a><br \/>\n<div class=\"manage-page\"><ul class=\"page\"><h3>Pages<\/h3><li class=\"page_item page-item-1892\"><a href=\"https:\/\/tacarc.org\/info\/\">accueil<\/a><\/li>\n<li class=\"page_item page-item-2271\"><a href=\"https:\/\/tacarc.org\/info\/competition\/\">Comp\u00e9tition<\/a><\/li>\n<li class=\"page_item page-item-2068\"><a href=\"https:\/\/tacarc.org\/info\/contact\/\">contact<\/a><\/li>\n<li class=\"page_item page-item-2015\"><a href=\"https:\/\/tacarc.org\/info\/cotisations\/\">Cotisations<\/a><\/li>\n<li class=\"page_item page-item-986\"><a href=\"https:\/\/tacarc.org\/info\/gymnase-de-gironis\/\">Gymnase de Gironis<\/a><\/li>\n<li class=\"page_item page-item-2371\"><a href=\"https:\/\/tacarc.org\/info\/inscription\/\">Inscription<\/a><\/li>\n<li class=\"page_item page-item-2193\"><a href=\"https:\/\/tacarc.org\/info\/liens\/\">liens utiles<\/a><\/li>\n<li class=\"page_item page-item-2432\"><a href=\"https:\/\/tacarc.org\/info\/newsletter\/\">Newsletter<\/a><\/li>\n<li class=\"page_item page-item-1943\"><a href=\"https:\/\/tacarc.org\/info\/reservation-de-pas-de-tir\/\">R\u00e9servation de pas de tir<\/a><\/li>\n<li class=\"page_item page-item-1656\"><a href=\"https:\/\/tacarc.org\/info\/stade-robert-barran\/\">Stade Robert Barran<\/a><\/li>\n<li class=\"page_item page-item-2238\"><a href=\"https:\/\/tacarc.org\/info\/tir-du-roy\/\">Tir du Roy<\/a><\/li>\n<li class=\"page_item page-item-2 page_item_has_children\"><a href=\"https:\/\/tacarc.org\/info\/club\/\">Le club TAC<\/a>\n<ul class='children'>\n\t<li class=\"page_item page-item-36\"><a href=\"https:\/\/tacarc.org\/info\/club\/agenda-du-tac\/\">Agenda du TAC<\/a><\/li>\n\t<li class=\"page_item page-item-14\"><a href=\"https:\/\/tacarc.org\/info\/club\/bienvenu\/\">Comment d\u00e9marrer au TAC<\/a><\/li>\n\t<li class=\"page_item page-item-1807\"><a href=\"https:\/\/tacarc.org\/info\/club\/newsletter\/\">Newsletter<\/a><\/li>\n\t<li class=\"page_item page-item-2804\"><a href=\"https:\/\/tacarc.org\/info\/club\/palmares\/\">Palmar\u00e8s du TAC<\/a><\/li>\n\t<li class=\"page_item page-item-667 page_item_has_children\"><a href=\"https:\/\/tacarc.org\/info\/club\/tac-gestion-du-club\/\">TAC - gestion du club<\/a>\n\t<ul class='children'>\n\t\t<li class=\"page_item page-item-1767\"><a href=\"https:\/\/tacarc.org\/info\/club\/tac-gestion-du-club\/projet-de-club\/\">projet de club<\/a><\/li>\n\t<\/ul>\n<\/li>\n\t<li class=\"page_item page-item-652\"><a href=\"https:\/\/tacarc.org\/info\/club\/tac-reglement-interieur\/\">TAC - r\u00e8glement int\u00e9rieur<\/a><\/li>\n\t<li class=\"page_item page-item-645\"><a href=\"https:\/\/tacarc.org\/info\/club\/tac-statuts\/\">TAC - statuts<\/a><\/li>\n\t<li class=\"page_item page-item-882\"><a href=\"https:\/\/tacarc.org\/info\/club\/plan-liste-des-articles-du-site\/\">Liste des articles du site<\/a><\/li>\n<\/ul>\n<\/li>\n<li class=\"page_item page-item-242 page_item_has_children\"><a href=\"https:\/\/tacarc.org\/info\/tir\/\">Les tirs au TAC<\/a>\n<ul class='children'>\n\t<li class=\"page_item page-item-1511\"><a href=\"https:\/\/tacarc.org\/info\/tir\/tir-dendurance\/\">Tir d'endurance<\/a><\/li>\n<\/ul>\n<\/li>\n<li class=\"page_item page-item-1002\"><a href=\"https:\/\/tacarc.org\/info\/terrain-de-pech-david\/\">Terrain de Pech-David<\/a><\/li>\n<li class=\"page_item page-item-1018 page_item_has_children\"><a href=\"https:\/\/tacarc.org\/info\/archerie\/\">Archerie<\/a>\n<ul class='children'>\n\t<li class=\"page_item page-item-2177\"><a href=\"https:\/\/tacarc.org\/info\/archerie\/le-meilleur-du-pire\/\">le meilleur du pire<\/a><\/li>\n\t<li class=\"page_item page-item-1354\"><a href=\"https:\/\/tacarc.org\/info\/archerie\/lexique-archerie\/\">Lexique archerie<\/a><\/li>\n\t<li class=\"page_item page-item-1344\"><a href=\"https:\/\/tacarc.org\/info\/archerie\/reglage-du-materiel\/\">R\u00e9glage du mat\u00e9riel<\/a><\/li>\n\t<li class=\"page_item page-item-2173\"><a href=\"https:\/\/tacarc.org\/info\/archerie\/securite\/\">S\u00e9curit\u00e9<\/a><\/li>\n\t<li class=\"page_item page-item-1365\"><a href=\"https:\/\/tacarc.org\/info\/archerie\/techniques-des-archers\/\">Techniques des archers<\/a><\/li>\n<\/ul>\n<\/li>\n<li class=\"page_item page-item-1011\"><a href=\"https:\/\/tacarc.org\/info\/parcours-des-etroits\/\">Parcours des Etroits<\/a><\/li>\n<li class=\"page_item page-item-461 page_item_has_children\"><a href=\"https:\/\/tacarc.org\/info\/arbitrage\/\">S\u00e9curit\u00e9 - Arbitrage<\/a>\n<ul class='children'>\n\t<li class=\"page_item page-item-1112\"><a href=\"https:\/\/tacarc.org\/info\/arbitrage\/calendrier-des-concours\/\">Calendrier des concours<\/a><\/li>\n<\/ul>\n<\/li>\n<li class=\"page_item page-item-683\"><a href=\"https:\/\/tacarc.org\/info\/tac-comite\/\">TAC comit\u00e9<\/a><\/li>\n<\/ul><\/div><\/p>\n<div class=\"manage-cat\"><ul class=\"cat\"><h3>Category<\/h3>\t<li class=\"cat-item cat-item-3\"><a href=\"https:\/\/tacarc.org\/info\/category\/archerie\/\">Archerie<\/a>\n<ul class='children'>\n\t<li class=\"cat-item cat-item-45\"><a href=\"https:\/\/tacarc.org\/info\/category\/archerie\/arbitrage\/\">arbitrage<\/a>\n<\/li>\n\t<li class=\"cat-item cat-item-23\"><a href=\"https:\/\/tacarc.org\/info\/category\/archerie\/conseil-archerie\/\">conseils<\/a>\n<\/li>\n\t<li class=\"cat-item cat-item-22\"><a href=\"https:\/\/tacarc.org\/info\/category\/archerie\/matereil\/\">mat\u00e9riel<\/a>\n<\/li>\n\t<li class=\"cat-item cat-item-12\"><a href=\"https:\/\/tacarc.org\/info\/category\/archerie\/video\/\">video<\/a>\n<\/li>\n<\/ul>\n<\/li>\n\t<li class=\"cat-item cat-item-44\"><a href=\"https:\/\/tacarc.org\/info\/category\/tac\/\">TAC<\/a>\n<ul class='children'>\n\t<li class=\"cat-item cat-item-37\"><a href=\"https:\/\/tacarc.org\/info\/category\/tac\/tac-initiation\/\">TAC Initiation<\/a>\n<\/li>\n\t<li class=\"cat-item cat-item-15\"><a href=\"https:\/\/tacarc.org\/info\/category\/tac\/tac-membres\/\">TAC membres<\/a>\n<\/li>\n\t<li class=\"cat-item cat-item-18\"><a href=\"https:\/\/tacarc.org\/info\/category\/tac\/tac-terrain\/\">TAC terrain<\/a>\n<\/li>\n<\/ul>\n<\/li>\n<\/ul><\/div>\n","protected":false},"excerpt":{"rendered":"<p>TACARC.org Initiation Mat\u00e9riel Arbitrage Historique Parcours des Etroits Pages du site TACARC Initiation Mat\u00e9riel Arbitrage FFTA \u00a0Historique du club \u00a0Terrain de parcours des Etroits<\/p>\n","protected":false},"author":2,"featured_media":0,"parent":2,"menu_order":1,"comment_status":"closed","ping_status":"open","template":"","meta":{"footnotes":""},"class_list":["post-882","page","type-page","status-publish","hentry"],"jetpack_sharing_enabled":true,"_links":{"self":[{"href":"https:\/\/tacarc.org\/info\/wp-json\/wp\/v2\/pages\/882","targetHints":{"allow":["GET"]}}],"collection":[{"href":"https:\/\/tacarc.org\/info\/wp-json\/wp\/v2\/pages"}],"about":[{"href":"https:\/\/tacarc.org\/info\/wp-json\/wp\/v2\/types\/page"}],"author":[{"embeddable":true,"href":"https:\/\/tacarc.org\/info\/wp-json\/wp\/v2\/users\/2"}],"replies":[{"embeddable":true,"href":"https:\/\/tacarc.org\/info\/wp-json\/wp\/v2\/comments?post=882"}],"version-history":[{"count":0,"href":"https:\/\/tacarc.org\/info\/wp-json\/wp\/v2\/pages\/882\/revisions"}],"up":[{"embeddable":true,"href":"https:\/\/tacarc.org\/info\/wp-json\/wp\/v2\/pages\/2"}],"wp:attachment":[{"href":"https:\/\/tacarc.org\/info\/wp-json\/wp\/v2\/media?parent=882"}],"curies":[{"name":"wp","href":"https:\/\/api.w.org\/{rel}","templated":true}]}}