
{"id":667,"date":"2013-07-30T11:35:08","date_gmt":"2013-07-30T09:35:08","guid":{"rendered":"http:\/\/tacarc.org\/info\/?page_id=667"},"modified":"2025-10-03T16:17:00","modified_gmt":"2025-10-03T14:17:00","slug":"tac-gestion-du-club","status":"publish","type":"page","link":"https:\/\/tacarc.org\/info\/club\/tac-gestion-du-club\/","title":{"rendered":"TAC - gestion du club"},"content":{"rendered":"<div id=\"ez-toc-container\" class=\"ez-toc-v2_0_80 counter-hierarchy ez-toc-counter ez-toc-grey ez-toc-container-direction\">\n<div class=\"ez-toc-title-container\">\n<p class=\"ez-toc-title\" style=\"cursor:inherit\">Sommaire<\/p>\n<span class=\"ez-toc-title-toggle\"><a href=\"#\" class=\"ez-toc-pull-right ez-toc-btn ez-toc-btn-xs ez-toc-btn-default ez-toc-toggle\" aria-label=\"Toggle Table of Content\"><span class=\"ez-toc-js-icon-con\"><span class=\"\"><span class=\"eztoc-hide\" style=\"display:none;\">Toggle<\/span><span class=\"ez-toc-icon-toggle-span\"><svg style=\"fill: #999;color:#999\" xmlns=\"http:\/\/www.w3.org\/2000\/svg\" class=\"list-377408\" width=\"20px\" height=\"20px\" viewBox=\"0 0 24 24\" fill=\"none\"><path d=\"M6 6H4v2h2V6zm14 0H8v2h12V6zM4 11h2v2H4v-2zm16 0H8v2h12v-2zM4 16h2v2H4v-2zm16 0H8v2h12v-2z\" fill=\"currentColor\"><\/path><\/svg><svg style=\"fill: #999;color:#999\" class=\"arrow-unsorted-368013\" xmlns=\"http:\/\/www.w3.org\/2000\/svg\" width=\"10px\" height=\"10px\" viewBox=\"0 0 24 24\" version=\"1.2\" baseProfile=\"tiny\"><path d=\"M18.2 9.3l-6.2-6.3-6.2 6.3c-.2.2-.3.4-.3.7s.1.5.3.7c.2.2.4.3.7.3h11c.3 0 .5-.1.7-.3.2-.2.3-.5.3-.7s-.1-.5-.3-.7zM5.8 14.7l6.2 6.3 6.2-6.3c.2-.2.3-.5.3-.7s-.1-.5-.3-.7c-.2-.2-.4-.3-.7-.3h-11c-.3 0-.5.1-.7.3-.2.2-.3.5-.3.7s.1.5.3.7z\"\/><\/svg><\/span><\/span><\/span><\/a><\/span><\/div>\n<nav><ul class='ez-toc-list ez-toc-list-level-1 ' ><li class='ez-toc-page-1 ez-toc-heading-level-1'><a class=\"ez-toc-link ez-toc-heading-1\" href=\"https:\/\/tacarc.org\/info\/club\/tac-gestion-du-club\/#Association\" >Association<\/a><\/li><li class='ez-toc-page-1 ez-toc-heading-level-1'><a class=\"ez-toc-link ez-toc-heading-2\" href=\"https:\/\/tacarc.org\/info\/club\/tac-gestion-du-club\/#Comite_directeur\" >Comit\u00e9 directeur<\/a><\/li><li class='ez-toc-page-1 ez-toc-heading-level-1'><a class=\"ez-toc-link ez-toc-heading-3\" href=\"https:\/\/tacarc.org\/info\/club\/tac-gestion-du-club\/#Bureau\" >Bureau<\/a><\/li><li class='ez-toc-page-1 ez-toc-heading-level-1'><a class=\"ez-toc-link ez-toc-heading-4\" href=\"https:\/\/tacarc.org\/info\/club\/tac-gestion-du-club\/#Commissions\" >Commissions<\/a><\/li><li class='ez-toc-page-1 ez-toc-heading-level-1'><a class=\"ez-toc-link ez-toc-heading-5\" href=\"https:\/\/tacarc.org\/info\/club\/tac-gestion-du-club\/#Formation\" >Formation<\/a><\/li><li class='ez-toc-page-1 ez-toc-heading-level-1'><a class=\"ez-toc-link ez-toc-heading-6\" href=\"https:\/\/tacarc.org\/info\/club\/tac-gestion-du-club\/#Visio-conference\" >Visio-conf\u00e9rence<\/a><\/li><\/ul><\/nav><\/div>\n<h1><span class=\"ez-toc-section\" id=\"Association\"><\/span>Association<span class=\"ez-toc-section-end\"><\/span><\/h1>\n<table>\n<tbody>\n<tr>\n<td>raison sociale<br \/>\n<strong>Toulouse Athl\u00e9tic Club Tir \u00e0 l'arc<br \/>\n<\/strong>chez Pierre PERUZZETTO<br \/>\n11 rue Gaston Phoebus<br \/>\n31300 Toulouse<br \/>\ntel: 05 62 26 06 06<br \/>\nfax: 09 72 15 24 55<br \/>\ncontact@tacarc.org<br \/>\nvisio-conf\u00e9rence<br \/>\n<a href=\"https:\/\/meet.jit.si\/TacarcComite\">https:\/\/meet.jit.si\/TacarcComite<\/a><\/td>\n<td>Association loi 1901<br \/>\nN\u00b0 dossier N\u00b0 W313003058 (3\/31086)<br \/>\nsiret 434009874 00018<br \/>\ncode APE 926C, NAF 9312Z<br \/>\naffiliation FFTA 1131081 (ex3231001)<br \/>\navec label Bronze, Argent<br \/>\nJeunesse et sport 2001:<br \/>\n31AS1007<br \/>\nDDCS: 03101ET0078<\/td>\n<\/tr>\n<\/tbody>\n<\/table>\n<div id=\"attachment_41\" style=\"width: 120px\" class=\"wp-caption alignright\"><a title=\" www.tacarc.org\" href=\"http:\/\/www.tacarc.org\/\"><img loading=\"lazy\" decoding=\"async\" aria-describedby=\"caption-attachment-41\" class=\"size-full wp-image-41 \" title=\"www.tacarc.org\" src=\"http:\/\/tacarc.org\/info\/wp-content\/uploads\/2010\/06\/logo_tac_arc.jpg\" alt=\"\" width=\"110\" height=\"99\" \/><\/a><p id=\"caption-attachment-41\" class=\"wp-caption-text\"><a title=\"accueil www.tacarc.org\" href=\"http:\/\/www.tacarc.org\/\">www.tacarc.org<\/a><\/p><\/div>\n<p><em>bureau<\/em><br \/>\npr\u00e9sident: Pierre PERUZZETTO<br \/>\nsecr\u00e9taire: Marie-Blanche GIACUZZO<br \/>\ntr\u00e9sorier: Guillaume ESCANDE<br \/>\n<em>autres membres du comit\u00e9 directeur<\/em><br \/>\nAmandine AUER, Henri DEDIEU, Laurent LE GOFF, C\u00e9dric PAPOT<\/p>\n<p>\u00e9lus en assembl\u00e9e g\u00e9n\u00e9rale du <a href=\"https:\/\/tacarc.org\/info\/event\/assemblee-generale-septembre-2024-tac\/\">10\/09\/2024<\/a>.<\/p>\n<p>Conform\u00e9ment \u00e0 ses <a title=\"TAC - statuts\" href=\"http:\/\/tacarc.org\/info\/?page_id=645\">statuts<\/a>, la gestion de l'association TAC Tir \u00e0 l'Arc est assur\u00e9e par des membres b\u00e9n\u00e9voles. Tout archer du TAC souhaitant aider au fonctionnement du club est le bienvenu. Il s'agit en particulier des participations lors des concours, changement de stramit, tir du Roy.<\/p>\n<p>\"Vous qui, comme moi, \u00eates archers, ne vous demandez pas ce que votre club peut faire pour vous, mais demandez-vous ce que vous pouvez faire pour votre <a title=\"Pour paraphraser le discours inaugural de JF Kennedy\" href=\"http:\/\/fr.wikipedia.org\/wiki\/Discours_inaugural_de_John_Fitzgerald_Kennedy\" target=\"_blank\" rel=\"noopener noreferrer\"> club<\/a>.\"<\/p>\n<p>Car la pratique du tir \u00e0 l'arc sportif est fond\u00e9 sur deux piliers<\/p>\n<ul>\n<li>l'amateurisme, pour nous qui pratiquons ce sport sans en tirer aucun profit p\u00e9cuniaire,<\/li>\n<li>le b\u00e9n\u00e9volat, corollaire de l'amateurisme, en organisant notre activit\u00e9 sportive en restituant selon nos possibilit\u00e9s et talents ce que nous avons re\u00e7u \u00e0 nos d\u00e9buts.<\/li>\n<\/ul>\n<p>Toute victoire sportive, comme conqu\u00eate de l'inutile, est un d\u00e9passement de soi-m\u00eame et a la valeur du chemin parcouru et partag\u00e9 avec ceux qui contribu\u00e9 \u00e0 cette progression.<\/p>\n<p><a name=\"comite\"><\/a><\/p>\n<h1><span class=\"ez-toc-section\" id=\"Comite_directeur\"><\/span>Comit\u00e9 directeur<span class=\"ez-toc-section-end\"><\/span><\/h1>\n<p>Les membres du club r\u00e9guli\u00e8rement pr\u00e9sents lors des entra\u00eenements peuvent s'impliquer plus activement dans la vie du club en se portant volontaire dans le <a title=\"TAC - statuts, comit\u00e9 directeur\" href=\"https:\/\/tacarc.org\/info\/club\/tac-statuts\/#comite\">comit\u00e9 directeur<\/a> dont les fonctions au sein du comit\u00e9 sont d\u00e9finies par le <a href=\"https:\/\/tacarc.org\/info\/club\/tac-reglement-interieur\/\">r\u00e8glement int\u00e9rieur<\/a> du TAC.<\/p>\n<p>Les membres du comit\u00e9 indiquent leur \u00e9tat civil\u00a0 savoir:<\/p>\n<ul>\n<li>nom<\/li>\n<li>pr\u00e9nom<\/li>\n<li>date de naissance<\/li>\n<li>lieu de naissance<\/li>\n<li>nationalit\u00e9<\/li>\n<li>profession<\/li>\n<li>adresse<\/li>\n<\/ul>\n<p>Apr\u00e8s \u00e9lection du comit\u00e9, ce <a title=\"d\u00e9cret 16 ao\u00fbt 1901\" href=\"http:\/\/legifrance.gouv.fr\/affichTexteArticle.do?idArticle=LEGIARTI000006322183&amp;cidTexte=LEGITEXT000006069620&amp;dateTexte=20090918\" target=\"_blank\" rel=\"noopener noreferrer\">changement<\/a> est transmis \u00e0 la pr\u00e9fecture par le pr\u00e9sident.<br \/>\n<a name=\"bureau\"><\/a><\/p>\n<h1><span class=\"ez-toc-section\" id=\"Bureau\"><\/span>Bureau<span class=\"ez-toc-section-end\"><\/span><\/h1>\n<p>Le comit\u00e9 directeur \u00e9lit en son sein<\/p>\n<ul>\n<li>le <a title=\"TAC - pr\u00e9sident, r\u00e8glement int\u00e9rieur\" href=\"https:\/\/tacarc.org\/info\/club\/tac-reglement-interieur\/#president\">pr\u00e9sident<\/a><\/li>\n<li>le <a title=\"TAC - secr\u00e9taire, r\u00e8glement int\u00e9rieur\" href=\"http:\/\/tacarc.org\/info\/?page_id=652#secretaire\">secr\u00e9taire<\/a><\/li>\n<li>le <a title=\"TAC - tr\u00e9sorier, r\u00e8glement int\u00e9rieur\" href=\"http:\/\/tacarc.org\/info\/?page_id=652#tresorier\">tr\u00e9sorier<\/a><\/li>\n<\/ul>\n<p><a name=\"commissions\"><\/a><\/p>\n<h1><span class=\"ez-toc-section\" id=\"Commissions\"><\/span>Commissions<span class=\"ez-toc-section-end\"><\/span><\/h1>\n<p>Les responsables des commissions assurent le suivi de fonctions sp\u00e9cifiques d\u00e9finies dans le r\u00e8glement int\u00e9rieur:<\/p>\n<ul>\n<li><a title=\"TAC - commission technique\" href=\"http:\/\/tacarc.org\/info\/?page_id=652#technique\">technique<\/a>: documentation technique de l'association<\/li>\n<li><a title=\"TAC - commission mat\u00e9riel\" href=\"http:\/\/tacarc.org\/info\/?page_id=652#materiel\">mat\u00e9riel<\/a>: maintenance du mat\u00e9riel\u00a0et de l'\u00e9quipement collectif<\/li>\n<li><a title=\"TAC - commission subvention\" href=\"http:\/\/tacarc.org\/info\/?page_id=652#subvention\">subvention<\/a>: suivi et du montage des dossiers de demande de subventions, sponsors<\/li>\n<li><a title=\"TAC - commission jeune\" href=\"http:\/\/tacarc.org\/info\/?page_id=652#jeune\">jeune<\/a>: mise en place de l'initiation<\/li>\n<\/ul>\n<p>+\u00a0 en compl\u00e9ment des fonctions d\u00e9finies dans le r\u00e8glement int\u00e9rieur \u00e9tabli en 2000:<\/p>\n<ul>\n<li><strong>Internet<\/strong>: communication interne du club (courriels, agenda) et externe (site Internet, facebook, WordPress)<\/li>\n<li><strong>arbitrage<\/strong>: le manuel de l'arbitre de la FFTA expliqu\u00e9 aux archers<\/li>\n<li><strong>comp\u00e9tition<\/strong>: \u00e9mulation des archers d\u00e9butants pour l'acc\u00e8s aux concours, suivi des comp\u00e9titeurs et r\u00e9sultats sportifs<\/li>\n<\/ul>\n<h1><span class=\"ez-toc-section\" id=\"Formation\"><\/span>Formation<span class=\"ez-toc-section-end\"><\/span><\/h1>\n<p>Le club favorise la progression des membres passionn\u00e9s de tir \u00e0 l'arc pour les formations<\/p>\n<ul>\n<li><strong>entraineur<\/strong>: stages au sein de l'<a title=\"formation d'entra\u00eeneur\" href=\"https:\/\/arc-occitanie.fr\/formation\/\" target=\"_blank\" rel=\"noopener noreferrer\">Equipe Technique R\u00e9gionale Midi-Pyr\u00e9n\u00e9es<\/a><\/li>\n<li><strong>arbitre<\/strong>: <a title=\"Arbitre FFTA\" href=\"https:\/\/arc-occitanie.fr\/arbitrage\/devenir-arbitre\/\" target=\"_blank\" rel=\"noopener noreferrer\">candidat arbitre <\/a><\/li>\n<\/ul>\n<h1><span class=\"ez-toc-section\" id=\"Visio-conference\"><\/span>Visio-conf\u00e9rence<span class=\"ez-toc-section-end\"><\/span><\/h1>\n<p>Une salle de visio-conf\u00e9rence est disponible pour des r\u00e9unions du Toulouse TAC sur<\/p>\n<p><a href=\"https:\/\/meet.jit.si\/TacArcToulouse\">https:\/\/meet.jit.si\/TacArcToulouse<\/a><\/p>\n<p>obsol\u00e8te:<\/p>\n<p><a href=\"https:\/\/teams.microsoft.com\/l\/meetup-join\/19%3ameeting_ZjVmYjY5ZjAtZTA3ZC00NWExLWEzNTQtNmFhMDMzMTQxYzNl%40thread.v2\/0?context=%7b%22Tid%22%3a%22bf247b7f-5606-4c74-a621-a596f78b3ee7%22%2c%22Oid%22%3a%22a40bdf23-2627-4e69-9ea4-cc384aaf4a00%22%7d\">teams<\/a>.<\/p>\n<p><a href=\"https:\/\/teams.microsoft.com\/l\/meetup-join\/19%3ameeting_ZjVmYjY5ZjAtZTA3ZC00NWExLWEzNTQtNmFhMDMzMTQxYzNl%40thread.v2\/0?context=%7b%22Tid%22%3a%22bf247b7f-5606-4c74-a621-a596f78b3ee7%22%2c%22Oid%22%3a%22a40bdf23-2627-4e69-9ea4-cc384aaf4a00%22%7d\">https:\/\/teams.microsoft.com\/l\/meetup-join\/19%3ameeting_ZjVmYjY5ZjAtZTA3ZC00NWExLWEzNTQtNmFhMDMzMTQxYzNl%40thread.v2\/0?context=%7b%22Tid%22%3a%22bf247b7f-5606-4c74-a621-a596f78b3ee7%22%2c%22Oid%22%3a%22a40bdf23-2627-4e69-9ea4-cc384aaf4a00%22%7d<\/a><\/p>\n<p>&nbsp;<\/p>\n","protected":false},"excerpt":{"rendered":"<p>Association raison sociale Toulouse Athl\u00e9tic Club Tir \u00e0 l'arc chez Pierre PERUZZETTO 11 rue Gaston Phoebus 31300 Toulouse tel: 05 62 26 06 06 fax: 09 72 15 24 55 contact@tacarc.org visio-conf\u00e9rence https:\/\/meet.jit.si\/TacarcComite Association loi 1901 N\u00b0 dossier N\u00b0 W313003058 &hellip; <a href=\"https:\/\/tacarc.org\/info\/club\/tac-gestion-du-club\/\">Continuer la lecture <span class=\"meta-nav\">&rarr;<\/span><\/a><\/p>\n","protected":false},"author":2,"featured_media":833,"parent":2,"menu_order":0,"comment_status":"closed","ping_status":"open","template":"","meta":{"footnotes":""},"class_list":["post-667","page","type-page","status-publish","has-post-thumbnail","hentry"],"jetpack_sharing_enabled":true,"_links":{"self":[{"href":"https:\/\/tacarc.org\/info\/wp-json\/wp\/v2\/pages\/667","targetHints":{"allow":["GET"]}}],"collection":[{"href":"https:\/\/tacarc.org\/info\/wp-json\/wp\/v2\/pages"}],"about":[{"href":"https:\/\/tacarc.org\/info\/wp-json\/wp\/v2\/types\/page"}],"author":[{"embeddable":true,"href":"https:\/\/tacarc.org\/info\/wp-json\/wp\/v2\/users\/2"}],"replies":[{"embeddable":true,"href":"https:\/\/tacarc.org\/info\/wp-json\/wp\/v2\/comments?post=667"}],"version-history":[{"count":0,"href":"https:\/\/tacarc.org\/info\/wp-json\/wp\/v2\/pages\/667\/revisions"}],"up":[{"embeddable":true,"href":"https:\/\/tacarc.org\/info\/wp-json\/wp\/v2\/pages\/2"}],"wp:featuredmedia":[{"embeddable":true,"href":"https:\/\/tacarc.org\/info\/wp-json\/wp\/v2\/media\/833"}],"wp:attachment":[{"href":"https:\/\/tacarc.org\/info\/wp-json\/wp\/v2\/media?parent=667"}],"curies":[{"name":"wp","href":"https:\/\/api.w.org\/{rel}","templated":true}]}}