
{"id":652,"date":"2013-07-17T17:06:42","date_gmt":"2013-07-17T15:06:42","guid":{"rendered":"http:\/\/tacarc.org\/info\/?page_id=652"},"modified":"2025-06-21T06:00:45","modified_gmt":"2025-06-21T04:00:45","slug":"tac-reglement-interieur","status":"publish","type":"page","link":"https:\/\/tacarc.org\/info\/club\/tac-reglement-interieur\/","title":{"rendered":"TAC - r\u00e8glement int\u00e9rieur"},"content":{"rendered":"<div id=\"ez-toc-container\" class=\"ez-toc-v2_0_80 counter-hierarchy ez-toc-counter ez-toc-grey ez-toc-container-direction\">\n<div class=\"ez-toc-title-container\">\n<p class=\"ez-toc-title\" style=\"cursor:inherit\">Sommaire<\/p>\n<span class=\"ez-toc-title-toggle\"><a href=\"#\" class=\"ez-toc-pull-right ez-toc-btn ez-toc-btn-xs ez-toc-btn-default ez-toc-toggle\" aria-label=\"Toggle Table of Content\"><span class=\"ez-toc-js-icon-con\"><span class=\"\"><span class=\"eztoc-hide\" style=\"display:none;\">Toggle<\/span><span class=\"ez-toc-icon-toggle-span\"><svg style=\"fill: #999;color:#999\" xmlns=\"http:\/\/www.w3.org\/2000\/svg\" class=\"list-377408\" width=\"20px\" height=\"20px\" viewBox=\"0 0 24 24\" fill=\"none\"><path d=\"M6 6H4v2h2V6zm14 0H8v2h12V6zM4 11h2v2H4v-2zm16 0H8v2h12v-2zM4 16h2v2H4v-2zm16 0H8v2h12v-2z\" fill=\"currentColor\"><\/path><\/svg><svg style=\"fill: #999;color:#999\" class=\"arrow-unsorted-368013\" xmlns=\"http:\/\/www.w3.org\/2000\/svg\" width=\"10px\" height=\"10px\" viewBox=\"0 0 24 24\" version=\"1.2\" baseProfile=\"tiny\"><path d=\"M18.2 9.3l-6.2-6.3-6.2 6.3c-.2.2-.3.4-.3.7s.1.5.3.7c.2.2.4.3.7.3h11c.3 0 .5-.1.7-.3.2-.2.3-.5.3-.7s-.1-.5-.3-.7zM5.8 14.7l6.2 6.3 6.2-6.3c.2-.2.3-.5.3-.7s-.1-.5-.3-.7c-.2-.2-.4-.3-.7-.3h-11c-.3 0-.5.1-.7.3-.2.2-.3.5-.3.7s.1.5.3.7z\"\/><\/svg><\/span><\/span><\/span><\/a><\/span><\/div>\n<nav><ul class='ez-toc-list ez-toc-list-level-1 ' ><li class='ez-toc-page-1 ez-toc-heading-level-1'><a class=\"ez-toc-link ez-toc-heading-1\" href=\"https:\/\/tacarc.org\/info\/club\/tac-reglement-interieur\/#1_COMITE_DIRECTEUR\" >1 COMIT\u00c9 DIRECTEUR<\/a><\/li><li class='ez-toc-page-1 ez-toc-heading-level-1'><a class=\"ez-toc-link ez-toc-heading-2\" href=\"https:\/\/tacarc.org\/info\/club\/tac-reglement-interieur\/#2_ASSEMBLEE_GENERALE\" >2 ASSEMBLEE GENERALE<\/a><\/li><li class='ez-toc-page-1 ez-toc-heading-level-1'><a class=\"ez-toc-link ez-toc-heading-3\" href=\"https:\/\/tacarc.org\/info\/club\/tac-reglement-interieur\/#3_LES_COMMISSIONS_DU_COMITE_DIRECTEUR\" >3 LES COMMISSIONS DU COMIT\u00c9 DIRECTEUR<\/a><\/li><li class='ez-toc-page-1 ez-toc-heading-level-1'><a class=\"ez-toc-link ez-toc-heading-4\" href=\"https:\/\/tacarc.org\/info\/club\/tac-reglement-interieur\/#4_ROLES_ET_FONCTIONS_DES_MEMBRES_DU_COMITE_DIRECTEUR\" >4 R\u00d4LES ET FONCTIONS DES MEMBRES DU COMITE DIRECTEUR<\/a><ul class='ez-toc-list-level-2' ><li class='ez-toc-heading-level-2'><a class=\"ez-toc-link ez-toc-heading-5\" href=\"https:\/\/tacarc.org\/info\/club\/tac-reglement-interieur\/#41_LE_PRESIDENT\" >4.1\u00a0LE PR\u00c9SIDENT<\/a><\/li><li class='ez-toc-page-1 ez-toc-heading-level-2'><a class=\"ez-toc-link ez-toc-heading-6\" href=\"https:\/\/tacarc.org\/info\/club\/tac-reglement-interieur\/#42_LE_SECRETAIRE\" >4.2 LE SECR\u00c9TAIRE<\/a><\/li><li class='ez-toc-page-1 ez-toc-heading-level-2'><a class=\"ez-toc-link ez-toc-heading-7\" href=\"https:\/\/tacarc.org\/info\/club\/tac-reglement-interieur\/#43_LE_TRESORIER\" >4.3 LE TR\u00c9SORIER<\/a><\/li><li class='ez-toc-page-1 ez-toc-heading-level-2'><a class=\"ez-toc-link ez-toc-heading-8\" href=\"https:\/\/tacarc.org\/info\/club\/tac-reglement-interieur\/#44_RESPONSABLE_DE_LA_COMMISSION_TECHNIQUE\" >4.4\u00a0RESPONSABLE DE LA COMMISSION TECHNIQUE<\/a><\/li><li class='ez-toc-page-1 ez-toc-heading-level-2'><a class=\"ez-toc-link ez-toc-heading-9\" href=\"https:\/\/tacarc.org\/info\/club\/tac-reglement-interieur\/#45_RESPONSABLE_DE_LA_COMMISSION_MATERIEL\" >4.5\u00a0RESPONSABLE DE LA COMMISSION MATERIEL<\/a><\/li><li class='ez-toc-page-1 ez-toc-heading-level-2'><a class=\"ez-toc-link ez-toc-heading-10\" href=\"https:\/\/tacarc.org\/info\/club\/tac-reglement-interieur\/#46_RESPONSABLE_DE_LA_COMMISSION_SUBVENTION\" >4.6 RESPONSABLE DE LA COMMISSION SUBVENTION<\/a><\/li><li class='ez-toc-page-1 ez-toc-heading-level-2'><a class=\"ez-toc-link ez-toc-heading-11\" href=\"https:\/\/tacarc.org\/info\/club\/tac-reglement-interieur\/#47_RESPONSABLE_DE_LA_COMMISSION_JEUNE\" >4.7 RESPONSABLE DE LA COMMISSION JEUNE<\/a><\/li><\/ul><\/li><li class='ez-toc-page-1 ez-toc-heading-level-1'><a class=\"ez-toc-link ez-toc-heading-12\" href=\"https:\/\/tacarc.org\/info\/club\/tac-reglement-interieur\/#5_CONDITIONS_DUTILISATION_DU_MATERIEL_ET_DES_LOCAUX\" >5 CONDITIONS D&rsquo;UTILISATION DU MATERIEL ET DES LOCAUX<\/a><\/li><li class='ez-toc-page-1 ez-toc-heading-level-1'><a class=\"ez-toc-link ez-toc-heading-13\" href=\"https:\/\/tacarc.org\/info\/club\/tac-reglement-interieur\/#6_SANCTIONS_DISCIPLINAIRES\" >6 SANCTIONS DISCIPLINAIRES<\/a><\/li><li class='ez-toc-page-1 ez-toc-heading-level-1'><a class=\"ez-toc-link ez-toc-heading-14\" href=\"https:\/\/tacarc.org\/info\/club\/tac-reglement-interieur\/#Convention_de_remboursement_des_frais_dengagement_des_archers\" >Convention de remboursement des frais d&rsquo;engagement des archers<\/a><\/li><\/ul><\/nav><\/div>\n<p><i>NB: la pratique du tir sur le terrain des Etroits est r\u00e9gi par un <a title=\"tir sur le parcours des Etroits\" href=\"http:\/\/www.tacarc.org\/asso\/etroits.htm#reglement\">r\u00e8glement int\u00e9rieur compl\u00e9mentaire<\/a>.<\/i><\/p>\n<h1><span class=\"ez-toc-section\" id=\"1_COMITE_DIRECTEUR\"><\/span>1 COMIT\u00c9 DIRECTEUR<span class=\"ez-toc-section-end\"><\/span><\/h1>\n<div id=\"attachment_41\" style=\"width: 120px\" class=\"wp-caption alignright\"><a title=\" www.tacarc.org\" href=\"http:\/\/www.tacarc.org\/\"><img loading=\"lazy\" decoding=\"async\" aria-describedby=\"caption-attachment-41\" class=\"size-full wp-image-41 \" title=\"www.tacarc.org\" src=\"http:\/\/tacarc.org\/info\/wp-content\/uploads\/2010\/06\/logo_tac_arc.jpg\" alt=\"\" width=\"110\" height=\"99\" \/><\/a><p id=\"caption-attachment-41\" class=\"wp-caption-text\"><a title=\"accueil www.tacarc.org\" href=\"http:\/\/www.tacarc.org\/\">www.tacarc.org<\/a><\/p><\/div>\n<p>Le Comit\u00e9 directeur est compos\u00e9\u00a0de neuf membres \u00e9lus pour 4 ans, \u00e0 savoir\u00a0:<\/p>\n<ul>\n<li>le Pr\u00e9sident, le Secr\u00e9taire, le Secr\u00e9taire adjoint, le Tr\u00e9sorier, le Tr\u00e9sorier adjoint.<\/li>\n<\/ul>\n<ul>\n<li>Ainsi que des responsables de la commission technique, de la commission mat\u00e9riel de la commission subvention et de la commission jeune.<\/li>\n<\/ul>\n<p>En sus des charges qui lui sont naturellement d\u00e9volues le Comit\u00e9 Directeur organise annuellement deux r\u00e9unions amicales au sein du club\u00a0:<\/p>\n<ul>\n<li>Le Tir du Capitaine en fin de saison d'hiver<\/li>\n<\/ul>\n<ul>\n<li>Le Tir du Roy durant l'\u00e9t\u00e9<\/li>\n<\/ul>\n<h1><span class=\"ez-toc-section\" id=\"2_ASSEMBLEE_GENERALE\"><\/span>2 ASSEMBLEE GENERALE<span class=\"ez-toc-section-end\"><\/span><\/h1>\n<p>Elle se r\u00e9unit au moins une fois par an en d\u00e9but de saison sportive, c'est \u00e0 dire en septembre ou au plus tard dans les premiers jours d'octobre.<\/p>\n<h1><span class=\"ez-toc-section\" id=\"3_LES_COMMISSIONS_DU_COMITE_DIRECTEUR\"><\/span>3 LES COMMISSIONS DU COMIT\u00c9 DIRECTEUR<span class=\"ez-toc-section-end\"><\/span><\/h1>\n<p>Elles ont un r\u00f4le de consultations, d'\u00e9tudes, et de propositions.<\/p>\n<p>Les commissions sont de deux types :<\/p>\n<p>&nbsp;<\/p>\n<ul>\n<li>Commissions sp\u00e9cialis\u00e9es pr\u00e9vues par le Comit\u00e9 Directeur ou son bureau, destin\u00e9es \u00e0 fonctionner pendant toute la dur\u00e9e du mandat du Comit\u00e9 Directeur.<\/li>\n<\/ul>\n<ul>\n<li>Commissions de travail cr\u00e9\u00e9es en cours de mandat par le bureau du Comit\u00e9 Directeur, destin\u00e9es \u00e0 fonctionner pendant une dur\u00e9e fix\u00e9e par le bureau du Comit\u00e9 Directeur.<\/li>\n<\/ul>\n<p>En cours de mandat, le bureau du Comit\u00e9 Directeur peut-\u00eatre amen\u00e9 \u00e0 proposer la cr\u00e9ation de commissions de travail destin\u00e9es \u00e0 prendre en charge des probl\u00e8mes ne pouvant \u00eatre \u00e9tudi\u00e9s par les commissions d\u00e9j\u00e0 en place.<\/p>\n<h1><span class=\"ez-toc-section\" id=\"4_ROLES_ET_FONCTIONS_DES_MEMBRES_DU_COMITE_DIRECTEUR\"><\/span>4 R\u00d4LES ET FONCTIONS DES MEMBRES DU COMITE DIRECTEUR<span class=\"ez-toc-section-end\"><\/span><\/h1>\n<p><a name=\"president\"><\/a><\/p>\n<h2><span class=\"ez-toc-section\" id=\"41_LE_PRESIDENT\"><\/span>4.1\u00a0LE PR\u00c9SIDENT<span class=\"ez-toc-section-end\"><\/span><\/h2>\n<p>Le pr\u00e9sident est charg\u00e9 d'ex\u00e9cuter les d\u00e9cisions du bureau et d'assurer le bon fonctionnement de l'association. Il repr\u00e9sente l'association dans tous les actes de la vie civile.\u00a0 Il a notamment qualit\u00e9 pour agir en justice comme d\u00e9fendeur au nom de l'association et comme demandeur avec l'autorisation du Comit\u00e9 Directeur.\u00a0 Il peut former, dans les m\u00eames conditions, tous appels et pourvois. Il ne peut transiger qu'avec l'autorisation du Comit\u00e9 Directeur.<\/p>\n<p>Le pr\u00e9sident convoque les assembl\u00e9es g\u00e9n\u00e9rales, le Comit\u00e9 Directeur et le bureau. Il pr\u00e9side toutes les assembl\u00e9es.\u00a0 En cas d'absence ou de maladie, il est remplac\u00e9 par un des membres du bureau qu'il aura d\u00e9sign\u00e9 \u00e0 cet effet.<\/p>\n<p>Il fait ouvrir et fonctionner au nom de l'association, aupr\u00e8s de toute banque ou tout \u00e9tablissement de cr\u00e9dit, tout compte de d\u00e9p\u00f4t ou compte courant. Il cr\u00e9e, signe accepte, endosse et acquitte tout ch\u00e8que et ordre de virement pour le fonctionnement des comptes.<\/p>\n<p>Il peut d\u00e9l\u00e9guer provisoirement \u00e0 un autre membre, \u00e0 un permanent de l'association ou toute personne qu'il jugera utile, certains des pouvoirs ci-dessus \u00e9nonc\u00e9s.<\/p>\n<p>Toutefois, la repr\u00e9sentation de l'association en justice, \u00e0 d\u00e9faut du pr\u00e9sident, ne peut \u00eatre assur\u00e9e que par un mandataire agissant en vertu d'un pouvoir sp\u00e9cial.<\/p>\n<p><a name=\"secretaire\"><\/a><\/p>\n<h2><span class=\"ez-toc-section\" id=\"42_LE_SECRETAIRE\"><\/span>4.2 LE SECR\u00c9TAIRE<span class=\"ez-toc-section-end\"><\/span><\/h2>\n<p>Le secr\u00e9taire est charg\u00e9 de tout ce qui concerne la correspondance et les archives.\u00a0 Il r\u00e9dige les proc\u00e8s-verbaux de r\u00e9unions des assembl\u00e9es, du Comit\u00e9 Directeur, du bureau et en g\u00e9n\u00e9ral, toutes les \u00e9critures concernant le fonctionnement de l'association, \u00e0 l'exception de celles qui concernent la comptabilit\u00e9.\u00a0 Il tient le registre sp\u00e9cial pr\u00e9vu par l'<a href=\"http:\/\/www.legifrance.gouv.fr\/affichTexteArticle.do?idArticle=LEGIARTI000006294257&amp;cidTexte=LEGITEXT000006069570&amp;dateTexte=vig#article%205%20loi%201er%20juillet%201901\" target=\"_blank\" rel=\"noopener\">article 5 de la loi du 1- juillet 1901<\/a>, et les <a title=\"article 6, d\u00e9cret 16 ao\u00fbt 1901\" href=\"http:\/\/www.legifrance.gouv.fr\/affichTexteArticle.do;jsessionid=9F34AC493C7B1F0C93A60FF7844B31C5.tpdjo03v_3?idArticle=LEGIARTI000006322216&amp;cidTexte=LEGITEXT000006069620&amp;dateTexte=20130717\" target=\"_blank\" rel=\"noopener\">articles 6<\/a> et <a title=\"article 31 du d\u00e9cret du 16 ao\u00fbt 1901\" href=\"http:\/\/www.legifrance.gouv.fr\/affichTexteArticle.do;jsessionid=9F34AC493C7B1F0C93A60FF7844B31C5.tpdjo03v_3?idArticle=LEGIARTI000025165667&amp;cidTexte=LEGITEXT000006069620&amp;dateTexte=20130717\" target=\"_blank\" rel=\"noopener\">31 du d\u00e9cret du 16 ao\u00fbt 1901<\/a>.\u00a0 Il assure l'ex\u00e9cution des <a title=\"d\u00e9cret 16 ao\u00fbt 1901 - formalit\u00e9s de d\u00e9clarations \u00e0 la pr\u00e9fecture\" href=\"http:\/\/legifrance.gouv.fr\/affichTexteArticle.do?idArticle=LEGIARTI000006322183&amp;cidTexte=LEGITEXT000006069620&amp;dateTexte=20090918\" target=\"_blank\" rel=\"noopener\">formalit\u00e9s<\/a> prescrites par lesdits articles.<\/p>\n<p><a name=\"tresorier\"><\/a><\/p>\n<h2><span class=\"ez-toc-section\" id=\"43_LE_TRESORIER\"><\/span>4.3 LE TR\u00c9SORIER<span class=\"ez-toc-section-end\"><\/span><\/h2>\n<p>Le tr\u00e9sorier est charg\u00e9 de la gestion de l'association, per\u00e7oit les recettes, effectue les paiements, sous le contr\u00f4le du pr\u00e9sident.\u00a0 Il tient une comptabilit\u00e9 r\u00e9guli\u00e8re de toutes les op\u00e9rations et rend compte \u00e0 l'assembl\u00e9e g\u00e9n\u00e9rale qui statue sur la gestion.<\/p>\n<p>Il fait ouvrir et fonctionner au nom de l'association, aupr\u00e8s de toute banque ou tout \u00e9tablissement de cr\u00e9dit, tout compte de d\u00e9p\u00f4t ou compte courant. Il cr\u00e9e, signe, accepte, endosse et acquitte tout ch\u00e8que et ordre de virement pour le fonctionnement des comptes.<br \/>\n<a name=\"technique\"><\/a><\/p>\n<h2><span class=\"ez-toc-section\" id=\"44_RESPONSABLE_DE_LA_COMMISSION_TECHNIQUE\"><\/span>4.4\u00a0RESPONSABLE DE LA COMMISSION TECHNIQUE<span class=\"ez-toc-section-end\"><\/span><\/h2>\n<p>Il est charg\u00e9 de la veille technologique en ce qui concerne l'\u00e9volution du mat\u00e9riel. Il est responsable de la documentation technique de l'association.<\/p>\n<p>Il a la charge de l'organisation de l'information et des formations internes en ce qui concerne le r\u00e9glage et la maintenance du mat\u00e9riel de tir.<br \/>\n<a name=\"materiel\"><\/a><\/p>\n<h2><span class=\"ez-toc-section\" id=\"45_RESPONSABLE_DE_LA_COMMISSION_MATERIEL\"><\/span>4.5\u00a0RESPONSABLE DE LA COMMISSION MATERIEL<span class=\"ez-toc-section-end\"><\/span><\/h2>\n<p>Il est charg\u00e9 de pr\u00e9voir la maintenance du mat\u00e9riel\u00a0et de l'\u00e9quipement collectif.<\/p>\n<p>Il s'assure de l'\u00e9tat des stocks\u00a0: Blasons,\u00a0 fl\u00e8ches utilis\u00e9es par les d\u00e9butants, mat\u00e9riels financ\u00e9s par le club pour l'acc\u00e8s \u00e0 la comp\u00e9tition de haut niveau.<br \/>\n<a name=\"subvention\"><\/a><\/p>\n<h2><span class=\"ez-toc-section\" id=\"46_RESPONSABLE_DE_LA_COMMISSION_SUBVENTION\"><\/span>4.6 RESPONSABLE DE LA COMMISSION SUBVENTION<span class=\"ez-toc-section-end\"><\/span><\/h2>\n<p>Il est responsable\u00a0:<\/p>\n<ul>\n<li>du suivi et du montage des dossiers de demande de subventions<\/li>\n<\/ul>\n<ul>\n<li>de la recherche de sponsors.<\/li>\n<\/ul>\n<p><a name=\"jeune\"><\/a><\/p>\n<h2><span class=\"ez-toc-section\" id=\"47_RESPONSABLE_DE_LA_COMMISSION_JEUNE\"><\/span>4.7 RESPONSABLE DE LA COMMISSION JEUNE<span class=\"ez-toc-section-end\"><\/span><\/h2>\n<p>Il est charg\u00e9 de la mise en place de l'initiation, de l'organisation des contr\u00f4les de niveaux et des examens de progression. Il d\u00e9livre les passeports et les valide par d\u00e9l\u00e9gation du pr\u00e9sident.<\/p>\n<p>Il favorise l'acc\u00e8s \u00e0 la comp\u00e9tition des jeunes tireurs.<\/p>\n<p>&nbsp;<\/p>\n<h1><span class=\"ez-toc-section\" id=\"5_CONDITIONS_DUTILISATION_DU_MATERIEL_ET_DES_LOCAUX\"><\/span>5 CONDITIONS D&rsquo;UTILISATION DU MATERIEL ET DES LOCAUX<span class=\"ez-toc-section-end\"><\/span><\/h1>\n<p>Les membres de l'association s'engagent \u00e0 utiliser le mat\u00e9riel de tir dans des conditions optimales de s\u00e9curit\u00e9 pour les tireurs et pour le public.<\/p>\n<p>A partir de 20 tireurs pr\u00e9sents simultan\u00e9ment sur le pas de tir, \u00ab\u00a0un commissaire au tir\u00a0\u00bb sera d\u00e9sign\u00e9 par roulement. Il aura la charge de veiller \u00e0 la s\u00e9curit\u00e9 des tireurs en commandant la s\u00e9quence de tir.<\/p>\n<p>Sur le pas de tir ext\u00e9rieur, les tireurs doivent fermer \u00e0 cl\u00e9 le portillon d'acc\u00e8s avant le d\u00e9but des tirs.<\/p>\n<p>La vigilance de tous est requise pour l'enseignement des r\u00e8gles \u00e9l\u00e9mentaires de s\u00e9curit\u00e9 aux jeunes tireurs.<\/p>\n<p>Le mat\u00e9riel doit \u00eatre rang\u00e9 et les locaux maintenus en parfait \u00e9tat. Tout mat\u00e9riel dont l'\u00e9tat semble d\u00e9fectueux doit \u00eatre signal\u00e9 au(x) responsable(s).<\/p>\n<p>Apr\u00e8s utilisation les placards et les locaux doivent \u00eatre ferm\u00e9s \u00e0 cl\u00e9s.<\/p>\n<p>Les horaires d'utilisation de la salle sont accord\u00e9s pour l'ann\u00e9e par les services municipaux. Ces horaires sont affich\u00e9s sur le tableau \u00e0 l'entr\u00e9e de la salle. <b>Ils<\/b> <b>doivent \u00eatre respect\u00e9s<\/b> par tous.<\/p>\n<p>&nbsp;<\/p>\n<h1><span class=\"ez-toc-section\" id=\"6_SANCTIONS_DISCIPLINAIRES\"><\/span>6 SANCTIONS DISCIPLINAIRES<span class=\"ez-toc-section-end\"><\/span><\/h1>\n<p>Des sanctions pourront \u00eatre appliqu\u00e9es dans les conditions et limites suivantes\u00a0:<\/p>\n<p>&nbsp;<\/p>\n<ul>\n<li>Avertissement oral\u00a0;<\/li>\n<\/ul>\n<ul>\n<li>avertissement \u00e9crit\u00a0;<\/li>\n<\/ul>\n<ul>\n<li>bl\u00e2me \u00e9crit\u00a0;<\/li>\n<\/ul>\n<ul>\n<li>Radiation.<\/li>\n<\/ul>\n<p>La commission de discipline du <b>T.A.C. TIR A L'ARC<\/b> est la seule habilit\u00e9e \u00e0 proposer des sanctions qui seront appliqu\u00e9es par le bureau du Comit\u00e9 Directeur.<\/p>\n<p>R\u00e8glement int\u00e9rieur approuv\u00e9 par l'assembl\u00e9e g\u00e9n\u00e9rale du 28 novembre 2000<\/p>\n<p>Toulouse le 30 novembre 2000<\/p>\n<table>\n<tbody>\n<tr>\n<td>Le Pr\u00e9sident<br \/>\nJean-Jacques POUX<\/td>\n<td>Le Tr\u00e9sorier<br \/>\nBernard PINNA<\/td>\n<td>Le Secr\u00e9taire<br \/>\nAlain SCHMIDT<\/td>\n<\/tr>\n<\/tbody>\n<\/table>\n<p><a name=\"frais\"><\/a><br \/>\n<a name=\"remboursement\"><\/a><\/p>\n<h1><span class=\"ez-toc-section\" id=\"Convention_de_remboursement_des_frais_dengagement_des_archers\"><\/span>Convention de remboursement des frais d&rsquo;engagement des archers<span class=\"ez-toc-section-end\"><\/span><\/h1>\n<p>&nbsp;<\/p>\n<p>Mod\u00e8le de remboursement des frais de la saison \u00e9coul\u00e9e \u00e0 remplir par l'archer comp\u00e9titeur ayant une adh\u00e9sion pleine (paiement de la licence FFTA et part club) pour la saison \u00e9coul\u00e9e et reprenant une licence pour la saison \u00e0 venir en septembre:<\/p>\n<p style=\"text-align: center;\"><em>Mod\u00e8le \u00e0 t\u00e9l\u00e9charger au format Google <a href=\"https:\/\/docs.google.com\/spreadsheets\/d\/19ojVDoDblkjijh_LlcdO-zg1p5d5esH5HmCAMqmWXWg\/edit?usp=sharing\">sheet<\/a>, Excel <a href=\"https:\/\/docs.google.com\/spreadsheets\/d\/e\/2PACX-1vRbDPPs-S5EAc-Bmon5hNffdewJSWs7HwkOhNLbI0UmLcLpPTM0KafaOEsWAY1qDEa-FCMtg43EvswI\/pub?output=xlsx\">xlsx<\/a>, LibreOffice <a href=\"https:\/\/docs.google.com\/spreadsheets\/d\/e\/2PACX-1vRbDPPs-S5EAc-Bmon5hNffdewJSWs7HwkOhNLbI0UmLcLpPTM0KafaOEsWAY1qDEa-FCMtg43EvswI\/pub?output=ods\">ods<\/a>.<\/em><\/p>\n<p><a href=\"https:\/\/tacarc.org\/info\/wp-content\/uploads\/2025\/06\/20241129_convention_remboursement20241129.pdf\" class=\"pdfemb-viewer\" style=\"\" data-width=\"max\" data-height=\"max\" data-toolbar=\"bottom\" data-toolbar-fixed=\"off\">20241129_convention_remboursement20241129<\/a><br \/>\n<a href=\"https:\/\/tacarc.org\/info\/wp-content\/uploads\/2025\/06\/20241129_convention_remboursement20241129.pdf\">PDF<\/a><br \/>\nT\u00e9l\u00e9chargement Google D <a href=\"https:\/\/docs.google.com\/document\/d\/1ciSId-S9CZ3gyLOY-unaVP9xK0k9XzhHDmIkHFLKkjQ\">doc<\/a>, <a href=\"https:\/\/docs.google.com\/document\/d\/1ciSId-S9CZ3gyLOY-unaVP9xK0k9XzhHDmIkHFLKkjQ\/export?format=pdf\">pdf<\/a>.<\/p>\n<p>&nbsp;<\/p>\n","protected":false},"excerpt":{"rendered":"<p>NB: la pratique du tir sur le terrain des Etroits est r\u00e9gi par un r\u00e8glement int\u00e9rieur compl\u00e9mentaire. 1 COMIT\u00c9 DIRECTEUR Le Comit\u00e9 directeur est compos\u00e9\u00a0de neuf membres \u00e9lus pour 4 ans, \u00e0 savoir\u00a0: le Pr\u00e9sident, le Secr\u00e9taire, le Secr\u00e9taire adjoint, &hellip; <a href=\"https:\/\/tacarc.org\/info\/club\/tac-reglement-interieur\/\">Continuer la lecture <span class=\"meta-nav\">&rarr;<\/span><\/a><\/p>\n","protected":false},"author":2,"featured_media":850,"parent":2,"menu_order":0,"comment_status":"closed","ping_status":"open","template":"","meta":{"footnotes":""},"class_list":["post-652","page","type-page","status-publish","has-post-thumbnail","hentry"],"jetpack_sharing_enabled":true,"_links":{"self":[{"href":"https:\/\/tacarc.org\/info\/wp-json\/wp\/v2\/pages\/652","targetHints":{"allow":["GET"]}}],"collection":[{"href":"https:\/\/tacarc.org\/info\/wp-json\/wp\/v2\/pages"}],"about":[{"href":"https:\/\/tacarc.org\/info\/wp-json\/wp\/v2\/types\/page"}],"author":[{"embeddable":true,"href":"https:\/\/tacarc.org\/info\/wp-json\/wp\/v2\/users\/2"}],"replies":[{"embeddable":true,"href":"https:\/\/tacarc.org\/info\/wp-json\/wp\/v2\/comments?post=652"}],"version-history":[{"count":0,"href":"https:\/\/tacarc.org\/info\/wp-json\/wp\/v2\/pages\/652\/revisions"}],"up":[{"embeddable":true,"href":"https:\/\/tacarc.org\/info\/wp-json\/wp\/v2\/pages\/2"}],"wp:featuredmedia":[{"embeddable":true,"href":"https:\/\/tacarc.org\/info\/wp-json\/wp\/v2\/media\/850"}],"wp:attachment":[{"href":"https:\/\/tacarc.org\/info\/wp-json\/wp\/v2\/media?parent=652"}],"curies":[{"name":"wp","href":"https:\/\/api.w.org\/{rel}","templated":true}]}}