
{"id":2804,"date":"2022-03-17T07:31:05","date_gmt":"2022-03-17T06:31:05","guid":{"rendered":"https:\/\/tacarc.org\/info\/?page_id=2804"},"modified":"2022-10-28T09:09:26","modified_gmt":"2022-10-28T07:09:26","slug":"palmares","status":"publish","type":"page","link":"https:\/\/tacarc.org\/info\/club\/palmares\/","title":{"rendered":"Palmar\u00e8s du TAC"},"content":{"rendered":"<div id=\"ez-toc-container\" class=\"ez-toc-v2_0_80 counter-hierarchy ez-toc-counter ez-toc-grey ez-toc-container-direction\">\n<div class=\"ez-toc-title-container\">\n<p class=\"ez-toc-title\" style=\"cursor:inherit\">Sommaire<\/p>\n<span class=\"ez-toc-title-toggle\"><a href=\"#\" class=\"ez-toc-pull-right ez-toc-btn ez-toc-btn-xs ez-toc-btn-default ez-toc-toggle\" aria-label=\"Toggle Table of Content\"><span class=\"ez-toc-js-icon-con\"><span class=\"\"><span class=\"eztoc-hide\" style=\"display:none;\">Toggle<\/span><span class=\"ez-toc-icon-toggle-span\"><svg style=\"fill: #999;color:#999\" xmlns=\"http:\/\/www.w3.org\/2000\/svg\" class=\"list-377408\" width=\"20px\" height=\"20px\" viewBox=\"0 0 24 24\" fill=\"none\"><path d=\"M6 6H4v2h2V6zm14 0H8v2h12V6zM4 11h2v2H4v-2zm16 0H8v2h12v-2zM4 16h2v2H4v-2zm16 0H8v2h12v-2z\" fill=\"currentColor\"><\/path><\/svg><svg style=\"fill: #999;color:#999\" class=\"arrow-unsorted-368013\" xmlns=\"http:\/\/www.w3.org\/2000\/svg\" width=\"10px\" height=\"10px\" viewBox=\"0 0 24 24\" version=\"1.2\" baseProfile=\"tiny\"><path d=\"M18.2 9.3l-6.2-6.3-6.2 6.3c-.2.2-.3.4-.3.7s.1.5.3.7c.2.2.4.3.7.3h11c.3 0 .5-.1.7-.3.2-.2.3-.5.3-.7s-.1-.5-.3-.7zM5.8 14.7l6.2 6.3 6.2-6.3c.2-.2.3-.5.3-.7s-.1-.5-.3-.7c-.2-.2-.4-.3-.7-.3h-11c-.3 0-.5.1-.7.3-.2.2-.3.5-.3.7s.1.5.3.7z\"\/><\/svg><\/span><\/span><\/span><\/a><\/span><\/div>\n<nav><ul class='ez-toc-list ez-toc-list-level-1 ' ><li class='ez-toc-page-1 ez-toc-heading-level-1'><a class=\"ez-toc-link ez-toc-heading-1\" href=\"https:\/\/tacarc.org\/info\/club\/palmares\/#2022\" >2022<\/a><ul class='ez-toc-list-level-2' ><li class='ez-toc-heading-level-2'><a class=\"ez-toc-link ez-toc-heading-2\" href=\"https:\/\/tacarc.org\/info\/club\/palmares\/#Henri_DEDIEU_medaille_dor_en_arc_nu_SHBB_au_tournoi_international_de_Nimes_2022\" >Henri DEDIEU m\u00e9daille d&rsquo;or en arc nu SHBB au tournoi international de N\u00eemes 2022<\/a><\/li><\/ul><\/li><li class='ez-toc-page-1 ez-toc-heading-level-1'><a class=\"ez-toc-link ez-toc-heading-3\" href=\"https:\/\/tacarc.org\/info\/club\/palmares\/#2017\" >2017<\/a><ul class='ez-toc-list-level-2' ><li class='ez-toc-heading-level-2'><a class=\"ez-toc-link ez-toc-heading-4\" href=\"https:\/\/tacarc.org\/info\/club\/palmares\/#Pierre_Peruzzetto_champion_de_ligue_en_salle_VHCO_12_fevrier_2017_a_Auch\" >Pierre Peruzzetto champion de ligue en salle VHCO 12 f\u00e9vrier 2017 \u00e0 Auch<\/a><\/li><\/ul><\/li><li class='ez-toc-page-1 ez-toc-heading-level-1'><a class=\"ez-toc-link ez-toc-heading-5\" href=\"https:\/\/tacarc.org\/info\/club\/palmares\/#2006\" >2006<\/a><ul class='ez-toc-list-level-2' ><li class='ez-toc-heading-level-2'><a class=\"ez-toc-link ez-toc-heading-6\" href=\"https:\/\/tacarc.org\/info\/club\/palmares\/#Championnat_de_ligue_2006\" >Championnat de ligue 2006<\/a><\/li><\/ul><\/li><li class='ez-toc-page-1 ez-toc-heading-level-1'><a class=\"ez-toc-link ez-toc-heading-7\" href=\"https:\/\/tacarc.org\/info\/club\/palmares\/#2007\" >2007<\/a><ul class='ez-toc-list-level-2' ><li class='ez-toc-heading-level-2'><a class=\"ez-toc-link ez-toc-heading-8\" href=\"https:\/\/tacarc.org\/info\/club\/palmares\/#Christian_BARTH_vice-champion_de_France_2007\" >Christian BARTH vice-champion de France 2007<\/a><\/li><li class='ez-toc-page-1 ez-toc-heading-level-2'><a class=\"ez-toc-link ez-toc-heading-9\" href=\"https:\/\/tacarc.org\/info\/club\/palmares\/#Championnat_de_France_%E2%80%93_salle_Eaubonne_2006\" >Championnat de France &#8211; salle Eaubonne 2006<\/a><\/li><\/ul><\/li><li class='ez-toc-page-1 ez-toc-heading-level-1'><a class=\"ez-toc-link ez-toc-heading-10\" href=\"https:\/\/tacarc.org\/info\/club\/palmares\/#2005\" >2005<\/a><ul class='ez-toc-list-level-2' ><li class='ez-toc-heading-level-2'><a class=\"ez-toc-link ez-toc-heading-11\" href=\"https:\/\/tacarc.org\/info\/club\/palmares\/#Michel_ZAHONERO_champion_de_France_FITA_VHCO_a_Moliets\" >Michel ZAHONERO champion de France FITA VHCO \u00e0 Moliets<\/a><\/li><\/ul><\/li><li class='ez-toc-page-1 ez-toc-heading-level-1'><a class=\"ez-toc-link ez-toc-heading-12\" href=\"https:\/\/tacarc.org\/info\/club\/palmares\/#2004\" >2004<\/a><ul class='ez-toc-list-level-2' ><li class='ez-toc-heading-level-2'><a class=\"ez-toc-link ez-toc-heading-13\" href=\"https:\/\/tacarc.org\/info\/club\/palmares\/#Christiane_MOREAU\" >Christiane MOREAU<\/a><\/li><\/ul><\/li><\/ul><\/nav><\/div>\n<p>Podium des archers du Toulouse TAC \u00e0 des championnats de tir \u00e0 l'arc.<\/p>\n<h1><span class=\"ez-toc-section\" id=\"2022\"><\/span>2022<span class=\"ez-toc-section-end\"><\/span><\/h1>\n<h2><span class=\"ez-toc-section\" id=\"Henri_DEDIEU_medaille_dor_en_arc_nu_SHBB_au_tournoi_international_de_Nimes_2022\"><\/span><a href=\"https:\/\/tacarc.org\/info\/wp-content\/uploads\/2022\/01\/20220122_Nimes_Henri_Dedieu.jpg\"><img loading=\"lazy\" decoding=\"async\" class=\"size-medium wp-image-2777 alignright\" src=\"https:\/\/tacarc.org\/info\/wp-content\/uploads\/2022\/01\/20220122_Nimes_Henri_Dedieu-257x300.jpg\" alt=\"\" width=\"257\" height=\"300\" srcset=\"https:\/\/tacarc.org\/info\/wp-content\/uploads\/2022\/01\/20220122_Nimes_Henri_Dedieu-257x300.jpg 257w, https:\/\/tacarc.org\/info\/wp-content\/uploads\/2022\/01\/20220122_Nimes_Henri_Dedieu-876x1024.jpg 876w, https:\/\/tacarc.org\/info\/wp-content\/uploads\/2022\/01\/20220122_Nimes_Henri_Dedieu-768x898.jpg 768w, https:\/\/tacarc.org\/info\/wp-content\/uploads\/2022\/01\/20220122_Nimes_Henri_Dedieu-1314x1536.jpg 1314w, https:\/\/tacarc.org\/info\/wp-content\/uploads\/2022\/01\/20220122_Nimes_Henri_Dedieu.jpg 1752w\" sizes=\"auto, (max-width: 257px) 100vw, 257px\" \/><\/a><a href=\"https:\/\/tacarc.org\/info\/henri-dedieu-champion-nimes-2022\/\">Henri DEDIEU<\/a> m\u00e9daille d&rsquo;or en arc nu SHBB au tournoi international de N\u00eemes 2022<span class=\"ez-toc-section-end\"><\/span><\/h2>\n<p>&nbsp;<\/p>\n<p>&nbsp;<\/p>\n<p>&nbsp;<\/p>\n<p>&nbsp;<\/p>\n<p>Henri DEDIEU champion de France FCD (<a href=\"http:\/\/extranet.ffta.fr\/pdfresultats\/2022\/T_0950057_20220617_60344.pdf\">18\/06\/2022<\/a>) en tir ext\u00e9rieur arc nu, participation du championnat de France Campagne Elite individuel (<a href=\"http:\/\/extranet.ffta.fr\/pdfresultats\/2022\/C_0138000_20220806_59324.pdf\">07\/08\/2022<\/a>).<\/p>\n<p>Le club Toulouse TAC est s\u00e9lectionn\u00e9 et participe au championnat de France 3D par <a href=\"https:\/\/www.ffta.fr\/sites\/ffta\/files\/f_selectionnes_equipes_3d_2022.pdf\">\u00e9quipe<\/a> avec Henri, Laurent, Thomas \u00e0 <a href=\"https:\/\/www.ffta.fr\/actualites\/64-equipes-pour-cloturer-la-saison-gramat\">Gramat 24-25\/10\/2022<\/a>.<\/p>\n<p>10 archers comp\u00e9titeurs du Toulouse ont particip\u00e9 \u00e0 70 tirs de concours s\u00e9lectifs pendant la <a href=\"https:\/\/arc-occitanie.fr\/scores\/query.php?discipline=A&amp;arme=AZ&amp;sexe=M&amp;cat=T&amp;crit=3&amp;tmoy=1&amp;equip=0&amp;structure=R11&amp;club=toulouse&amp;option_colonne=0&amp;saison=2022\">saison 2022<\/a>.<\/p>\n<h1><span class=\"ez-toc-section\" id=\"2017\"><\/span>2017<span class=\"ez-toc-section-end\"><\/span><\/h1>\n<h2><span class=\"ez-toc-section\" id=\"Pierre_Peruzzetto_champion_de_ligue_en_salle_VHCO_12_fevrier_2017_a_Auch\"><\/span>Pierre Peruzzetto champion de ligue en salle VHCO <a href=\"https:\/\/www.facebook.com\/media\/set\/?set=a.1292394127494188&amp;type=3\">12 f\u00e9vrier 2017 \u00e0 Auch<\/a><span class=\"ez-toc-section-end\"><\/span><\/h2>\n<hr \/>\n<h1><span class=\"ez-toc-section\" id=\"2006\"><\/span>2006<span class=\"ez-toc-section-end\"><\/span><\/h1>\n<h2><span class=\"ez-toc-section\" id=\"Championnat_de_ligue_2006\"><\/span><a name=\"ligue_2006\"><\/a>Championnat de ligue 2006<span class=\"ez-toc-section-end\"><\/span><\/h2>\n<p>Christiane Championne de ligue v\u00e9t\u00e9ran<br \/>\nChristiane 1ere , individuel en salle v\u00e9t\u00e9ran<br \/>\nBernard Champion de ligue V\u00e9t\u00e9ran<br \/>\nMichel 2eme, individuel en salle super v\u00e9t\u00e9ran<br \/>\nChristian 3eme, individuel en salle super v\u00e9t\u00e9ran<\/p>\n<p><img loading=\"lazy\" decoding=\"async\" src=\"https:\/\/tacarc.org\/images\/championnat_de_ligue_2006.jpg\" alt=\"Championnat de ligue 2006\" width=\"948\" height=\"927\" border=\"0\" \/><\/p>\n<hr \/>\n<h1><span class=\"ez-toc-section\" id=\"2007\"><\/span>2007<span class=\"ez-toc-section-end\"><\/span><\/h1>\n<h2><span class=\"ez-toc-section\" id=\"Christian_BARTH_vice-champion_de_France_2007\"><\/span><a name=\"barth\"><\/a>Christian BARTH vice-champion de France 2007<span class=\"ez-toc-section-end\"><\/span><\/h2>\n<p><a href=\"https:\/\/tacarc.org\/doc\/championnat_france_salle_20070302.pdf\">Championnat de France - salle Brunstatt 2007<\/a><\/p>\n<p><img loading=\"lazy\" decoding=\"async\" src=\"https:\/\/tacarc.org\/images\/christian_championnat_france_salle2007.jpg\" width=\"465\" height=\"640\" border=\"0\" \/><\/p>\n<h2><a name=\"eaubonne_2006\"><\/a>Championnat de France - salle Eaubonne 2006<\/h2>\n<p>m\u00e9daille de bronze au championnat de France, tir en salle, Eaubonne 7 mars 2006<\/p>\n<p><img loading=\"lazy\" decoding=\"async\" title=\"Christian Barth medaille bronze podium championnat de france tir \u00e0 l'arc eaubonne 2006\" src=\"https:\/\/tacarc.org\/images\/championnat_de_france_salle2_eaubonne2006.jpg\" alt=\"Christian Barth medaille bronze podium championnat de france tir \u00e0 l'arc eaubonne 2006\" width=\"612\" height=\"461\" border=\"0\" \/><\/p>\n<p>&nbsp;<\/p>\n<h1><span class=\"ez-toc-section\" id=\"2005\"><\/span>2005<span class=\"ez-toc-section-end\"><\/span><\/h1>\n<div align=\"left\">\n<h2><span class=\"ez-toc-section\" id=\"Michel_ZAHONERO_champion_de_France_FITA_VHCO_a_Moliets\"><\/span><a name=\"michel\"><\/a>Michel ZAHONERO champion de France FITA VHCO \u00e0 Moliets<span class=\"ez-toc-section-end\"><\/span><\/h2>\n<ul>\n<li>R\u00e9sultats : <a href=\"https:\/\/tacarc.org\/doc\/championnat_france_2x70m_20050917.pdf\">Moliets - 2x70m 17.09.2005<\/a><\/li>\n<\/ul>\n<\/div>\n<p align=\"left\"><img loading=\"lazy\" decoding=\"async\" src=\"https:\/\/tacarc.org\/images\/moliets2005\/moliets2005_podium.jpg\" alt=\"Podium Moliets 2005\" width=\"1050\" height=\"788\" border=\"0\" \/><\/p>\n<p align=\"left\"><img loading=\"lazy\" decoding=\"async\" src=\"https:\/\/tacarc.org\/images\/moliets2005\/moliets2005_michel_tir.jpg\" alt=\"Michel - position de tir Moliets 2005\" width=\"803\" height=\"811\" border=\"0\" \/><\/p>\n<p align=\"left\"><img loading=\"lazy\" decoding=\"async\" src=\"https:\/\/tacarc.org\/images\/michel20050625b.jpg\" alt=\"Michel ZAHONERO - tir du Roy 2005\" width=\"633\" height=\"654\" border=\"0\" \/><\/p>\n<h1><span class=\"ez-toc-section\" id=\"2004\"><\/span>2004<span class=\"ez-toc-section-end\"><\/span><\/h1>\n<h2><span class=\"ez-toc-section\" id=\"Christiane_MOREAU\"><\/span><a name=\"christiane\"><\/a>Christiane MOREAU<span class=\"ez-toc-section-end\"><\/span><\/h2>\n<div align=\"left\">\n<ul>\n<li><b>2004: Vice-championne de tir en campagne \u00e0 Champagnac\/ Seignes \u00a07\/8 Ao\u00fbt.<\/b><\/li>\n<li>2006: 8\u00e8me \u00a0au championnat de France 2X70 m v\u00e9t\u00e9rans \u00e0 Ruoms 16\/17 Septembre<\/li>\n<li>2005: 9 \u00e8me au championnat de France v\u00e9t\u00e9ran 2x70 m \u00e0 MOLIETS ( 17\/18 Septembre )<\/li>\n<\/ul>\n<\/div>\n<p align=\"left\"><img loading=\"lazy\" decoding=\"async\" src=\"https:\/\/tacarc.org\/images\/christiane_CF_CHAMPAGNAC_2004_21.jpg\" alt=\"Christiane Championnat de France Champagnac 2004\" width=\"640\" height=\"419\" border=\"0\" \/><\/p>\n<p align=\"left\">\u00a0<img loading=\"lazy\" decoding=\"async\" src=\"https:\/\/tacarc.org\/images\/christiane200050625c.jpg\" alt=\"Christiane MOREAU - tir du Roy 2005\" width=\"730\" height=\"548\" border=\"0\" \/><\/p>\n<p>&nbsp;<\/p>\n","protected":false},"excerpt":{"rendered":"<p>Podium des archers du Toulouse TAC \u00e0 des championnats de tir \u00e0 l'arc. 2022 Henri DEDIEU m\u00e9daille d'or en arc nu SHBB au tournoi international de N\u00eemes 2022 &nbsp; &nbsp; &nbsp; &nbsp; Henri DEDIEU champion de France FCD (18\/06\/2022) en &hellip; <a href=\"https:\/\/tacarc.org\/info\/club\/palmares\/\">Continuer la lecture <span class=\"meta-nav\">&rarr;<\/span><\/a><\/p>\n","protected":false},"author":2,"featured_media":0,"parent":2,"menu_order":0,"comment_status":"closed","ping_status":"closed","template":"","meta":{"footnotes":""},"class_list":["post-2804","page","type-page","status-publish","hentry"],"jetpack_sharing_enabled":true,"_links":{"self":[{"href":"https:\/\/tacarc.org\/info\/wp-json\/wp\/v2\/pages\/2804","targetHints":{"allow":["GET"]}}],"collection":[{"href":"https:\/\/tacarc.org\/info\/wp-json\/wp\/v2\/pages"}],"about":[{"href":"https:\/\/tacarc.org\/info\/wp-json\/wp\/v2\/types\/page"}],"author":[{"embeddable":true,"href":"https:\/\/tacarc.org\/info\/wp-json\/wp\/v2\/users\/2"}],"replies":[{"embeddable":true,"href":"https:\/\/tacarc.org\/info\/wp-json\/wp\/v2\/comments?post=2804"}],"version-history":[{"count":0,"href":"https:\/\/tacarc.org\/info\/wp-json\/wp\/v2\/pages\/2804\/revisions"}],"up":[{"embeddable":true,"href":"https:\/\/tacarc.org\/info\/wp-json\/wp\/v2\/pages\/2"}],"wp:attachment":[{"href":"https:\/\/tacarc.org\/info\/wp-json\/wp\/v2\/media?parent=2804"}],"curies":[{"name":"wp","href":"https:\/\/api.w.org\/{rel}","templated":true}]}}