
{"id":242,"date":"2012-12-07T13:10:04","date_gmt":"2012-12-07T12:10:04","guid":{"rendered":"http:\/\/tacarc.org\/info\/?page_id=242"},"modified":"2021-11-03T07:07:31","modified_gmt":"2021-11-03T06:07:31","slug":"tir","status":"publish","type":"page","link":"https:\/\/tacarc.org\/info\/tir\/","title":{"rendered":"Les tirs au TAC"},"content":{"rendered":"<p>Le club <a title=\"accueil www.tacarc.org\" href=\"http:\/\/www.tacarc.org\/\">TAC ARC<\/a>(Toulouse Athl\u00e9tic Club - Tir \u00e0 l'Arc) vous propose l'entra\u00eenement au tir<\/p>\n<ul>\n<li>en salle dans le <a title=\"Gymnase de Gironis\" href=\"http:\/\/tacarc.org\/info\/?page_id=986\">gymnase Gironis<\/a><\/li>\n<li>sur terrain ext\u00e9rieur \u00e0 <a title=\"Terrain de Pech-David\" href=\"http:\/\/tacarc.org\/info\/?page_id=1002\">Pech-David<\/a><\/li>\n<li>sur parcours aux <a title=\"Parcours des Etroits\" href=\"http:\/\/tacarc.org\/info\/?page_id=1011\">Etroits<\/a>.<\/li>\n<\/ul>\n<p><a name=\"entrainement\"><\/a>Les tirs dans le <a title=\"Gymnase de Gironis\" href=\"http:\/\/tacarc.org\/info\/?page_id=986\" target=\"_blank\" rel=\"noopener noreferrer\">Gymnase de Gironis<\/a>, 35 rue de Gironis, 31100 Toulouse se pratiquent de septembre \u00e0 juin.<\/p>\n<p><strong>initiation <em>et prise des <a href=\"https:\/\/tacarc.org\/info\/cotisations\/\">inscriptions<\/a><\/em><\/strong> dans le gymnase; les d\u00e9butants sont accueillis avec:<\/p>\n<blockquote>\n<ol>\n<li>les \u00e9tapes d'int\u00e9gration pour les <a title=\"Initiation - les \u00e9tapes d'int\u00e9gration au TAC\" href=\"http:\/\/tacarc.org\/info\/?p=71\">d\u00e9butants<\/a><\/li>\n<li>le <a title=\"Planning Initiation 2013-2014\" href=\"http:\/\/tacarc.org\/info\/?p=881\">planning de formation<\/a> pour l'initiation.<\/li>\n<\/ol>\n<\/blockquote>\n<p>Pour les r\u00e9ponses \u00e0 vos questions pour int\u00e9grer le club: <a title=\"Comment d\u00e9marrer au TAC\" href=\"http:\/\/tacarc.org\/info\/?page_id=14\">cliquez ici<\/a>.<\/p>\n<h3><strong><a name=\"Inscriptions\"><\/a>Inscriptions<\/strong><\/h3>\n<p>Les <a title=\"Initiation - les \u00e9tapes d'int\u00e9gration au TAC\" href=\"https:\/\/tacarc.org\/info\/cotisations\/\">adh\u00e9sions<\/a> sont prises chaque ann\u00e9e \u00e0 partir de septembre, dans le gymnase Gironis le mardi soir. L'accueil des nouveaux et l'initiation reprennent le dernier mardi de septembre. Les enfants sont accueillis \u00e0 partir de 12 ans.<\/p>\n<p><strong>documents requis pour une inscription: <\/strong>certificat m\u00e9dical, adresse, listes des parents pour les mineurs, <a title=\"conditions d'inscriptions au TAC\" href=\"https:\/\/tacarc.org\/info\/cotisations\/\">cotisation<\/a><br \/>\nGuillaume ou Laurent, contact@tacarc.org<\/p>\n<p><strong><a title=\"magasins d'archerie \u00e0 Toulouse\" href=\"https:\/\/tacarc.org\/info\/liens-utiles\/#magasins\">Achats<\/a> <\/strong><\/p>\n<p>Les nouveaux adh\u00e9rents peuvent venir essayer la pratique du tir \u00e0 l'arc avec un arc pr\u00eat\u00e9 par le club. Apr\u00e8s quelques s\u00e9ances, <a title=\"Initiation - les \u00e9tapes d'int\u00e9gration au TAC\" href=\"http:\/\/tacarc.org\/info\/?p=71\">l'archer s'\u00e9quipe avec son propre mat\u00e9riel<\/a>.<br \/>\nUn kit d'initiation complet pour arc classique est de l'ordre de 150E incluant: mallette, arc (poign\u00e9e et branches), corde, repose arc, carquois, fl\u00e8ches, palette, prot\u00e8ge bras.<\/p>\n","protected":false},"excerpt":{"rendered":"<p>Le club TAC ARC(Toulouse Athl\u00e9tic Club - Tir \u00e0 l'Arc) vous propose l'entra\u00eenement au tir en salle dans le gymnase Gironis sur terrain ext\u00e9rieur \u00e0 Pech-David sur parcours aux Etroits. Les tirs dans le Gymnase de Gironis, 35 rue de &hellip; <a href=\"https:\/\/tacarc.org\/info\/tir\/\">Continuer la lecture <span class=\"meta-nav\">&rarr;<\/span><\/a><\/p>\n","protected":false},"author":2,"featured_media":824,"parent":0,"menu_order":2,"comment_status":"closed","ping_status":"closed","template":"","meta":{"footnotes":""},"class_list":["post-242","page","type-page","status-publish","has-post-thumbnail","hentry"],"jetpack_sharing_enabled":true,"_links":{"self":[{"href":"https:\/\/tacarc.org\/info\/wp-json\/wp\/v2\/pages\/242","targetHints":{"allow":["GET"]}}],"collection":[{"href":"https:\/\/tacarc.org\/info\/wp-json\/wp\/v2\/pages"}],"about":[{"href":"https:\/\/tacarc.org\/info\/wp-json\/wp\/v2\/types\/page"}],"author":[{"embeddable":true,"href":"https:\/\/tacarc.org\/info\/wp-json\/wp\/v2\/users\/2"}],"replies":[{"embeddable":true,"href":"https:\/\/tacarc.org\/info\/wp-json\/wp\/v2\/comments?post=242"}],"version-history":[{"count":0,"href":"https:\/\/tacarc.org\/info\/wp-json\/wp\/v2\/pages\/242\/revisions"}],"wp:featuredmedia":[{"embeddable":true,"href":"https:\/\/tacarc.org\/info\/wp-json\/wp\/v2\/media\/824"}],"wp:attachment":[{"href":"https:\/\/tacarc.org\/info\/wp-json\/wp\/v2\/media?parent=242"}],"curies":[{"name":"wp","href":"https:\/\/api.w.org\/{rel}","templated":true}]}}