
{"id":2238,"date":"2020-09-07T12:16:52","date_gmt":"2020-09-07T10:16:52","guid":{"rendered":"https:\/\/tacarc.org\/info\/?page_id=2238"},"modified":"2025-06-08T03:15:54","modified_gmt":"2025-06-08T01:15:54","slug":"tir-du-roy","status":"publish","type":"page","link":"https:\/\/tacarc.org\/info\/tir-du-roy\/","title":{"rendered":"Tir du Roy"},"content":{"rendered":"<div id=\"ez-toc-container\" class=\"ez-toc-v2_0_80 counter-hierarchy ez-toc-counter ez-toc-grey ez-toc-container-direction\">\n<div class=\"ez-toc-title-container\">\n<p class=\"ez-toc-title\" style=\"cursor:inherit\">Sommaire<\/p>\n<span class=\"ez-toc-title-toggle\"><a href=\"#\" class=\"ez-toc-pull-right ez-toc-btn ez-toc-btn-xs ez-toc-btn-default ez-toc-toggle\" aria-label=\"Toggle Table of Content\"><span class=\"ez-toc-js-icon-con\"><span class=\"\"><span class=\"eztoc-hide\" style=\"display:none;\">Toggle<\/span><span class=\"ez-toc-icon-toggle-span\"><svg style=\"fill: #999;color:#999\" xmlns=\"http:\/\/www.w3.org\/2000\/svg\" class=\"list-377408\" width=\"20px\" height=\"20px\" viewBox=\"0 0 24 24\" fill=\"none\"><path d=\"M6 6H4v2h2V6zm14 0H8v2h12V6zM4 11h2v2H4v-2zm16 0H8v2h12v-2zM4 16h2v2H4v-2zm16 0H8v2h12v-2z\" fill=\"currentColor\"><\/path><\/svg><svg style=\"fill: #999;color:#999\" class=\"arrow-unsorted-368013\" xmlns=\"http:\/\/www.w3.org\/2000\/svg\" width=\"10px\" height=\"10px\" viewBox=\"0 0 24 24\" version=\"1.2\" baseProfile=\"tiny\"><path d=\"M18.2 9.3l-6.2-6.3-6.2 6.3c-.2.2-.3.4-.3.7s.1.5.3.7c.2.2.4.3.7.3h11c.3 0 .5-.1.7-.3.2-.2.3-.5.3-.7s-.1-.5-.3-.7zM5.8 14.7l6.2 6.3 6.2-6.3c.2-.2.3-.5.3-.7s-.1-.5-.3-.7c-.2-.2-.4-.3-.7-.3h-11c-.3 0-.5.1-.7.3-.2.2-.3.5-.3.7s.1.5.3.7z\"\/><\/svg><\/span><\/span><\/span><\/a><\/span><\/div>\n<nav><ul class='ez-toc-list ez-toc-list-level-1 ' ><li class='ez-toc-page-1 ez-toc-heading-level-1'><a class=\"ez-toc-link ez-toc-heading-1\" href=\"https:\/\/tacarc.org\/info\/tir-du-roy\/#TIR_DU_ROY_1_fleche\" >TIR DU ROY, 1 fl\u00e8che<\/a><ul class='ez-toc-list-level-2' ><li class='ez-toc-heading-level-2'><a class=\"ez-toc-link ez-toc-heading-2\" href=\"https:\/\/tacarc.org\/info\/tir-du-roy\/#Regnes_au_TAC_%E2%80%93_photos\" >R\u00e8gnes au TAC &#8211; photos<\/a><\/li><\/ul><\/li><\/ul><\/nav><\/div>\n<h1><span class=\"ez-toc-section\" id=\"TIR_DU_ROY_1_fleche\"><\/span>TIR DU ROY, 1 fl\u00e8che<span class=\"ez-toc-section-end\"><\/span><\/h1>\n<p><a href=\"https:\/\/tacarc.org\/info\/roy2007_oiseau\/\"><img loading=\"lazy\" decoding=\"async\" class=\" wp-image-2245 alignright\" src=\"https:\/\/tacarc.org\/info\/wp-content\/uploads\/2020\/09\/roy2007_oiseau.jpg\" alt=\"\" width=\"301\" height=\"306\" srcset=\"https:\/\/tacarc.org\/info\/wp-content\/uploads\/2020\/09\/roy2007_oiseau.jpg 567w, https:\/\/tacarc.org\/info\/wp-content\/uploads\/2020\/09\/roy2007_oiseau-295x300.jpg 295w\" sizes=\"auto, (max-width: 301px) 100vw, 301px\" \/><\/a>L'oiseau, cible en bois, de dimension 5x2.5cm<sup>2<\/sup> pour les classiques, est plac\u00e9 sur un blason Beursault ou \u00e9quivalent \u00e0 50m. La zone des poulies est r\u00e9duite \u00e0 la section inscrite de dimension 4x1.5cm<sup>2<\/sup>.<br \/>\nChaque archer tire une fl\u00e8che \u00e0 tour de r\u00f4le jusqu'\u00e0 ce que le centre de la fl\u00e8che soit \u00e0 l'int\u00e9rieur de la zone classique ou poulie selon la cat\u00e9gorie de l'arc:<\/p>\n<ul>\n<li>oiseau entier pour les arcs classiques 5x2.5cm<sup>2<\/sup><\/li>\n<li>zone r\u00e9duite pour les arcs \u00e0 poulies 4x1.5cm<sup>2<\/sup><\/li>\n<\/ul>\n<p><a href=\"https:\/\/tacarc.org\/info\/roy2007_remise_du_roy\/\"><img loading=\"lazy\" decoding=\"async\" class=\" wp-image-2244 alignright\" src=\"https:\/\/tacarc.org\/info\/wp-content\/uploads\/2020\/09\/roy2007_remise_du_roy.jpg\" alt=\"\" width=\"359\" height=\"269\" srcset=\"https:\/\/tacarc.org\/info\/wp-content\/uploads\/2020\/09\/roy2007_remise_du_roy.jpg 1280w, https:\/\/tacarc.org\/info\/wp-content\/uploads\/2020\/09\/roy2007_remise_du_roy-300x225.jpg 300w, https:\/\/tacarc.org\/info\/wp-content\/uploads\/2020\/09\/roy2007_remise_du_roy-1024x768.jpg 1024w, https:\/\/tacarc.org\/info\/wp-content\/uploads\/2020\/09\/roy2007_remise_du_roy-768x576.jpg 768w\" sizes=\"auto, (max-width: 359px) 100vw, 359px\" \/><\/a>Le premier ou la premi\u00e8re qui r\u00e9ussit ce tir est d\u00e9clar\u00e9 roi ou reine.<\/p>\n<p>Les archers tirent dans l'ordre suivant:<\/p>\n<ul>\n<li>roy<\/li>\n<li>pr\u00e9sident<\/li>\n<li>secr\u00e9taire<\/li>\n<li>tr\u00e9sorier<\/li>\n<li>autres membres par ordre d\u00e9croissant d'anciennet\u00e9 dans le club<\/li>\n<\/ul>\n<p>Pour les jeunes, \u00a0un tir similaire similaire d\u00e9signe le roitelet ou reinette\u00a0qui atteint l'oiseau \u00e0 20m.<\/p>\n<h2 class=\"namo-sublist\"><a name=\"regnes\"><\/a>R\u00e8gnes au TAC - <a href=\"https:\/\/tacarc.org\/info\/bwg_album\/tirs-du-roy\/\">photos<\/a><\/h2>\n<table border=\"1\">\n<tbody>\n<tr>\n<td><b>Ann\u00e9e<\/b><\/td>\n<td><b>Roy<\/b> <b>- Reine<\/b><br \/>\n(CO: poulies, CL: classique)<\/td>\n<td><b>Roitelet - Reinette<\/b><\/td>\n<td><b>Lieu<\/b><\/td>\n<\/tr>\n<tr>\n<td>1976<\/td>\n<td>Guy DONAT<\/td>\n<td><\/td>\n<td>GIRONIS<\/td>\n<\/tr>\n<tr>\n<td>1977<\/td>\n<td>Fran\u00e7ois PATAILLE<\/td>\n<td><\/td>\n<td>GIRONIS<\/td>\n<\/tr>\n<tr>\n<td>1978<\/td>\n<td>J.J. POUX I<\/td>\n<td><\/td>\n<td>GIRONIS<\/td>\n<\/tr>\n<tr>\n<td>1979<\/td>\n<td>Michel ZAHONERO I<\/td>\n<td><\/td>\n<td>GIRONIS (gymnase)<\/td>\n<\/tr>\n<tr>\n<td>1980<\/td>\n<td>J.J. POUX II<\/td>\n<td><\/td>\n<td>GIRONIS<\/td>\n<\/tr>\n<tr>\n<td>1981<\/td>\n<td>Fred RAVIDAT<\/td>\n<td><\/td>\n<td>GIRONIS<\/td>\n<\/tr>\n<tr>\n<td>1982<\/td>\n<td>Serge HUREAU<\/td>\n<td><\/td>\n<td>GIRONIS<\/td>\n<\/tr>\n<tr>\n<td>1983<\/td>\n<td>Paul ROUX I<\/td>\n<td><\/td>\n<td>GIRONIS<\/td>\n<\/tr>\n<tr>\n<td>1984<\/td>\n<td>Michel ZAHONERO II<\/td>\n<td><\/td>\n<td>GIRONIS<\/td>\n<\/tr>\n<tr>\n<td>1985<\/td>\n<td>MME RAVIDAT<\/td>\n<td><\/td>\n<td>GIRONIS<\/td>\n<\/tr>\n<tr>\n<td>1986<\/td>\n<td>J.J. POUX III<\/td>\n<td><\/td>\n<td>GIRONIS<\/td>\n<\/tr>\n<tr>\n<td>1987<\/td>\n<td>Michel BEZIAT<\/td>\n<td><\/td>\n<td>GIRONIS<\/td>\n<\/tr>\n<tr>\n<td>1988<\/td>\n<td>Guy CABAIL<\/td>\n<td><\/td>\n<td>GIRONIS<\/td>\n<\/tr>\n<tr>\n<td>1989<\/td>\n<td>Guy CABAIL II<\/td>\n<td><\/td>\n<td>GIRONIS<\/td>\n<\/tr>\n<tr>\n<td>1990<\/td>\n<td>Paul ROUX III<\/td>\n<td><\/td>\n<td>GIRONIS<\/td>\n<\/tr>\n<tr>\n<td>1991<\/td>\n<td>Guy CABAIL III<\/td>\n<td><\/td>\n<td>TOURNEFEUILLE<\/td>\n<\/tr>\n<tr>\n<td>1992<\/td>\n<td>Michel ZAHONERO III<\/td>\n<td><\/td>\n<td>GIRONIS<\/td>\n<\/tr>\n<tr>\n<td>1993<\/td>\n<td>Jeannine PUJOS<\/td>\n<td><\/td>\n<td>GIRONIS (gymnase)<\/td>\n<\/tr>\n<tr>\n<td>1994<\/td>\n<td>Paul ROUX IV<\/td>\n<td><\/td>\n<td>GIRONIS<\/td>\n<\/tr>\n<tr>\n<td>1995<\/td>\n<td>Fred FATH<\/td>\n<td><\/td>\n<td>GIRONIS<\/td>\n<\/tr>\n<tr>\n<td>1996<\/td>\n<td>Jeannine PUJOS<\/td>\n<td><\/td>\n<td>GIRONIS<\/td>\n<\/tr>\n<tr>\n<td>1997<\/td>\n<td>Fred FATH<\/td>\n<td><\/td>\n<td>GIRONIS<\/td>\n<\/tr>\n<tr>\n<td>1998<\/td>\n<td>Michel ZAHONERO IV<\/td>\n<td><\/td>\n<td>GIRONIS<\/td>\n<\/tr>\n<tr>\n<td>1999<\/td>\n<td>Paul ROUX V<\/td>\n<td><\/td>\n<td>GIRONIS<\/td>\n<\/tr>\n<tr>\n<td>2000<\/td>\n<td>J.J. POUX IV<\/td>\n<td><\/td>\n<td>GIRONIS<\/td>\n<\/tr>\n<tr>\n<td>2001<\/td>\n<td>J.J. POUX V<\/td>\n<td><\/td>\n<td>GIRONIS<\/td>\n<\/tr>\n<tr>\n<td>2002<\/td>\n<td>Fanny BADIA (CL)<\/td>\n<td><\/td>\n<td>GIRONIS<\/td>\n<\/tr>\n<tr>\n<td>2003<\/td>\n<td>Fanny BADIA II (CL)<\/td>\n<td><\/td>\n<td>GIRONIS<\/td>\n<\/tr>\n<tr>\n<td>2004<\/td>\n<td>Alain SCHMIDT (CO)<\/td>\n<td><\/td>\n<td>GIRONIS<\/td>\n<\/tr>\n<tr>\n<td>2005<\/td>\n<td>Fr\u00e9d\u00e9ric STUYK (CL)<\/td>\n<td><\/td>\n<td>GIRONIS<\/td>\n<\/tr>\n<tr>\n<td><a href=\"https:\/\/tacarc.org\/info\/bwg_gallery\/tir-du-roy-2006\/\" target=\"_blank\" rel=\"noopener noreferrer\">2006<br \/>\n24 juin<\/a><\/td>\n<td>Paul ROUX VI (CO, Castelsarrasin )<\/td>\n<td>Marc PERUZZETTO<\/td>\n<td>CUGNAUX<\/td>\n<\/tr>\n<tr>\n<td><a href=\"https:\/\/tacarc.org\/info\/bwg_gallery\/tir-du-roy-2007\/\" target=\"_blank\" rel=\"noopener noreferrer\">2007<br \/>\n27 octobre<\/a><\/td>\n<td>Laurent LE GOFF (CO)<\/td>\n<td>Marc PERUZZETTO<\/td>\n<td>Pech-David<\/td>\n<\/tr>\n<tr>\n<td><a href=\"https:\/\/tacarc.org\/info\/bwg_gallery\/tir-du-roy-2008\/\" target=\"_blank\" rel=\"noopener noreferrer\">2008<br \/>\n14 juin<\/a><\/td>\n<td>Olivier GIOT (CL)<\/td>\n<td>Arnaud ASTRUC<\/td>\n<td>Pech-David<\/td>\n<\/tr>\n<tr>\n<td><a href=\"https:\/\/tacarc.org\/info\/bwg_gallery\/tir-du-roy-2009\/\" target=\"_blank\" rel=\"noopener noreferrer\">2009<br \/>\n27 juin<\/a><\/td>\n<td>Laurent LE GOFF II (CO)<\/td>\n<td>Arnaud ASTRUC<\/td>\n<td>Pech-David<\/td>\n<\/tr>\n<tr>\n<td><a href=\"https:\/\/tacarc.org\/info\/bwg_gallery\/tir-du-roy-2010\/\" target=\"_blank\" rel=\"noopener noreferrer\">2010<br \/>\n26 juin<\/a><\/td>\n<td>Laurent LE GOFF III (CO)<\/td>\n<td>L\u00e9o POSTEL<\/td>\n<td>Pech-David<\/td>\n<\/tr>\n<tr>\n<td><a href=\"https:\/\/tacarc.org\/info\/bwg_gallery\/tir-du-roy-2011\/\" target=\"_blank\" rel=\"noopener noreferrer\">2011<br \/>\n19 juin<\/a><\/td>\n<td>Marie-Blanche GIACUZZO (CL)<\/td>\n<td>Gabrielle GASTOU<\/td>\n<td>Pech-David<\/td>\n<\/tr>\n<tr>\n<td><a href=\"https:\/\/tacarc.org\/info\/bwg_gallery\/tir-du-roy-2012\/\">2012<br \/>\n23 juin<\/a><\/td>\n<td>Michel ZAHONERO V (CO)<\/td>\n<td>Gabrielle GASTOU<\/td>\n<td>Pech-David<\/td>\n<\/tr>\n<tr>\n<td><a title=\"Photos du tir du Roy\" href=\"https:\/\/tacarc.org\/info\/bwg_gallery\/tir-du-roy-2013\/\" target=\"_blank\" rel=\"noopener noreferrer\">2013<br \/>\n22 juin<\/a><\/td>\n<td>Marine ARTIGAU (CO)<br \/>\n3\u00e8me vol\u00e9e<\/td>\n<td>Camille BALADI (CL)<br \/>\n1\u00e8re vol\u00e9e<\/td>\n<td>Pech-David<\/td>\n<\/tr>\n<tr>\n<td><a href=\"https:\/\/tacarc.org\/info\/bwg_gallery\/tir-du-roy-2014\/\">2014<\/a><br \/>\n<a href=\"https:\/\/www.facebook.com\/media\/set\/?set=a.751232601610346.1073741867.373412726059004&amp;type=3\" target=\"_blank\" rel=\"noopener noreferrer\">\u00a011 octobre<\/a><\/td>\n<td>Marie-Blanche GIACUZZO (CO)<br \/>\n1\u00e8re vol\u00e9e (6\u00e8me fl\u00e8che)<\/td>\n<td>---<\/td>\n<td>Pech-David<\/td>\n<\/tr>\n<tr>\n<td><a href=\"https:\/\/tacarc.org\/info\/bwg_gallery\/tir-du-roy-2015\/\">2015<\/a><br \/>\n<a href=\"https:\/\/www.facebook.com\/media\/set\/?set=a.927884690611802.1073741884.373412726059004&amp;type=3\">26 septembre<\/a><\/td>\n<td>Pascal BRUNET (CL)<br \/>\n3\u00e8me vol\u00e9e<\/td>\n<td><\/td>\n<td>Pech-David<\/td>\n<\/tr>\n<tr>\n<td><a href=\"https:\/\/tacarc.org\/info\/bwg_gallery\/tir-du-roy-2016\/\">2016<br \/>\n19 juin<\/a><\/td>\n<td>Laurent LE GOFF IV (CO)<\/td>\n<td>Arno CHOPPIN<\/td>\n<td>Pech-David<\/td>\n<\/tr>\n<tr>\n<td><a href=\"https:\/\/tacarc.org\/info\/bwg_gallery\/tir-du-roy-2017\/\">2017<\/a><a href=\"https:\/\/www.facebook.com\/media\/set\/?set=a.1407194212680845.1073741906.373412726059004&amp;type=3\"><br \/>\n3 juin<\/a><\/td>\n<td>Laurent LE GOFF V (CO)<\/td>\n<td>Louise FELLAK (CO)<\/td>\n<td>Pech-David<\/td>\n<\/tr>\n<tr>\n<td>2018<br \/>\n<a href=\"https:\/\/www.facebook.com\/pg\/tacarc31\/photos\/?tab=album&amp;album_id=1769824803084449\">2 juin<\/a><\/td>\n<td><span class=\" _2iem\" role=\"heading\" aria-level=\"4\">Yekapharoah FANCHONE (CO)<\/span><\/td>\n<td><span class=\" _2iem\" role=\"heading\" aria-level=\"4\">Gaetan REGAUD<\/span><\/td>\n<td>Pech-David<\/td>\n<\/tr>\n<tr>\n<td>2019<br \/>\n<a href=\"https:\/\/www.facebook.com\/media\/set\/?vanity=tacarc31&amp;set=a.2307838315949759\">8 juin<\/a><\/td>\n<td><span class=\" _2iem\" role=\"heading\" aria-level=\"4\">Olivier GOUNIN (CL)<\/span><\/td>\n<td><span class=\" _2iem\" role=\"heading\" aria-level=\"4\">Chlo\u00e9 BINSON CL<\/span><\/td>\n<td>Pech-David<\/td>\n<\/tr>\n<tr>\n<td>2020<\/td>\n<td><span class=\" _2iem\" role=\"heading\" aria-level=\"4\">Covid <\/span><\/td>\n<td><span class=\" _2iem\" role=\"heading\" aria-level=\"4\">CORONAVIRUS<\/span><\/td>\n<td>-<\/td>\n<\/tr>\n<tr>\n<td>2021<\/td>\n<td><span class=\" _2iem\" role=\"heading\" aria-level=\"4\">Covid <\/span><\/td>\n<td><span class=\" _2iem\" role=\"heading\" aria-level=\"4\">CORONAVIRUS<\/span><\/td>\n<td>-<\/td>\n<\/tr>\n<tr>\n<td>2022<br \/>\n<a href=\"https:\/\/www.facebook.com\/media\/set\/?set=a.5242426002490961&amp;type=3\">11 juin<\/a><\/td>\n<td>Pierre PERUZZETTO (CO)<\/td>\n<td>Esteban VENDRIES<\/td>\n<td>Pech-David<\/td>\n<\/tr>\n<tr>\n<td>2023<br \/>\n<a href=\"https:\/\/www.facebook.com\/media\/set\/?vanity=tacarc31&amp;set=a.841312114027958\">10 juin<\/a><\/td>\n<td>Esteban VENDRIES (CL)<\/td>\n<td>Loriane RAFFAELE<\/td>\n<td>Pech-David<\/td>\n<\/tr>\n<tr>\n<td>2024<br \/>\n<a href=\"https:\/\/www.facebook.com\/media\/set\/?set=a.1096328581859642&amp;type=3&amp;ref=embed_page\">8 juin<\/a><\/td>\n<td>Fr\u00e9d\u00e9ric JOUHAUD (CL)<\/td>\n<td>Emma JOUHAUD<\/td>\n<td>Pech-David<\/td>\n<\/tr>\n<tr>\n<td>2025<br \/>\n<a href=\"https:\/\/www.facebook.com\/media\/set\/?set=a.1373534384139059&amp;type=3\">7 juin<\/a><\/td>\n<td>Laurent LE GOFF VI (CO)<\/td>\n<td>M\u00e9lodie LE GOFF<\/td>\n<td>Pech-David<\/td>\n<\/tr>\n<\/tbody>\n<\/table>\n<p>&nbsp;<\/p>\n","protected":false},"excerpt":{"rendered":"<p>TIR DU ROY, 1 fl\u00e8che L'oiseau, cible en bois, de dimension 5x2.5cm2 pour les classiques, est plac\u00e9 sur un blason Beursault ou \u00e9quivalent \u00e0 50m. La zone des poulies est r\u00e9duite \u00e0 la section inscrite de dimension 4x1.5cm2. Chaque archer &hellip; <a href=\"https:\/\/tacarc.org\/info\/tir-du-roy\/\">Continuer la lecture <span class=\"meta-nav\">&rarr;<\/span><\/a><\/p>\n","protected":false},"author":2,"featured_media":849,"parent":0,"menu_order":0,"comment_status":"closed","ping_status":"closed","template":"","meta":{"footnotes":""},"class_list":["post-2238","page","type-page","status-publish","has-post-thumbnail","hentry"],"jetpack_sharing_enabled":true,"_links":{"self":[{"href":"https:\/\/tacarc.org\/info\/wp-json\/wp\/v2\/pages\/2238","targetHints":{"allow":["GET"]}}],"collection":[{"href":"https:\/\/tacarc.org\/info\/wp-json\/wp\/v2\/pages"}],"about":[{"href":"https:\/\/tacarc.org\/info\/wp-json\/wp\/v2\/types\/page"}],"author":[{"embeddable":true,"href":"https:\/\/tacarc.org\/info\/wp-json\/wp\/v2\/users\/2"}],"replies":[{"embeddable":true,"href":"https:\/\/tacarc.org\/info\/wp-json\/wp\/v2\/comments?post=2238"}],"version-history":[{"count":0,"href":"https:\/\/tacarc.org\/info\/wp-json\/wp\/v2\/pages\/2238\/revisions"}],"wp:featuredmedia":[{"embeddable":true,"href":"https:\/\/tacarc.org\/info\/wp-json\/wp\/v2\/media\/849"}],"wp:attachment":[{"href":"https:\/\/tacarc.org\/info\/wp-json\/wp\/v2\/media?parent=2238"}],"curies":[{"name":"wp","href":"https:\/\/api.w.org\/{rel}","templated":true}]}}