
{"id":2193,"date":"2020-09-06T21:22:35","date_gmt":"2020-09-06T19:22:35","guid":{"rendered":"https:\/\/tacarc.org\/info\/?page_id=2193"},"modified":"2022-03-25T11:35:34","modified_gmt":"2022-03-25T10:35:34","slug":"liens","status":"publish","type":"page","link":"https:\/\/tacarc.org\/info\/liens\/","title":{"rendered":"liens utiles"},"content":{"rendered":"<div id=\"ez-toc-container\" class=\"ez-toc-v2_0_80 counter-hierarchy ez-toc-counter ez-toc-grey ez-toc-container-direction\">\n<div class=\"ez-toc-title-container\">\n<p class=\"ez-toc-title\" style=\"cursor:inherit\">Sommaire<\/p>\n<span class=\"ez-toc-title-toggle\"><a href=\"#\" class=\"ez-toc-pull-right ez-toc-btn ez-toc-btn-xs ez-toc-btn-default ez-toc-toggle\" aria-label=\"Toggle Table of Content\"><span class=\"ez-toc-js-icon-con\"><span class=\"\"><span class=\"eztoc-hide\" style=\"display:none;\">Toggle<\/span><span class=\"ez-toc-icon-toggle-span\"><svg style=\"fill: #999;color:#999\" xmlns=\"http:\/\/www.w3.org\/2000\/svg\" class=\"list-377408\" width=\"20px\" height=\"20px\" viewBox=\"0 0 24 24\" fill=\"none\"><path d=\"M6 6H4v2h2V6zm14 0H8v2h12V6zM4 11h2v2H4v-2zm16 0H8v2h12v-2zM4 16h2v2H4v-2zm16 0H8v2h12v-2z\" fill=\"currentColor\"><\/path><\/svg><svg style=\"fill: #999;color:#999\" class=\"arrow-unsorted-368013\" xmlns=\"http:\/\/www.w3.org\/2000\/svg\" width=\"10px\" height=\"10px\" viewBox=\"0 0 24 24\" version=\"1.2\" baseProfile=\"tiny\"><path d=\"M18.2 9.3l-6.2-6.3-6.2 6.3c-.2.2-.3.4-.3.7s.1.5.3.7c.2.2.4.3.7.3h11c.3 0 .5-.1.7-.3.2-.2.3-.5.3-.7s-.1-.5-.3-.7zM5.8 14.7l6.2 6.3 6.2-6.3c.2-.2.3-.5.3-.7s-.1-.5-.3-.7c-.2-.2-.4-.3-.7-.3h-11c-.3 0-.5.1-.7.3-.2.2-.3.5-.3.7s.1.5.3.7z\"\/><\/svg><\/span><\/span><\/span><\/a><\/span><\/div>\n<nav><ul class='ez-toc-list ez-toc-list-level-1 ' ><li class='ez-toc-page-1 ez-toc-heading-level-1'><a class=\"ez-toc-link ez-toc-heading-1\" href=\"https:\/\/tacarc.org\/info\/liens\/#_Sites_officiels\" >\u00a0Sites officiels<\/a><\/li><li class='ez-toc-page-1 ez-toc-heading-level-1'><a class=\"ez-toc-link ez-toc-heading-2\" href=\"https:\/\/tacarc.org\/info\/liens\/#Magasins_darcherie_a_Toulouse\" >Magasins d&rsquo;archerie \u00e0 Toulouse<\/a><\/li><li class='ez-toc-page-1 ez-toc-heading-level-1'><a class=\"ez-toc-link ez-toc-heading-3\" href=\"https:\/\/tacarc.org\/info\/liens\/#Constructeurs\" >Constructeurs<\/a><\/li><li class='ez-toc-page-1 ez-toc-heading-level-1'><a class=\"ez-toc-link ez-toc-heading-4\" href=\"https:\/\/tacarc.org\/info\/liens\/#Divers_reglages_informations%E2%80%A6\" >Divers: r\u00e9glages, informations&#8230;<\/a><ul class='ez-toc-list-level-2' ><li class='ez-toc-heading-level-2'><a class=\"ez-toc-link ez-toc-heading-5\" href=\"https:\/\/tacarc.org\/info\/liens\/#Guides\" >Guides<\/a><\/li><li class='ez-toc-page-1 ez-toc-heading-level-2'><a class=\"ez-toc-link ez-toc-heading-6\" href=\"https:\/\/tacarc.org\/info\/liens\/#References\" >R\u00e9f\u00e9rences<\/a><\/li><\/ul><\/li><\/ul><\/nav><\/div>\n<h1><span class=\"ez-toc-section\" id=\"_Sites_officiels\"><\/span>\u00a0<a name=\"officiel\"><\/a>Sites officiels<span class=\"ez-toc-section-end\"><\/span><\/h1>\n<table>\n<tbody>\n<tr>\n<td>F\u00e9d\u00e9ration Fran\u00e7aise de Tir \u00e0 l'Arc FFTA <a href=\"http:\/\/www.ffta.fr\">www.ffta.fr<\/a><\/td>\n<td><\/td>\n<\/tr>\n<tr>\n<td>Word Archery - ex F\u00e9d\u00e9ration Internationale de Tir \u00e0 l'Arc FITA <a href=\"https:\/\/worldarchery.org\/\">https:\/\/worldarchery.org\/<\/a><\/td>\n<td>\u00a0<img loading=\"lazy\" decoding=\"async\" src=\"https:\/\/tacarc.info\/org\/images\/fita_logo.jpg\" width=\"81\" height=\"84\" border=\"0\" \/><\/td>\n<\/tr>\n<tr>\n<td>Comit\u00e9 r\u00e9gional d'Occitanie de tir \u00e0 l'arc <a href=\"https:\/\/arc-occitanie.fr\">https:\/\/arc-occitanie.fr<\/a><br \/>\nComit\u00e9 D\u00e9partemental 31 <a href=\"https:\/\/cd31arc.fr\">https:\/\/cd31arc.fr<\/a><\/td>\n<td><\/td>\n<\/tr>\n<tr>\n<td>F\u00e9d\u00e9ration Fran\u00e7aise de Tir Libre FFTL <a href=\"http:\/\/www.fftl.com\/\">www.fftl.com<\/a><\/td>\n<td><\/td>\n<\/tr>\n<tr>\n<td>F\u00e9d\u00e9ration Fran\u00e7aise de Kyudo <a href=\"http:\/\/www.kyudo.fr\">www.kyudo.fr<\/a><\/td>\n<td><\/td>\n<\/tr>\n<\/tbody>\n<\/table>\n<h1><span class=\"ez-toc-section\" id=\"Magasins_darcherie_a_Toulouse\"><\/span><a name=\"magasins\"><\/a>Magasins d&rsquo;archerie \u00e0 Toulouse<span class=\"ez-toc-section-end\"><\/span><\/h1>\n<table>\n<tbody>\n<tr>\n<td width=\"200\"><\/td>\n<td><\/td>\n<\/tr>\n<tr>\n<td width=\"200\"><b><a href=\"http:\/\/www.sporting-archerie.fr\/\">Sporting Archerie<\/a><\/b><br \/>\n185, Av. des Etats Unis<br \/>\n31200 \u00a0TOULOUSE<br \/>\ntel:\u00a005 61 57 83 10<\/td>\n<td><\/td>\n<\/tr>\n<\/tbody>\n<\/table>\n<h1><span class=\"ez-toc-section\" id=\"Constructeurs\"><\/span><a name=\"constructeurs\"><\/a>Constructeurs<span class=\"ez-toc-section-end\"><\/span><\/h1>\n<table>\n<tbody>\n<tr>\n<td>BOWTECH<\/td>\n<td><a href=\"http:\/\/www.bowtecharchery.com\/\">http:\/\/www.bowtecharchery.com\/<\/a><\/td>\n<\/tr>\n<tr>\n<td>BORDER<\/td>\n<td><a href=\"http:\/\/www.borderbows.com\/\">http:\/\/www.borderbows.com\/<\/a><br \/>\n<a href=\"http:\/\/www.borderbows.com\/products\/target\/limbsilf.html\">http:\/\/www.borderbows.com\/products\/target\/limbsilf.html<\/a><\/td>\n<\/tr>\n<tr>\n<td>BROWNING<\/td>\n<td>\u00a0<a href=\"http:\/\/www.browning-archery.com\">www.browningarchery.com<\/a><\/td>\n<\/tr>\n<tr>\n<td>EXE<\/td>\n<td>\u00a0<a href=\"http:\/\/www.exearchery.com\/\">http:\/\/www.exearchery.com\/<\/a><\/td>\n<\/tr>\n<tr>\n<td>Hoyt<\/td>\n<td>\u00a0<a href=\"http:\/\/www.hoyt.com\">www.hoyt.com<\/a><\/td>\n<\/tr>\n<tr>\n<td>MARTIN<\/td>\n<td>\u00a0<a href=\"http:\/\/www.martinarchery.com\">www.martinarchery.com<\/a><\/td>\n<\/tr>\n<tr>\n<td>MATHEWS<\/td>\n<td><a href=\"http:\/\/www.mathewsinc.com\/\">\u00a0www.mathewsinc.com<\/a><\/td>\n<\/tr>\n<tr>\n<td>PSE<\/td>\n<td>\u00a0<a href=\"http:\/\/www.pse-archery.com\">www.pse-archery.com<\/a><\/td>\n<\/tr>\n<tr>\n<td>Samick<\/td>\n<td><a href=\"http:\/\/www.samicksports.com\">\u00a0www.samicksports.com<\/a><\/td>\n<\/tr>\n<tr>\n<td>UUKHA<\/td>\n<td><a href=\"https:\/\/www.uukha.com\">https:\/\/www.uukha.com<\/a><\/td>\n<\/tr>\n<tr>\n<td>WiaWis<\/td>\n<td><a href=\"https:\/\/www.wiawis.com\">https:\/\/www.wiawis.com<\/a><\/td>\n<\/tr>\n<tr>\n<td>Win &amp; Win<\/td>\n<td><a href=\"http:\/\/www.win-archery.com\">www.win-archery.com<\/a><\/td>\n<\/tr>\n<\/tbody>\n<\/table>\n<table>\n<tbody>\n<tr>\n<td>ARC SYSTEME<\/td>\n<td><a href=\"http:\/\/www.arc-systeme.fr\/\">www.arc-systeme.fr<\/a><\/td>\n<\/tr>\n<tr>\n<td>BEMAN<\/td>\n<td><a href=\"http:\/\/www.beman.com\">www.beman.com<\/a><\/td>\n<\/tr>\n<tr>\n<td>BEITER<\/td>\n<td><a href=\"http:\/\/www.wernerbeiter.com\/\">www.wernerbeiter.com<\/a><\/td>\n<\/tr>\n<tr>\n<td>Carbon Express<\/td>\n<td><a href=\"http:\/\/www.carbonexpressarrows.com\/\">www.carbonexpressarrows.com<\/a><\/td>\n<\/tr>\n<tr>\n<td>Carbon tech<\/td>\n<td>\u00a0<a href=\"http:\/\/www.carbon-tech.com\">www.carbon-tech.com<\/a><\/td>\n<\/tr>\n<tr>\n<td>Easton<\/td>\n<td><a href=\"http:\/\/www.eastonarchery.com\">\u00a0www.eastonarchery.com<\/a><\/td>\n<\/tr>\n<tr>\n<td>Secura<\/td>\n<td>\u00a0<a href=\"http:\/\/www.securarchery.net\">www.securarchery.net<\/a><\/td>\n<\/tr>\n<\/tbody>\n<\/table>\n<h1><a name=\"reglages\"><\/a>Divers: r\u00e9glages, informations...<\/h1>\n<h2><span class=\"ez-toc-section\" id=\"Guides\"><\/span>Guides<span class=\"ez-toc-section-end\"><\/span><\/h2>\n<p>R\u00e9glages de Claude CANGELOSI: <a href=\"https:\/\/arc-occitanie.fr\/formation\/archers\/#Reglages\">https:\/\/arc-occitanie.fr\/formation\/archers\/#Reglages<\/a><\/p>\n<p>Archers reference guide by Muray Elliot\u00a0 <a href=\"http:\/\/www.archersreference.co.uk\/\">http:\/\/www.archersreference.co.uk\/<\/a> \u00a0(document <a href=\"http:\/\/tacarc.info\/org\/doc\/archref_05.pdf\">pdf<\/a>)<\/p>\n<h2><span class=\"ez-toc-section\" id=\"References\"><\/span>R\u00e9f\u00e9rences<span class=\"ez-toc-section-end\"><\/span><\/h2>\n<table>\n<tbody>\n<tr>\n<td>Techniques de tir<br \/>\n<a href=\"http:\/\/www.tacarc.org\/archerie\/\">http:\/\/www.tacarc.org\/archerie\/<\/a><\/td>\n<td>Le cycle de tir KSL <a href=\"http:\/\/www.kslinternationalarchery.com\/Technique\/KSLShotCycle\/KSLShotCycle-French.html\" target=\"_blank\" rel=\"noopener\">http:\/\/www.kslinternationalarchery.com\/Technique\/KSLShotCycle\/KSLShotCycle-French.html<\/a><\/p>\n<p><a href=\"http:\/\/ceciletoxo.free.fr\/technique.html\">http:\/\/ceciletoxo.free.fr\/technique.html<\/a><br \/>\n<a href=\"http:\/\/webarcherie.com\/\">http:\/\/webarcherie.com\/<\/a><br \/>\n<a href=\"http:\/\/www.archery-forum.com\/\">http:\/\/www.archery-forum.com\/<\/a><br \/>\n<a href=\"http:\/\/www.kslinternationalarchery.com\/\">http:\/\/www.kslinternationalarchery.com\/<\/a><br \/>\n<a href=\"http:\/\/arc.uscreteil.com\/reglage_arc_classique.htm\">http:\/\/arc.uscreteil.com\/reglage_arc_classique.htm<\/a><br \/>\n<a href=\"http:\/\/club.sportsregions.fr\/cugnaux-arc\/rubrique\/id_rl=78\">http:\/\/club.sportsregions.fr\/cugnaux-arc\/rubrique\/id_rl=78<\/a><br \/>\n<a href=\"http:\/\/suresnes.archerie.free.fr\/index.php?name=Content&amp;pa=showpage&amp;pid=2\">http:\/\/suresnes.archerie.free.fr\/index.php?name=Content&amp;pa=showpage&amp;pid=2<\/a><\/td>\n<\/tr>\n<tr>\n<td>Analyse de tir<\/td>\n<td><a href=\"http:\/\/www.meta-synthesis.com\/archery\/archery.html\">Archery, Arrows &amp; Arrow Flight<br \/>\n<\/a><a href=\"http:\/\/jeanchristophe.sauva.free.fr\/index1024.html\">Arc'Nalyse<\/a> - Jean-Christophe Sauva<br \/>\n<a href=\"http:\/\/www.cs.toronto.edu\/%7Eapostol\/arrow\/\">Arrow Speed Calculator<\/a> - Calcul de vitesse de fl\u00e8ches pour arcs classiques<br \/>\n<a href=\"http:\/\/www.bio.vu.nl\/thb\/users\/kooi\/\">Bob Kooi's Archery publications (Mechanics of the bow \/ Mechanics of the arrow)<\/a><br \/>\n<a href=\"http:\/\/homepage.ntlworld.com\/joetapley\/\">Bow Mechanics and Arrow Flight<\/a><br \/>\n<a href=\"http:\/\/www.hot.ee\/leintz1\/Plokkvibu\/compoundbow_eng.html\">Compound Bow \"Primus\"<\/a> - D\u00e9tails de fabrication d'un arc<br \/>\n<a href=\"http:\/\/www.student.utwente.nl\/%7Esagi\/artikel\/speed\/arrow.html\">The measurement of arrow velocities in the students' laboratory<\/a>Angle des plumes: <a href=\"https:\/\/eprints.qut.edu.au\/112788\/3\/112788.pdf\">https:\/\/eprints.qut.edu.au\/112788\/3\/112788.pdf<\/a><\/td>\n<\/tr>\n<tr>\n<td>Arc et Technique - Patrick Canler<\/td>\n<td><a href=\"http:\/\/arc.technique.free.fr\/documents.htm\"> http:\/\/arc.technique.free.fr\/documents.htm<\/a><\/td>\n<\/tr>\n<tr>\n<td>R\u00e9glages de l'arc \u00e0 poulies<\/td>\n<td><a href=\"http:\/\/www.geocities.com\/pierregremeaux\/\">http:\/\/www.geocities.com\/pierregremeaux\/<\/a><\/td>\n<\/tr>\n<tr>\n<td>Berger, cordes...<\/td>\n<td><a href=\"http:\/\/mapage.noos.fr\/ltikf\/index.htm\">http:\/\/mapage.noos.fr\/ltikf\/index.htm<\/a><\/td>\n<\/tr>\n<tr>\n<td>Le tir \u00e0 l'arc sur Internet<\/td>\n<td><a href=\"http:\/\/letiralarc.free.fr\/\">http:\/\/letiralarc.free.fr\/<\/a><br \/>\n<a href=\"http:\/\/letiralarc.free.fr\/articles.php?lng=fr&amp;pg=150\">http:\/\/letiralarc.free.fr\/articles.php?lng=fr&amp;pg=150<\/a> (r\u00e9glages)<\/td>\n<\/tr>\n<tr>\n<td>Wikipedia<\/td>\n<td><a href=\"http:\/\/fr.wikipedia.org\/wiki\/Tir_%C3%A0_l'arc\">fr.wikipedia.org\/wiki\/Tir_\u00e0_l'arc<\/a><\/td>\n<\/tr>\n<tr>\n<td>Beginners guide to archery<\/td>\n<td><a href=\"http:\/\/www.merlinarcherycentre.co.uk\/Beginners.htm\">http:\/\/www.merlinarcherycentre.co.uk\/Beginners.htm<\/a><\/td>\n<\/tr>\n<tr>\n<td><\/td>\n<td><a href=\"http:\/\/www.archeryhistory.com\/\" target=\"_blank\" rel=\"noopener noreferrer\">http:\/\/www.archeryhistory.com\/<\/a><\/td>\n<\/tr>\n<tr>\n<td>Tir Campagne (Field)<\/td>\n<td><a href=\"http:\/\/www.fieldarcher.org\/\">http:\/\/www.fieldarcher.org\/<\/a><br \/>\n<a href=\"http:\/\/www.tircampagne.org\/\">http:\/\/www.tircampagne.org\/<\/a><\/td>\n<\/tr>\n<tr>\n<td>Arc \u00e0 poulies<\/td>\n<td>http:\/\/placedusport2.com\/<a href=\"http:\/\/placedusport2.com\/?doc=1083&amp;rub=141&amp;titre=l-arc-a-poulies&amp;SessionID=\"> l-arc-a-poulies<\/a><\/td>\n<\/tr>\n<tr>\n<td>Tir Beursault<\/td>\n<td><a href=\"http:\/\/archersgvs.free.fr\/Beursault.html\">http:\/\/archersgvs.free.fr\/Beursault.html<\/a><\/td>\n<\/tr>\n<tr>\n<td>Archerie primitive<\/td>\n<td><a href=\"http:\/\/www.archerie-primitive.com\/\">http:\/\/www.archerie-primitive.com\/<\/a><br \/>\n<a href=\"http:\/\/perso.wanadoo.fr\/archeries\/\">http:\/\/perso.wanadoo.fr\/archeries\/<\/a><\/td>\n<\/tr>\n<tr>\n<td>Archerie m\u00e9di\u00e9vale<\/td>\n<td><a href=\"http:\/\/perso.wanadoo.fr\/archerie.medievale\/archerie\/menu.htm\">http:\/\/perso.wanadoo.fr\/archerie.medievale\/archerie\/menu.htm<\/a><br \/>\n<a href=\"http:\/\/perso.wanadoo.fr\/archerie.medievale\/\">http:\/\/perso.wanadoo.fr\/archerie.medievale\/<\/a><\/td>\n<\/tr>\n<tr>\n<td>Longbow<\/td>\n<td><a href=\"http:\/\/archerdelaur.free.fr\/\">http:\/\/archerdelaur.free.fr\/<\/a><\/td>\n<\/tr>\n<tr>\n<td>Arc japonais<\/td>\n<td><a href=\"http:\/\/fkj.kyudo.free.fr\/\">http:\/\/fkj.kyudo.free.fr\/<\/a><\/td>\n<\/tr>\n<\/tbody>\n<\/table>\n<p>fonctionnement des associations:\u00a0<a href=\"http:\/\/www.toutpourlesassociations.com\/\">http:\/\/www.toutpourlesassociations.com\/<\/a><\/p>\n<p><a href=\"https:\/\/arc-occitanie.fr\/comite\/liens-institutions\/\">https:\/\/arc-occitanie.fr\/comite\/liens-institutions\/<\/a><\/p>\n","protected":false},"excerpt":{"rendered":"<p>\u00a0Sites officiels F\u00e9d\u00e9ration Fran\u00e7aise de Tir \u00e0 l'Arc FFTA www.ffta.fr Word Archery - ex F\u00e9d\u00e9ration Internationale de Tir \u00e0 l'Arc FITA https:\/\/worldarchery.org\/ \u00a0 Comit\u00e9 r\u00e9gional d'Occitanie de tir \u00e0 l'arc https:\/\/arc-occitanie.fr Comit\u00e9 D\u00e9partemental 31 https:\/\/cd31arc.fr F\u00e9d\u00e9ration Fran\u00e7aise de Tir Libre &hellip; <a href=\"https:\/\/tacarc.org\/info\/liens\/\">Continuer la lecture <span class=\"meta-nav\">&rarr;<\/span><\/a><\/p>\n","protected":false},"author":2,"featured_media":825,"parent":0,"menu_order":0,"comment_status":"closed","ping_status":"closed","template":"","meta":{"footnotes":""},"class_list":["post-2193","page","type-page","status-publish","has-post-thumbnail","hentry"],"jetpack_sharing_enabled":true,"_links":{"self":[{"href":"https:\/\/tacarc.org\/info\/wp-json\/wp\/v2\/pages\/2193","targetHints":{"allow":["GET"]}}],"collection":[{"href":"https:\/\/tacarc.org\/info\/wp-json\/wp\/v2\/pages"}],"about":[{"href":"https:\/\/tacarc.org\/info\/wp-json\/wp\/v2\/types\/page"}],"author":[{"embeddable":true,"href":"https:\/\/tacarc.org\/info\/wp-json\/wp\/v2\/users\/2"}],"replies":[{"embeddable":true,"href":"https:\/\/tacarc.org\/info\/wp-json\/wp\/v2\/comments?post=2193"}],"version-history":[{"count":0,"href":"https:\/\/tacarc.org\/info\/wp-json\/wp\/v2\/pages\/2193\/revisions"}],"wp:featuredmedia":[{"embeddable":true,"href":"https:\/\/tacarc.org\/info\/wp-json\/wp\/v2\/media\/825"}],"wp:attachment":[{"href":"https:\/\/tacarc.org\/info\/wp-json\/wp\/v2\/media?parent=2193"}],"curies":[{"name":"wp","href":"https:\/\/api.w.org\/{rel}","templated":true}]}}