
{"id":2173,"date":"2020-09-06T20:12:04","date_gmt":"2020-09-06T18:12:04","guid":{"rendered":"https:\/\/tacarc.org\/info\/?page_id=2173"},"modified":"2020-09-06T21:56:43","modified_gmt":"2020-09-06T19:56:43","slug":"securite","status":"publish","type":"page","link":"https:\/\/tacarc.org\/info\/archerie\/securite\/","title":{"rendered":"S\u00e9curit\u00e9"},"content":{"rendered":"<div id=\"ez-toc-container\" class=\"ez-toc-v2_0_80 counter-hierarchy ez-toc-counter ez-toc-grey ez-toc-container-direction\">\n<div class=\"ez-toc-title-container\">\n<p class=\"ez-toc-title\" style=\"cursor:inherit\">Sommaire<\/p>\n<span class=\"ez-toc-title-toggle\"><a href=\"#\" class=\"ez-toc-pull-right ez-toc-btn ez-toc-btn-xs ez-toc-btn-default ez-toc-toggle\" aria-label=\"Toggle Table of Content\"><span class=\"ez-toc-js-icon-con\"><span class=\"\"><span class=\"eztoc-hide\" style=\"display:none;\">Toggle<\/span><span class=\"ez-toc-icon-toggle-span\"><svg style=\"fill: #999;color:#999\" xmlns=\"http:\/\/www.w3.org\/2000\/svg\" class=\"list-377408\" width=\"20px\" height=\"20px\" viewBox=\"0 0 24 24\" fill=\"none\"><path d=\"M6 6H4v2h2V6zm14 0H8v2h12V6zM4 11h2v2H4v-2zm16 0H8v2h12v-2zM4 16h2v2H4v-2zm16 0H8v2h12v-2z\" fill=\"currentColor\"><\/path><\/svg><svg style=\"fill: #999;color:#999\" class=\"arrow-unsorted-368013\" xmlns=\"http:\/\/www.w3.org\/2000\/svg\" width=\"10px\" height=\"10px\" viewBox=\"0 0 24 24\" version=\"1.2\" baseProfile=\"tiny\"><path d=\"M18.2 9.3l-6.2-6.3-6.2 6.3c-.2.2-.3.4-.3.7s.1.5.3.7c.2.2.4.3.7.3h11c.3 0 .5-.1.7-.3.2-.2.3-.5.3-.7s-.1-.5-.3-.7zM5.8 14.7l6.2 6.3 6.2-6.3c.2-.2.3-.5.3-.7s-.1-.5-.3-.7c-.2-.2-.4-.3-.7-.3h-11c-.3 0-.5.1-.7.3-.2.2-.3.5-.3.7s.1.5.3.7z\"\/><\/svg><\/span><\/span><\/span><\/a><\/span><\/div>\n<nav><ul class='ez-toc-list ez-toc-list-level-1 ' ><ul class='ez-toc-list-level-3' ><li class='ez-toc-heading-level-3'><a class=\"ez-toc-link ez-toc-heading-1\" href=\"https:\/\/tacarc.org\/info\/archerie\/securite\/#Afin_de_garantir_la_securite_des_archers_les_precautions_suivantes_devraient_etre_suivies\" >Afin de garantir la s\u00e9curit\u00e9 des archers, les pr\u00e9cautions suivantes devraient \u00eatre suivies:<\/a><\/li><\/ul><\/li><li class='ez-toc-page-1 ez-toc-heading-level-2'><a class=\"ez-toc-link ez-toc-heading-2\" href=\"https:\/\/tacarc.org\/info\/archerie\/securite\/#Les_precautions_collectives\" >Les pr\u00e9cautions collectives<\/a><\/li><li class='ez-toc-page-1 ez-toc-heading-level-2'><a class=\"ez-toc-link ez-toc-heading-3\" href=\"https:\/\/tacarc.org\/info\/archerie\/securite\/#Les_precautions_individuelles\" >Les pr\u00e9cautions individuelles<\/a><\/li><\/ul><\/nav><\/div>\n<h3><span class=\"ez-toc-section\" id=\"Afin_de_garantir_la_securite_des_archers_les_precautions_suivantes_devraient_etre_suivies\"><\/span>Afin de garantir la s\u00e9curit\u00e9 des archers, les pr\u00e9cautions suivantes devraient \u00eatre suivies:<span class=\"ez-toc-section-end\"><\/span><\/h3>\n<h2><span class=\"ez-toc-section\" id=\"Les_precautions_collectives\"><\/span>Les pr\u00e9cautions collectives<span class=\"ez-toc-section-end\"><\/span><\/h2>\n<p><a href=\"https:\/\/tacarc.org\/info\/desespoir_laurent2\/\"><img loading=\"lazy\" decoding=\"async\" class=\"wp-image-2120 alignright\" title=\"l'archer se relaxe entre 2 vol\u00e9es\" src=\"https:\/\/tacarc.org\/info\/wp-content\/uploads\/2020\/09\/desespoir_laurent2.jpg\" alt=\"l'archer prend sa bouteille dans sa musette pour se d\u00e9salt\u00e9rer abondamment\" width=\"246\" height=\"292\" srcset=\"https:\/\/tacarc.org\/info\/wp-content\/uploads\/2020\/09\/desespoir_laurent2.jpg 571w, https:\/\/tacarc.org\/info\/wp-content\/uploads\/2020\/09\/desespoir_laurent2-253x300.jpg 253w\" sizes=\"auto, (max-width: 246px) 100vw, 246px\" \/><\/a><\/p>\n<ul>\n<li>Les archers doivent toujours \u00eatre situ\u00e9s sur une seule ligne de tir<\/li>\n<li>Ne jamais pointer un arc vers quelqu'un, avec ou sans fl\u00e8che<\/li>\n<li>Ne jamais toucher un arc en position de tir<\/li>\n<li>Ne jamais tirer avant que tout le monde soit de retour sur la ligne de tir. Ne jamais mettre la fl\u00e8che sur l\u2019arc avant que la zone de tir ne soit enti\u00e8rement lib\u00e9r\u00e9e.<\/li>\n<li>Exiger que les archers se retirent de plusieurs pas derri\u00e8re la ligne de tir apr\u00e8s leur vol\u00e9e<\/li>\n<li>Ne pas se tenir juste derri\u00e8re les fl\u00e8ches lorsqu'un archer les retire de la cible<\/li>\n<li>Veiller \u00e0 ce qu'un archer ne tire jamais avec une corde ou des fl\u00e8ches endommag\u00e9es.<\/li>\n<\/ul>\n<p>&nbsp;<\/p>\n<h2><span class=\"ez-toc-section\" id=\"Les_precautions_individuelles\"><\/span>Les pr\u00e9cautions individuelles<span class=\"ez-toc-section-end\"><\/span><\/h2>\n<ul>\n<li>Ne pas courrir en allant vers les cibles<\/li>\n<li>Ne pas se diriger directement vers le centre de la cible, mais plut\u00f4t sur un c\u00f4t\u00e9 pour \u00e9viter de heurter une fl\u00e8che<\/li>\n<li>Porter un prot\u00e8ge bras; cet accessoire peut \u00e9viter des blessures douloureuses \u00e0 l'avant bras<\/li>\n<li>Toute position devra assurer le libre passage de la corde. Port de v\u00eatement ajust\u00e9s ou plastron conseill\u00e9.<\/li>\n<li>Ne pas se servir de fl\u00e8ches trop courtes, celle ci peuvent occasionner de graves blessures \u00e0 la main d'arc si elles tombent du repose fl\u00e8che lors du tir.<\/li>\n<li>Ne jamais passer devant une ligne d'archer de pr\u00e8s ou de loin<\/li>\n<li>En allonge ne jamais l\u00e2cher une corde sans fl\u00e8che, les risques de rupture du mat\u00e9riel sont tr\u00e8s importants<\/li>\n<li>Laisser un arc devant la cible \u00e0 l'occasion d'une recherche de fl\u00e8ches perdues derri\u00e8re celle ci; sa pr\u00e9sence indiquera que la cible n'a pas \u00e9t\u00e9 d\u00e9gag\u00e9e. Ne d\u00e9poser aucune affaire personnelle entre la ligne de tir et la cible.<\/li>\n<li>Utiliser une chiffonnette, pour prot\u00e9ger la main de l'archer lorsque celui ci archera ses fl\u00e8ches de la cible.<\/li>\n<\/ul>\n<p class=\"namo-sublist\">\n","protected":false},"excerpt":{"rendered":"<p>Afin de garantir la s\u00e9curit\u00e9 des archers, les pr\u00e9cautions suivantes devraient \u00eatre suivies: Les pr\u00e9cautions collectives Les archers doivent toujours \u00eatre situ\u00e9s sur une seule ligne de tir Ne jamais pointer un arc vers quelqu'un, avec ou sans fl\u00e8che Ne &hellip; <a href=\"https:\/\/tacarc.org\/info\/archerie\/securite\/\">Continuer la lecture <span class=\"meta-nav\">&rarr;<\/span><\/a><\/p>\n","protected":false},"author":2,"featured_media":1045,"parent":1018,"menu_order":0,"comment_status":"closed","ping_status":"closed","template":"","meta":{"footnotes":""},"class_list":["post-2173","page","type-page","status-publish","has-post-thumbnail","hentry"],"jetpack_sharing_enabled":true,"_links":{"self":[{"href":"https:\/\/tacarc.org\/info\/wp-json\/wp\/v2\/pages\/2173","targetHints":{"allow":["GET"]}}],"collection":[{"href":"https:\/\/tacarc.org\/info\/wp-json\/wp\/v2\/pages"}],"about":[{"href":"https:\/\/tacarc.org\/info\/wp-json\/wp\/v2\/types\/page"}],"author":[{"embeddable":true,"href":"https:\/\/tacarc.org\/info\/wp-json\/wp\/v2\/users\/2"}],"replies":[{"embeddable":true,"href":"https:\/\/tacarc.org\/info\/wp-json\/wp\/v2\/comments?post=2173"}],"version-history":[{"count":0,"href":"https:\/\/tacarc.org\/info\/wp-json\/wp\/v2\/pages\/2173\/revisions"}],"up":[{"embeddable":true,"href":"https:\/\/tacarc.org\/info\/wp-json\/wp\/v2\/pages\/1018"}],"wp:featuredmedia":[{"embeddable":true,"href":"https:\/\/tacarc.org\/info\/wp-json\/wp\/v2\/media\/1045"}],"wp:attachment":[{"href":"https:\/\/tacarc.org\/info\/wp-json\/wp\/v2\/media?parent=2173"}],"curies":[{"name":"wp","href":"https:\/\/api.w.org\/{rel}","templated":true}]}}