
{"id":2068,"date":"2020-09-06T18:44:41","date_gmt":"2020-09-06T16:44:41","guid":{"rendered":"https:\/\/tacarc.org\/info\/?page_id=2068"},"modified":"2022-07-09T19:22:02","modified_gmt":"2022-07-09T17:22:02","slug":"contact","status":"publish","type":"page","link":"https:\/\/tacarc.org\/info\/contact\/","title":{"rendered":"contact"},"content":{"rendered":"<h1>Association TAC Club tir \u00e0 l'arc<\/h1>\n<table>\n<tbody>\n<tr>\n<td>raison sociale<br \/>\n<strong>Toulouse Athl\u00e9tic Club Tir \u00e0 l'arc<br \/>\n<\/strong>chez Pierre PERUZZETTO<br \/>\n11 rue Gaston Phoebus<br \/>\n31300 Toulouse<br \/>\ntel: 05 62 26 06 06<br \/>\nfax: 09 72 15 24 55<br \/>\n<a href=\"mailto:contact@tacarc.org\">contact@tacarc.org<\/a><\/td>\n<td>Association loi 1901<br \/>\nN\u00b0 dossier N\u00b0 W313003058 (3\/31086)<br \/>\nsiret 434009874 00018<br \/>\ncode APE 926C, NAF 9312Z<br \/>\naffiliation FFTA 1131081 (ex3231001)<br \/>\navec label Bronze, Argent<br \/>\nJeunesse et sport 2001:<br \/>\n31AS1007<br \/>\nDDCS: 03101ET0078<\/td>\n<\/tr>\n<\/tbody>\n<\/table>\n<div id=\"attachment_41\" style=\"width: 120px\" class=\"wp-caption alignright\"><a title=\" www.tacarc.org\" href=\"https:\/\/www.tacarc.org\/\"><img loading=\"lazy\" decoding=\"async\" aria-describedby=\"caption-attachment-41\" class=\"size-full wp-image-41 \" title=\"www.tacarc.org\" src=\"https:\/\/tacarc.org\/info\/wp-content\/uploads\/2010\/06\/logo_tac_arc.jpg\" alt=\"\" width=\"110\" height=\"99\" \/><\/a><p id=\"caption-attachment-41\" class=\"wp-caption-text\"><a title=\"accueil www.tacarc.org\" href=\"https:\/\/www.tacarc.org\/\">www.tacarc.org<\/a><\/p><\/div>\n<p>pr\u00e9sident: Pierre PERUZZETTO<br \/>\nsecr\u00e9taire: Jewveeta WOOCHIT<br \/>\ntr\u00e9sorier: Guillaume ESCANDE<\/p>\n<p>lieux de pratiques:<\/p>\n<ul>\n<li>Gymnase <a href=\"https:\/\/tacarc.org\/info\/gymnase-de-gironis\/\">Gironis<\/a><\/li>\n<li>Terrain ext\u00e9rieur de <a href=\"https:\/\/tacarc.org\/info\/terrain-de-pech-david\/\">Pech-David<\/a><\/li>\n<li>Parcours des <a href=\"https:\/\/tacarc.org\/info\/parcours-des-etroits\/\">Etroits<\/a><\/li>\n<\/ul>\n<p>Pour devenir adh\u00e9rent, consultez les conditions d'<a href=\"https:\/\/tacarc.org\/info\/cotisations\/\">inscription<\/a>\u00a0et compl\u00e9tez le <a href=\"https:\/\/tacarc.org\/info\/inscription\/\">formulaire de pr\u00e9-inscription<\/a>.<\/p>\n<p>Pour tout autre demande, vous pouvez nous contacter par courriel <a href=\"mailto:contact@tacarc.org\">contact@tacarc.org<\/a> ou avec le formulaire de contact<\/p>\n<div class=\"frm_forms  with_frm_style frm_style_style-formidable\" id=\"frm_form_1_container\" >\n<form enctype=\"multipart\/form-data\" method=\"post\" class=\"frm-show-form \" id=\"form_contact-form\" >\n<div class=\"frm_form_fields \">\n<fieldset>\n<legend class=\"frm_screen_reader\">Contact<\/legend>\r\n\r\n<div class=\"frm_fields_container\">\n<input type=\"hidden\" name=\"frm_action\" value=\"create\" \/>\n<input type=\"hidden\" name=\"form_id\" value=\"1\" \/>\n<input type=\"hidden\" name=\"frm_hide_fields_1\" id=\"frm_hide_fields_1\" value=\"\" \/>\n<input type=\"hidden\" name=\"form_key\" value=\"contact-form\" \/>\n<input type=\"hidden\" name=\"item_meta[0]\" value=\"\" \/>\n<input type=\"hidden\" id=\"frm_submit_entry_1\" name=\"frm_submit_entry_1\" value=\"554d6483f1\" \/><input type=\"hidden\" name=\"_wp_http_referer\" value=\"\/info\/wp-json\/wp\/v2\/pages\/2068\" \/><div id=\"frm_field_1_container\" class=\"frm_form_field form-field  frm_required_field frm_top_container frm_first frm_half\">\r\n    <label for=\"field_qh4icy\" id=\"field_qh4icy_label\" class=\"frm_primary_label\">Nom\r\n        <span class=\"frm_required\">*<\/span>\r\n    <\/label>\r\n    <input type=\"text\" id=\"field_qh4icy\" name=\"item_meta[1]\" value=\"\"  data-reqmsg=\"Ce champ ne peut pas \u00eatre vide\" aria-required=\"true\" data-invmsg=\"Name est non valide\" aria-invalid=\"false\"   aria-describedby=\"frm_desc_field_qh4icy\"\/>\r\n    <div class=\"frm_description\" id=\"frm_desc_field_qh4icy\">entrez votre nom<\/div>\r\n    \r\n<\/div>\n<div id=\"frm_field_6_container\" class=\"frm_form_field form-field  frm_required_field frm_top_container frm_first frm_half\">\r\n    <label for=\"field_z2qec\" id=\"field_z2qec_label\" class=\"frm_primary_label\">Pr\u00e9nom\r\n        <span class=\"frm_required\">*<\/span>\r\n    <\/label>\r\n    <input type=\"text\" id=\"field_z2qec\" name=\"item_meta[6]\" value=\"\"  data-reqmsg=\"Ce champ ne peut pas \u00eatre vide\" aria-required=\"true\" data-invmsg=\"Name est non valide\" aria-invalid=\"false\"   aria-describedby=\"frm_desc_field_z2qec\"\/>\r\n    <div class=\"frm_description\" id=\"frm_desc_field_z2qec\">entrez votre pr\u00e9nom<\/div>\r\n    \r\n<\/div>\n<div id=\"frm_field_3_container\" class=\"frm_form_field form-field  frm_required_field frm_top_container frm_full\">\r\n    <label for=\"field_29yf4d\" id=\"field_29yf4d_label\" class=\"frm_primary_label\">Email\r\n        <span class=\"frm_required\">*<\/span>\r\n    <\/label>\r\n    <input type=\"email\" id=\"field_29yf4d\" name=\"item_meta[3]\" value=\"\"  data-reqmsg=\"Ce champ ne peut pas \u00eatre vide\" aria-required=\"true\" data-invmsg=\"Please enter a valid email address\" aria-invalid=\"false\"  \/>\r\n    \r\n    \r\n<\/div>\n<div id=\"frm_field_4_container\" class=\"frm_form_field form-field  frm_required_field frm_top_container frm_full\">\r\n    <label for=\"field_e6lis6\" id=\"field_e6lis6_label\" class=\"frm_primary_label\">Sujet\r\n        <span class=\"frm_required\">*<\/span>\r\n    <\/label>\r\n    <input type=\"text\" id=\"field_e6lis6\" name=\"item_meta[4]\" value=\"\"  data-reqmsg=\"Ce champ ne peut pas \u00eatre vide\" aria-required=\"true\" data-invmsg=\"Subject est non valide\" aria-invalid=\"false\"  \/>\r\n    \r\n    \r\n<\/div>\n<div id=\"frm_field_5_container\" class=\"frm_form_field form-field  frm_required_field frm_top_container frm_full\">\r\n    <label for=\"field_9jv0r1\" id=\"field_9jv0r1_label\" class=\"frm_primary_label\">Message\r\n        <span class=\"frm_required\">*<\/span>\r\n    <\/label>\r\n    <textarea name=\"item_meta[5]\" id=\"field_9jv0r1\" rows=\"5\"  data-reqmsg=\"Ce champ ne peut pas \u00eatre vide\" aria-required=\"true\" data-invmsg=\"Message est non valide\" aria-invalid=\"false\"  ><\/textarea>\r\n    \r\n    \r\n<\/div>\n<div id=\"frm_field_9_container\" class=\"frm_form_field form-field  frm_none_container\">\n    <label for=\"g-recaptcha-response\" id=\"field_ri0dj_label\" class=\"frm_primary_label\">reCAPTCHA\n        <span class=\"frm_required\"><\/span>\n    <\/label>\n    <div  id=\"field_ri0dj\" class=\"frm-g-recaptcha\" data-sitekey=\"6Lc2F8gZAAAAAKxUa0pQSrUQm9iQwOH7aOL7mFwj\" data-size=\"normal\" data-theme=\"light\"><\/div>\n    \n    \n<\/div>\n\t<input type=\"hidden\" name=\"item_key\" value=\"\" \/>\n\t\t\t<div id=\"frm_field_372_container\">\n\t\t\t<label for=\"field_jxtke\" >\n\t\t\t\tSi vous \u00eates un humain, ne remplissez pas ce champ.\t\t\t<\/label>\n\t\t\t<input  id=\"field_jxtke\" type=\"text\" class=\"frm_form_field form-field frm_verify\" name=\"item_meta[372]\" value=\"\"  \/>\n\t\t<\/div>\n\t\t<input name=\"frm_state\" type=\"hidden\" value=\"NYpzzTw71g9+e2ViKIqKoX3XNL0r33jr0xf\/Ee\/wl6Q=\" \/><div class=\"frm_submit\">\r\n\r\n<button class=\"frm_button_submit\" type=\"submit\"  >Envoyer<\/button>\r\n\r\n<\/div><\/div>\n<\/fieldset>\n<\/div>\n\n<\/form>\n<\/div>\n\n","protected":false},"excerpt":{"rendered":"<p>Association TAC Club tir \u00e0 l'arc raison sociale Toulouse Athl\u00e9tic Club Tir \u00e0 l'arc chez Pierre PERUZZETTO 11 rue Gaston Phoebus 31300 Toulouse tel: 05 62 26 06 06 fax: 09 72 15 24 55 contact@tacarc.org Association loi 1901 N\u00b0 &hellip; <a href=\"https:\/\/tacarc.org\/info\/contact\/\">Continuer la lecture <span class=\"meta-nav\">&rarr;<\/span><\/a><\/p>\n","protected":false},"author":2,"featured_media":0,"parent":0,"menu_order":0,"comment_status":"closed","ping_status":"closed","template":"","meta":{"footnotes":""},"class_list":["post-2068","page","type-page","status-publish","hentry"],"jetpack_sharing_enabled":true,"_links":{"self":[{"href":"https:\/\/tacarc.org\/info\/wp-json\/wp\/v2\/pages\/2068","targetHints":{"allow":["GET"]}}],"collection":[{"href":"https:\/\/tacarc.org\/info\/wp-json\/wp\/v2\/pages"}],"about":[{"href":"https:\/\/tacarc.org\/info\/wp-json\/wp\/v2\/types\/page"}],"author":[{"embeddable":true,"href":"https:\/\/tacarc.org\/info\/wp-json\/wp\/v2\/users\/2"}],"replies":[{"embeddable":true,"href":"https:\/\/tacarc.org\/info\/wp-json\/wp\/v2\/comments?post=2068"}],"version-history":[{"count":0,"href":"https:\/\/tacarc.org\/info\/wp-json\/wp\/v2\/pages\/2068\/revisions"}],"wp:attachment":[{"href":"https:\/\/tacarc.org\/info\/wp-json\/wp\/v2\/media?parent=2068"}],"curies":[{"name":"wp","href":"https:\/\/api.w.org\/{rel}","templated":true}]}}