
{"id":2,"date":"2010-06-25T16:22:26","date_gmt":"2010-06-25T14:22:26","guid":{"rendered":"http:\/\/tacarc.org\/info\/\/?page_id=2"},"modified":"2023-06-25T05:10:31","modified_gmt":"2023-06-25T03:10:31","slug":"club","status":"publish","type":"page","link":"https:\/\/tacarc.org\/info\/club\/","title":{"rendered":"Le club TAC"},"content":{"rendered":"<div id=\"attachment_41\" style=\"width: 120px\" class=\"wp-caption alignright\"><a title=\" www.tacarc.org\" href=\"https:\/\/www.tacarc.org\/\"><img loading=\"lazy\" decoding=\"async\" aria-describedby=\"caption-attachment-41\" class=\"size-full wp-image-41 \" title=\"www.tacarc.org\" src=\"https:\/\/tacarc.org\/info\/wp-content\/uploads\/2010\/06\/logo_tac_arc.jpg\" alt=\"\" width=\"110\" height=\"99\" \/><\/a><p id=\"caption-attachment-41\" class=\"wp-caption-text\"><a title=\"accueil www.tacarc.org\" href=\"https:\/\/www.tacarc.org\/\">www.tacarc.org<\/a><\/p><\/div>\n<p>Le club <a title=\"accueil www.tacarc.org\" href=\"https:\/\/www.tacarc.org\/\">TAC ARC<\/a> (Toulouse Athl\u00e9tic Club - Tir \u00e0 l'Arc) vous propose de pratiquer le Tir \u00e0 l'Arc Olympique sous toutes ses disciplines depuis les <a title=\"Histoire du TAC Tir \u00e0 l'Arc\" href=\"https:\/\/tacarc.org\/info\/histoire-du-tac-tir-a-larc\/\">ann\u00e9es 1960<\/a> : tir \u00e0 l'arc classique, arc \u00e0 poulies (compound) et arc nu. L'association loi 1901 a pour objet de favoriser la pratique du Tir \u00e0 l'Arc.<br \/>\nLe Toulouse TAC qui est g\u00e9r\u00e9 par des b\u00e9n\u00e9voles pour ses adh\u00e9rents; le club ne propose pas de prestations commerciales ponctuelles.<br \/>\nLes membres du club sont motiv\u00e9s par une pratique du tir \u00e0 l'arc sur un cycle annuel.<\/p>\n<table>\n<tbody>\n<tr>\n<td valign=\"top\">Pr\u00e9sentation, <a href=\"https:\/\/tacarc.org\/info\/contact\/\">contact<\/a><\/p>\n<ul>\n<li><a title=\"conditions d'adh\u00e9sion\" href=\"https:\/\/tacarc.org\/info\/cotisations\/\">adh\u00e9sion\u00a0-\u00a0cotisation<\/a><\/li>\n<li><a title=\"formulaire d'inscription\" href=\"https:\/\/www.tacarc.org\/inscription\/\">formulaire d'inscription<\/a><\/li>\n<\/ul>\n<ul>\n<li><a title=\"Gymnase de Gironis\" href=\"https:\/\/tacarc.org\/info\/gymnase-de-gironis\/\">tir en salle<\/a><\/li>\n<li><a title=\"Terrain de Pech-David\" href=\"https:\/\/tacarc.org\/info\/terrain-de-pech-david\/\">tir ext\u00e9rieur<\/a> sur cibles anglaises<\/li>\n<li>disciplines de <a title=\"Parcours des Etroits\" href=\"https:\/\/tacarc.org\/info\/terrain-de-pech-david\/\">parcours<\/a>: tirs campagne, nature, 3D<\/li>\n<li>courriel: <a href=\"mailto:contact@tacarc.org\">contact@tacarc.org<\/a><\/li>\n<\/ul>\n<\/td>\n<td><a href=\"https:\/\/tacarc.org\/info\/wp-content\/uploads\/2015\/04\/ffta_label_argent.png\"><img loading=\"lazy\" decoding=\"async\" src=\"https:\/\/tacarc.org\/info\/wp-content\/uploads\/2015\/04\/ffta_label_argent.png\" alt=\"\" width=\"139\" height=\"58\" \/><\/a><a href=\"https:\/\/tacarc.org\/info\/wp-content\/uploads\/2013\/10\/ffta_club_affilie.jpg\"><img loading=\"lazy\" decoding=\"async\" src=\"https:\/\/tacarc.org\/info\/wp-content\/uploads\/2013\/10\/ffta_club_affilie.jpg\" alt=\"Club affili\u00e9 FFTA\" width=\"150\" height=\"150\" \/><\/a><\/td>\n<\/tr>\n<\/tbody>\n<\/table>\n<p>Les inscriptions annuelles et entra\u00eenements dans le <a title=\"Gymnase de Gironis\" href=\"https:\/\/tacarc.org\/info\/gymnase-de-gironis\/\">gymnase Gironis<\/a> reprennent fin septembre dans le gymnase Gironis de pr\u00e9f\u00e9rence le mardi soir.<br \/>\nLes cours d'initiation sont ouverts pour les enfants \u00e0 partir de 12ans.<br \/>\nLes entra\u00eenements ext\u00e9rieurs ont lieu sur les terrains de <a href=\"https:\/\/tacarc.org\/info\/terrain-de-pech-david\/\">Pech-David<\/a> ou des <a title=\"Parcours des Etroits\" href=\"https:\/\/tacarc.org\/info\/parcours-des-etroits\/\">Etroits<\/a>.Pour suivre l'actualit\u00e9 du TAC:<\/p>\n<ul>\n<li>sur Facebook, cliquez sur \"like\" de la page <a title=\"page facebook du TAC\" href=\"https:\/\/www.facebook.com\/tacarc31\" target=\"_blank\" rel=\"noopener noreferrer\">www.facebook.com\/tacarc31<\/a><\/li>\n<li>abonnez-vous \u00e0 la <a title=\"Inscription sur liste de diffusion du TAC\" href=\"https:\/\/tacarc.org\/info\/inscription-sur-liste-de-diffusion-du-tac\/\">liste des amis du TAC<\/a><\/li>\n<li>suivez l'agenda sur <a href=\"https:\/\/tacarc.org\/info\/about\/agenda-du-tac\/\">www.tacarc.org<\/a><\/li>\n<\/ul>\n<p><iframe loading=\"lazy\" style=\"border-width: 0;\" src=\"https:\/\/www.google.com\/calendar\/embed?showTitle=0&amp;showNav=0&amp;showPrint=0&amp;showTabs=0&amp;showCalendars=0&amp;showTz=0&amp;mode=AGENDA&amp;height=250&amp;wkst=2&amp;bgcolor=%23FFFFFF&amp;src=tacarc31%40gmail.com&amp;color=%23A32929&amp;ctz=Europe%2FParis\" width=\"600\" height=\"250\" frameborder=\"0\" scrolling=\"no\"><\/iframe><\/p>\n<p><!-- Facebook --><\/p>\n<div class=\"fb-like-box\" data-href=\"https:\/\/www.facebook.com\/tacarc31\" data-width=\"500\" data-height=\"375\" data-show-faces=\"true\" data-border-color=\"#FFF\" data-stream=\"true\" data-header=\"false\"><\/div>\n<div id=\"fb-root\"><div class=\"frm_forms  with_frm_style frm_style_style-formidable\" id=\"frm_form_1_container\" >\n<form enctype=\"multipart\/form-data\" method=\"post\" class=\"frm-show-form \" id=\"form_contact-form\" >\n<div class=\"frm_form_fields \">\n<fieldset>\n<legend class=\"frm_screen_reader\">Contact<\/legend>\r\n\r\n<div class=\"frm_fields_container\">\n<input type=\"hidden\" name=\"frm_action\" value=\"create\" \/>\n<input type=\"hidden\" name=\"form_id\" value=\"1\" \/>\n<input type=\"hidden\" name=\"frm_hide_fields_1\" id=\"frm_hide_fields_1\" value=\"\" \/>\n<input type=\"hidden\" name=\"form_key\" value=\"contact-form\" \/>\n<input type=\"hidden\" name=\"item_meta[0]\" value=\"\" \/>\n<input type=\"hidden\" id=\"frm_submit_entry_1\" name=\"frm_submit_entry_1\" value=\"cd4486c5b8\" \/><input type=\"hidden\" name=\"_wp_http_referer\" value=\"\/info\/wp-json\/wp\/v2\/pages\/2\" \/><div id=\"frm_field_1_container\" class=\"frm_form_field form-field  frm_required_field frm_top_container frm_first frm_half\">\r\n    <label for=\"field_qh4icy\" id=\"field_qh4icy_label\" class=\"frm_primary_label\">Nom\r\n        <span class=\"frm_required\">*<\/span>\r\n    <\/label>\r\n    <input type=\"text\" id=\"field_qh4icy\" name=\"item_meta[1]\" value=\"\"  data-reqmsg=\"Ce champ ne peut pas \u00eatre vide\" aria-required=\"true\" data-invmsg=\"Name est non valide\" aria-invalid=\"false\"   aria-describedby=\"frm_desc_field_qh4icy\"\/>\r\n    <div class=\"frm_description\" id=\"frm_desc_field_qh4icy\">entrez votre nom<\/div>\r\n    \r\n<\/div>\n<div id=\"frm_field_6_container\" class=\"frm_form_field form-field  frm_required_field frm_top_container frm_first frm_half\">\r\n    <label for=\"field_z2qec\" id=\"field_z2qec_label\" class=\"frm_primary_label\">Pr\u00e9nom\r\n        <span class=\"frm_required\">*<\/span>\r\n    <\/label>\r\n    <input type=\"text\" id=\"field_z2qec\" name=\"item_meta[6]\" value=\"\"  data-reqmsg=\"Ce champ ne peut pas \u00eatre vide\" aria-required=\"true\" data-invmsg=\"Name est non valide\" aria-invalid=\"false\"   aria-describedby=\"frm_desc_field_z2qec\"\/>\r\n    <div class=\"frm_description\" id=\"frm_desc_field_z2qec\">entrez votre pr\u00e9nom<\/div>\r\n    \r\n<\/div>\n<div id=\"frm_field_3_container\" class=\"frm_form_field form-field  frm_required_field frm_top_container frm_full\">\r\n    <label for=\"field_29yf4d\" id=\"field_29yf4d_label\" class=\"frm_primary_label\">Email\r\n        <span class=\"frm_required\">*<\/span>\r\n    <\/label>\r\n    <input type=\"email\" id=\"field_29yf4d\" name=\"item_meta[3]\" value=\"\"  data-reqmsg=\"Ce champ ne peut pas \u00eatre vide\" aria-required=\"true\" data-invmsg=\"Please enter a valid email address\" aria-invalid=\"false\"  \/>\r\n    \r\n    \r\n<\/div>\n<div id=\"frm_field_4_container\" class=\"frm_form_field form-field  frm_required_field frm_top_container frm_full\">\r\n    <label for=\"field_e6lis6\" id=\"field_e6lis6_label\" class=\"frm_primary_label\">Sujet\r\n        <span class=\"frm_required\">*<\/span>\r\n    <\/label>\r\n    <input type=\"text\" id=\"field_e6lis6\" name=\"item_meta[4]\" value=\"\"  data-reqmsg=\"Ce champ ne peut pas \u00eatre vide\" aria-required=\"true\" data-invmsg=\"Subject est non valide\" aria-invalid=\"false\"  \/>\r\n    \r\n    \r\n<\/div>\n<div id=\"frm_field_5_container\" class=\"frm_form_field form-field  frm_required_field frm_top_container frm_full\">\r\n    <label for=\"field_9jv0r1\" id=\"field_9jv0r1_label\" class=\"frm_primary_label\">Message\r\n        <span class=\"frm_required\">*<\/span>\r\n    <\/label>\r\n    <textarea name=\"item_meta[5]\" id=\"field_9jv0r1\" rows=\"5\"  data-reqmsg=\"Ce champ ne peut pas \u00eatre vide\" aria-required=\"true\" data-invmsg=\"Message est non valide\" aria-invalid=\"false\"  ><\/textarea>\r\n    \r\n    \r\n<\/div>\n<div id=\"frm_field_9_container\" class=\"frm_form_field form-field  frm_none_container\">\n    <label for=\"g-recaptcha-response\" id=\"field_ri0dj_label\" class=\"frm_primary_label\">reCAPTCHA\n        <span class=\"frm_required\"><\/span>\n    <\/label>\n    <div  id=\"field_ri0dj\" class=\"frm-g-recaptcha\" data-sitekey=\"6Lc2F8gZAAAAAKxUa0pQSrUQm9iQwOH7aOL7mFwj\" data-size=\"normal\" data-theme=\"light\"><\/div>\n    \n    \n<\/div>\n\t<input type=\"hidden\" name=\"item_key\" value=\"\" \/>\n\t\t\t<div id=\"frm_field_372_container\">\n\t\t\t<label for=\"field_3fhni\" >\n\t\t\t\tSi vous \u00eates un humain, ne remplissez pas ce champ.\t\t\t<\/label>\n\t\t\t<input  id=\"field_3fhni\" type=\"text\" class=\"frm_form_field form-field frm_verify\" name=\"item_meta[372]\" value=\"\"  \/>\n\t\t<\/div>\n\t\t<input name=\"frm_state\" type=\"hidden\" value=\"NYpzzTw71g9+e2ViKIqKoX3XNL0r33jr0xf\/Ee\/wl6Q=\" \/><div class=\"frm_submit\">\r\n\r\n<button class=\"frm_button_submit\" type=\"submit\"  >Envoyer<\/button>\r\n\r\n<\/div><\/div>\n<\/fieldset>\n<\/div>\n\n<\/form>\n<\/div>\n<\/div>\n<div><\/div>\n<p><script>\/\/ <![CDATA[ \/\/ Load the SDK Asynchronously (function(d){ var js, id = 'facebook-jssdk', ref = d.getElementsByTagName('script')[0]; if (d.getElementById(id)) {return;} js = d.createElement('script'); js.id = id; js.async = true; js.src = \"\/\/connect.facebook.net\/en_US\/all.js#xfbml=1\"; ref.parentNode.insertBefore(js, ref); }(document)); \/\/ ]]><\/script><\/p>\n<div class=\"fb-like\"><\/div>\n","protected":false},"excerpt":{"rendered":"<p>Le club TAC ARC (Toulouse Athl\u00e9tic Club - Tir \u00e0 l'Arc) vous propose de pratiquer le Tir \u00e0 l'Arc Olympique sous toutes ses disciplines depuis les ann\u00e9es 1960 : tir \u00e0 l'arc classique, arc \u00e0 poulies (compound) et arc nu. &hellip; <a href=\"https:\/\/tacarc.org\/info\/club\/\">Continuer la lecture <span class=\"meta-nav\">&rarr;<\/span><\/a><\/p>\n","protected":false},"author":1,"featured_media":2207,"parent":0,"menu_order":1,"comment_status":"open","ping_status":"closed","template":"","meta":{"footnotes":""},"class_list":["post-2","page","type-page","status-publish","has-post-thumbnail","hentry"],"jetpack_sharing_enabled":true,"_links":{"self":[{"href":"https:\/\/tacarc.org\/info\/wp-json\/wp\/v2\/pages\/2","targetHints":{"allow":["GET"]}}],"collection":[{"href":"https:\/\/tacarc.org\/info\/wp-json\/wp\/v2\/pages"}],"about":[{"href":"https:\/\/tacarc.org\/info\/wp-json\/wp\/v2\/types\/page"}],"author":[{"embeddable":true,"href":"https:\/\/tacarc.org\/info\/wp-json\/wp\/v2\/users\/1"}],"replies":[{"embeddable":true,"href":"https:\/\/tacarc.org\/info\/wp-json\/wp\/v2\/comments?post=2"}],"version-history":[{"count":0,"href":"https:\/\/tacarc.org\/info\/wp-json\/wp\/v2\/pages\/2\/revisions"}],"wp:featuredmedia":[{"embeddable":true,"href":"https:\/\/tacarc.org\/info\/wp-json\/wp\/v2\/media\/2207"}],"wp:attachment":[{"href":"https:\/\/tacarc.org\/info\/wp-json\/wp\/v2\/media?parent=2"}],"curies":[{"name":"wp","href":"https:\/\/api.w.org\/{rel}","templated":true}]}}