
{"id":1767,"date":"2016-03-20T12:00:26","date_gmt":"2016-03-20T11:00:26","guid":{"rendered":"http:\/\/tacarc.org\/info\/?page_id=1767"},"modified":"2020-09-06T21:50:38","modified_gmt":"2020-09-06T19:50:38","slug":"projet-de-club","status":"publish","type":"page","link":"https:\/\/tacarc.org\/info\/club\/tac-gestion-du-club\/projet-de-club\/","title":{"rendered":"projet de club"},"content":{"rendered":"<div id=\"ez-toc-container\" class=\"ez-toc-v2_0_80 counter-hierarchy ez-toc-counter ez-toc-grey ez-toc-container-direction\">\n<div class=\"ez-toc-title-container\">\n<p class=\"ez-toc-title\" style=\"cursor:inherit\">Sommaire<\/p>\n<span class=\"ez-toc-title-toggle\"><a href=\"#\" class=\"ez-toc-pull-right ez-toc-btn ez-toc-btn-xs ez-toc-btn-default ez-toc-toggle\" aria-label=\"Toggle Table of Content\"><span class=\"ez-toc-js-icon-con\"><span class=\"\"><span class=\"eztoc-hide\" style=\"display:none;\">Toggle<\/span><span class=\"ez-toc-icon-toggle-span\"><svg style=\"fill: #999;color:#999\" xmlns=\"http:\/\/www.w3.org\/2000\/svg\" class=\"list-377408\" width=\"20px\" height=\"20px\" viewBox=\"0 0 24 24\" fill=\"none\"><path d=\"M6 6H4v2h2V6zm14 0H8v2h12V6zM4 11h2v2H4v-2zm16 0H8v2h12v-2zM4 16h2v2H4v-2zm16 0H8v2h12v-2z\" fill=\"currentColor\"><\/path><\/svg><svg style=\"fill: #999;color:#999\" class=\"arrow-unsorted-368013\" xmlns=\"http:\/\/www.w3.org\/2000\/svg\" width=\"10px\" height=\"10px\" viewBox=\"0 0 24 24\" version=\"1.2\" baseProfile=\"tiny\"><path d=\"M18.2 9.3l-6.2-6.3-6.2 6.3c-.2.2-.3.4-.3.7s.1.5.3.7c.2.2.4.3.7.3h11c.3 0 .5-.1.7-.3.2-.2.3-.5.3-.7s-.1-.5-.3-.7zM5.8 14.7l6.2 6.3 6.2-6.3c.2-.2.3-.5.3-.7s-.1-.5-.3-.7c-.2-.2-.4-.3-.7-.3h-11c-.3 0-.5.1-.7.3-.2.2-.3.5-.3.7s.1.5.3.7z\"\/><\/svg><\/span><\/span><\/span><\/a><\/span><\/div>\n<nav><ul class='ez-toc-list ez-toc-list-level-1 ' ><li class='ez-toc-page-1 ez-toc-heading-level-1'><a class=\"ez-toc-link ez-toc-heading-1\" href=\"https:\/\/tacarc.org\/info\/club\/tac-gestion-du-club\/projet-de-club\/#Projet_de_Club\" >Projet de Club<\/a><ul class='ez-toc-list-level-2' ><li class='ez-toc-heading-level-2'><a class=\"ez-toc-link ez-toc-heading-2\" href=\"https:\/\/tacarc.org\/info\/club\/tac-gestion-du-club\/projet-de-club\/#Terrains_de_tir\" >Terrains de tir<\/a><\/li><li class='ez-toc-page-1 ez-toc-heading-level-2'><a class=\"ez-toc-link ez-toc-heading-3\" href=\"https:\/\/tacarc.org\/info\/club\/tac-gestion-du-club\/projet-de-club\/#Organisation_de_competitions\" >Organisation de comp\u00e9titions<\/a><\/li><li class='ez-toc-page-1 ez-toc-heading-level-2'><a class=\"ez-toc-link ez-toc-heading-4\" href=\"https:\/\/tacarc.org\/info\/club\/tac-gestion-du-club\/projet-de-club\/#Echanges_et_mutualisation_inter-clubs\" >\u00c9changes et mutualisation inter-clubs<\/a><\/li><\/ul><\/li><\/ul><\/nav><\/div>\n<h1><span class=\"ez-toc-section\" id=\"Projet_de_Club\"><\/span>Projet de Club<span class=\"ez-toc-section-end\"><\/span><\/h1>\n<p>Les deux piliers de la gestion sportive du Toulouse TAC sont:<\/p>\n<ul>\n<li>l'\u00e9cole de tir pour les d\u00e9butants<\/li>\n<li>la promotion des archers confirm\u00e9s vers la comp\u00e9tition<\/li>\n<\/ul>\n<h2><span class=\"ez-toc-section\" id=\"Terrains_de_tir\"><\/span>Terrains de tir<span class=\"ez-toc-section-end\"><\/span><\/h2>\n<p>Les entra\u00eenements polyvalents sont pratiqu\u00e9s sur toutes les configurations de tir en concours:<\/p>\n<ul>\n<li><a href=\"http:\/\/tacarc.org\/info\/?page_id=986\">gymnase Gironis<\/a> pour le tir en salle selon des cr\u00e9neaux horaires (mardi soir, jeudi soir, vendredi midi)<\/li>\n<li>terrain de tir de <a href=\"http:\/\/tacarc.org\/info\/?page_id=1002\">Pech-David<\/a> pour le tir ext\u00e9rieur sur cibles anglaises avec abris et \u00e9clairage nocturne pour une pratique sans restriction sur la dur\u00e9e et la p\u00e9riode d'entra\u00eenement<\/li>\n<li>terrain d'entra\u00eenement des <a href=\"http:\/\/tacarc.org\/info\/?page_id=1011\">Etroits<\/a> pour le parcours, plut\u00f4t d\u00e9di\u00e9 au tir campagne, \u00e9galement disponible aux archers du Toulouse TAC sans restriction de p\u00e9riode ou dur\u00e9e.<\/li>\n<\/ul>\n<h2><span class=\"ez-toc-section\" id=\"Organisation_de_competitions\"><\/span>Organisation de comp\u00e9titions<span class=\"ez-toc-section-end\"><\/span><\/h2>\n<p>le Toulouse TAC organise:<\/p>\n<ul>\n<li>un concours salle annuel dans le gymnase Gironis<\/li>\n<li>un concours ext\u00e9rieur sur le <a href=\"http:\/\/tacarc.org\/info\/?page_id=1656\">stade Barran<\/a>, en 2016 le championnat de ligue f\u00e9d\u00e9ral<\/li>\n<li>une rencontre jeune, en 2016 dans le cadre d'un coupe inter-clubs entre Cugnaux, Muret et le TAC. Le projet en 2017 est de compl\u00e9ter ces tirs individuels par des tirs en \u00e9quipe.<\/li>\n<\/ul>\n<p>Le club TAC favorise la participations de ses archers<\/p>\n<ul>\n<li>aux comp\u00e9titions s\u00e9lectives pour les championnats de France salle, FITA, f\u00e9d\u00e9ral, campagne<\/li>\n<li>la formation d'\u00e9quipes DR, division r\u00e9gionale<\/li>\n<li>l'acc\u00e8s aux rencontres jeunes<\/li>\n<li>la participation aux championnats de France pour ses archers qualifi\u00e9s<\/li>\n<\/ul>\n<h2><span class=\"ez-toc-section\" id=\"Echanges_et_mutualisation_inter-clubs\"><\/span>\u00c9changes et mutualisation inter-clubs<span class=\"ez-toc-section-end\"><\/span><\/h2>\n<p>Afin de proposer aux archers du club des entra\u00eenements compl\u00e9mentaires, le Toulouse TAC favorise les \u00e9changes inter-clubs pour mutualiser les ressources. L'\u00e9tat d'esprit de ces mutualisations est celui de \"l'auberge espagnole\": celui qui arrive au repas vient avec ses vivres et un peu plus: c'est le partage des surplus individuels qui constitue la richesse de l'\u00e9change du groupe.<\/p>\n<p>A ce jour, le TAC a d\u00e9velopp\u00e9 des \u00e9changes avec les clubs de:<\/p>\n<ul>\n<li>Cugnaux: possibiliti\u00e9 d'<span style=\"text-decoration: underline;\">entra\u00eenements conjoints<\/span> sur les sites de tir, notamment en salle pour offrir des cr\u00e9neaux horaires plus amples aux archers de Cugnaux et du TAC<\/li>\n<li>Cugnaux: entra\u00eenements encadr\u00e9s par un <span style=\"text-decoration: underline;\">entra\u00eeneur BE<\/span> sur un volume horaire de l'ordre de 12h\/mois \u00e0 Cugnaux pour une vingtaine d'archers dont 6 \u00e0 8 du TAC, sp\u00e9cialement destin\u00e9s aux archers comp\u00e9titeurs.<\/li>\n<li>Pamiers: les jeunes archers de Pamiers s'entra\u00eenent avec un encadrement BE un soir par semaine sur les sites de tir du TAC (Gymnase en hiver, terrain ext\u00e9rieur au printemps)<\/li>\n<li>Balma: mise \u00e0 disposition du terrain ext\u00e9rieur de Pech-David pour les archers comp\u00e9titeurs pour la pr\u00e9paration de la saison ext\u00e9rieure FITA<\/li>\n<li>Blagnac: journ\u00e9es d\u00e9couvertes pour jeunes sur le parcours des Etroits<\/li>\n<li>Ligue: mise \u00e0 disposition du terrain ext\u00e9rieur pour stages FITA du groupe r\u00e9gional<\/li>\n<li>Archers licenci\u00e9s FFTA: possibilit\u00e9 pour les archers licenci\u00e9s FFTA hors du club TAC de venir s'entra\u00eener sur les sites du TAC, option tout sp\u00e9cialement destin\u00e9e aux archers qui ne r\u00e9sident \u00e0 pas dans l'agglom\u00e9ration toulousaine mais qui y exercent une activit\u00e9 professionnelle.<\/li>\n<\/ul>\n","protected":false},"excerpt":{"rendered":"<p>Projet de Club Les deux piliers de la gestion sportive du Toulouse TAC sont: l'\u00e9cole de tir pour les d\u00e9butants la promotion des archers confirm\u00e9s vers la comp\u00e9tition Terrains de tir Les entra\u00eenements polyvalents sont pratiqu\u00e9s sur toutes les configurations &hellip; <a href=\"https:\/\/tacarc.org\/info\/club\/tac-gestion-du-club\/projet-de-club\/\">Continuer la lecture <span class=\"meta-nav\">&rarr;<\/span><\/a><\/p>\n","protected":false},"author":2,"featured_media":2206,"parent":667,"menu_order":0,"comment_status":"closed","ping_status":"closed","template":"","meta":{"footnotes":""},"class_list":["post-1767","page","type-page","status-publish","has-post-thumbnail","hentry"],"jetpack_sharing_enabled":true,"_links":{"self":[{"href":"https:\/\/tacarc.org\/info\/wp-json\/wp\/v2\/pages\/1767","targetHints":{"allow":["GET"]}}],"collection":[{"href":"https:\/\/tacarc.org\/info\/wp-json\/wp\/v2\/pages"}],"about":[{"href":"https:\/\/tacarc.org\/info\/wp-json\/wp\/v2\/types\/page"}],"author":[{"embeddable":true,"href":"https:\/\/tacarc.org\/info\/wp-json\/wp\/v2\/users\/2"}],"replies":[{"embeddable":true,"href":"https:\/\/tacarc.org\/info\/wp-json\/wp\/v2\/comments?post=1767"}],"version-history":[{"count":0,"href":"https:\/\/tacarc.org\/info\/wp-json\/wp\/v2\/pages\/1767\/revisions"}],"up":[{"embeddable":true,"href":"https:\/\/tacarc.org\/info\/wp-json\/wp\/v2\/pages\/667"}],"wp:featuredmedia":[{"embeddable":true,"href":"https:\/\/tacarc.org\/info\/wp-json\/wp\/v2\/media\/2206"}],"wp:attachment":[{"href":"https:\/\/tacarc.org\/info\/wp-json\/wp\/v2\/media?parent=1767"}],"curies":[{"name":"wp","href":"https:\/\/api.w.org\/{rel}","templated":true}]}}