
{"id":1656,"date":"2015-04-09T18:43:40","date_gmt":"2015-04-09T16:43:40","guid":{"rendered":"http:\/\/tacarc.org\/info\/?page_id=1656"},"modified":"2024-04-26T10:55:56","modified_gmt":"2024-04-26T08:55:56","slug":"stade-robert-barran","status":"publish","type":"page","link":"https:\/\/tacarc.org\/info\/stade-robert-barran\/","title":{"rendered":"Stade Robert Barran"},"content":{"rendered":"<div id=\"ez-toc-container\" class=\"ez-toc-v2_0_80 counter-hierarchy ez-toc-counter ez-toc-grey ez-toc-container-direction\">\n<div class=\"ez-toc-title-container\">\n<p class=\"ez-toc-title\" style=\"cursor:inherit\">Sommaire<\/p>\n<span class=\"ez-toc-title-toggle\"><a href=\"#\" class=\"ez-toc-pull-right ez-toc-btn ez-toc-btn-xs ez-toc-btn-default ez-toc-toggle\" aria-label=\"Toggle Table of Content\"><span class=\"ez-toc-js-icon-con\"><span class=\"\"><span class=\"eztoc-hide\" style=\"display:none;\">Toggle<\/span><span class=\"ez-toc-icon-toggle-span\"><svg style=\"fill: #999;color:#999\" xmlns=\"http:\/\/www.w3.org\/2000\/svg\" class=\"list-377408\" width=\"20px\" height=\"20px\" viewBox=\"0 0 24 24\" fill=\"none\"><path d=\"M6 6H4v2h2V6zm14 0H8v2h12V6zM4 11h2v2H4v-2zm16 0H8v2h12v-2zM4 16h2v2H4v-2zm16 0H8v2h12v-2z\" fill=\"currentColor\"><\/path><\/svg><svg style=\"fill: #999;color:#999\" class=\"arrow-unsorted-368013\" xmlns=\"http:\/\/www.w3.org\/2000\/svg\" width=\"10px\" height=\"10px\" viewBox=\"0 0 24 24\" version=\"1.2\" baseProfile=\"tiny\"><path d=\"M18.2 9.3l-6.2-6.3-6.2 6.3c-.2.2-.3.4-.3.7s.1.5.3.7c.2.2.4.3.7.3h11c.3 0 .5-.1.7-.3.2-.2.3-.5.3-.7s-.1-.5-.3-.7zM5.8 14.7l6.2 6.3 6.2-6.3c.2-.2.3-.5.3-.7s-.1-.5-.3-.7c-.2-.2-.4-.3-.7-.3h-11c-.3 0-.5.1-.7.3-.2.2-.3.5-.3.7s.1.5.3.7z\"\/><\/svg><\/span><\/span><\/span><\/a><\/span><\/div>\n<nav><ul class='ez-toc-list ez-toc-list-level-1 ' ><li class='ez-toc-page-1 ez-toc-heading-level-2'><a class=\"ez-toc-link ez-toc-heading-1\" href=\"https:\/\/tacarc.org\/info\/stade-robert-barran\/#Adresse\" >Adresse<\/a><\/li><li class='ez-toc-page-1 ez-toc-heading-level-2'><a class=\"ez-toc-link ez-toc-heading-2\" href=\"https:\/\/tacarc.org\/info\/stade-robert-barran\/#Records_du_stade_Barran\" >Records du stade Barran<\/a><\/li><\/ul><\/nav><\/div>\n<p><img loading=\"lazy\" decoding=\"async\" class=\" wp-image-2219 alignright\" src=\"https:\/\/tacarc.org\/info\/wp-content\/uploads\/2020\/09\/DSC07895-scaled.jpg\" alt=\"\" width=\"175\" height=\"263\" srcset=\"https:\/\/tacarc.org\/info\/wp-content\/uploads\/2020\/09\/DSC07895-scaled.jpg 1707w, https:\/\/tacarc.org\/info\/wp-content\/uploads\/2020\/09\/DSC07895-200x300.jpg 200w, https:\/\/tacarc.org\/info\/wp-content\/uploads\/2020\/09\/DSC07895-683x1024.jpg 683w, https:\/\/tacarc.org\/info\/wp-content\/uploads\/2020\/09\/DSC07895-768x1152.jpg 768w, https:\/\/tacarc.org\/info\/wp-content\/uploads\/2020\/09\/DSC07895-1024x1536.jpg 1024w, https:\/\/tacarc.org\/info\/wp-content\/uploads\/2020\/09\/DSC07895-1365x2048.jpg 1365w\" sizes=\"auto, (max-width: 175px) 100vw, 175px\" \/>Pour l'inscription aux concours du Toulouse TAC: <a title=\"Inscription et r\u00e9sultats des concours du Toulouse TAC\" href=\"https:\/\/tacarc.org\/info\/competition\/\">www.tacarc.org\/info\/competition<\/a><\/p>\n<p><em>NB: les rencontres jeunes et les tirs TAE-r\u00e9duits du Toulouse TAC se d\u00e9roulent sur le <a href=\"https:\/\/tacarc.org\/info\/terrain-de-pech-david\/\">terrain d'entra\u00eenement de Pech-David<\/a>.<\/em><\/p>\n<h2><span class=\"ez-toc-section\" id=\"Adresse\"><\/span>Adresse<span class=\"ez-toc-section-end\"><\/span><\/h2>\n<p><strong>chemin des c\u00f4tes de Pech-David<\/strong><br \/>\n<strong>31400 Toulouse<\/strong><\/p>\n<p>GPS 43.562249, 1.447664<br \/>\nentr\u00e9e par le guichet \u00e0 proximit\u00e9 du parking<br \/>\nitin\u00e9raire:<br \/>\n<a href=\"https:\/\/www.google.fr\/maps\/dir\/\/43.562249,1.447664\/\" target=\"_blank\" rel=\"nofollow noopener noreferrer\">https:\/\/www.google.fr\/maps\/dir\/\/43.562249,1.447664\/<\/a><br \/>\nposition sur <a title=\"entr\u00e9e guichet Stade Robert Barran, Toulouse\" href=\"http:\/\/www.openstreetmap.org\/node\/237850205\" target=\"_blank\" rel=\"noopener noreferrer\">OpenStreetMap.org<\/a><\/p>\n<div id=\"fb-root\"><img loading=\"lazy\" decoding=\"async\" class=\"wp-image-2218 aligncenter\" src=\"https:\/\/tacarc.org\/info\/wp-content\/uploads\/2020\/09\/DSC07905-scaled.jpg\" alt=\"\" width=\"173\" height=\"259\" srcset=\"https:\/\/tacarc.org\/info\/wp-content\/uploads\/2020\/09\/DSC07905-scaled.jpg 1707w, https:\/\/tacarc.org\/info\/wp-content\/uploads\/2020\/09\/DSC07905-200x300.jpg 200w, https:\/\/tacarc.org\/info\/wp-content\/uploads\/2020\/09\/DSC07905-683x1024.jpg 683w, https:\/\/tacarc.org\/info\/wp-content\/uploads\/2020\/09\/DSC07905-768x1152.jpg 768w, https:\/\/tacarc.org\/info\/wp-content\/uploads\/2020\/09\/DSC07905-1024x1536.jpg 1024w, https:\/\/tacarc.org\/info\/wp-content\/uploads\/2020\/09\/DSC07905-1365x2048.jpg 1365w\" sizes=\"auto, (max-width: 173px) 100vw, 173px\" \/><\/div>\n<p><script async defer crossorigin=\"anonymous\" src=\"https:\/\/connect.facebook.net\/fr_FR\/sdk.js#xfbml=1&version=v8.0\" nonce=\"qMLsemCo\"><\/script><\/p>\n<div class=\"fb-page\" data-href=\"https:\/\/www.facebook.com\/stade.robert.barran.toulouse\/\" data-tabs=\"timeline\" data-width=\"600\" data-height=\"550\" data-small-header=\"true\" data-adapt-container-width=\"true\" data-hide-cover=\"false\" data-show-facepile=\"false\">\n<blockquote class=\"fb-xfbml-parse-ignore\" cite=\"https:\/\/www.facebook.com\/stade.robert.barran.toulouse\/\"><p><a href=\"https:\/\/www.facebook.com\/stade.robert.barran.toulouse\/\">Stade Robert Barran \u00e0 Toulouse<\/a><\/p><\/blockquote>\n<\/div>\n<p>&nbsp;<\/p>\n<div id=\"attachment_1658\" style=\"width: 893px\" class=\"wp-caption alignleft\"><a href=\"https:\/\/www.google.fr\/maps\/dir\/\/43.562249,1.447664\/\"><img loading=\"lazy\" decoding=\"async\" aria-describedby=\"caption-attachment-1658\" class=\"size-full wp-image-1658\" src=\"http:\/\/tacarc.org\/info\/wp-content\/uploads\/2015\/04\/stade_barran_acces.jpg\" alt=\"Acc\u00e8s au stade Robert Barran, Toulouse\" width=\"883\" height=\"751\" srcset=\"https:\/\/tacarc.org\/info\/wp-content\/uploads\/2015\/04\/stade_barran_acces.jpg 883w, https:\/\/tacarc.org\/info\/wp-content\/uploads\/2015\/04\/stade_barran_acces-300x255.jpg 300w\" sizes=\"auto, (max-width: 883px) 100vw, 883px\" \/><\/a><p id=\"caption-attachment-1658\" class=\"wp-caption-text\">Acc\u00e8s au stade Robert Barran, Toulouse<\/p><\/div>\n<h2><span class=\"ez-toc-section\" id=\"Records_du_stade_Barran\"><\/span>Records du stade Barran<span class=\"ez-toc-section-end\"><\/span><\/h2>\n<p><iframe loading=\"lazy\" src=\"https:\/\/docs.google.com\/spreadsheets\/d\/1zA1CAUV8G5YbsyZ_GqY5YHAiuIzzaQRjH3Ez8ha68NI\/pubhtml?widget=true&amp;headers=false\" width=\"650\" height=\"750\"><\/iframe><\/p>\n","protected":false},"excerpt":{"rendered":"<p>Pour l'inscription aux concours du Toulouse TAC: www.tacarc.org\/info\/competition NB: les rencontres jeunes et les tirs TAE-r\u00e9duits du Toulouse TAC se d\u00e9roulent sur le terrain d'entra\u00eenement de Pech-David. Adresse chemin des c\u00f4tes de Pech-David 31400 Toulouse GPS 43.562249, 1.447664 entr\u00e9e par &hellip; <a href=\"https:\/\/tacarc.org\/info\/stade-robert-barran\/\">Continuer la lecture <span class=\"meta-nav\">&rarr;<\/span><\/a><\/p>\n","protected":false},"author":2,"featured_media":2227,"parent":0,"menu_order":0,"comment_status":"closed","ping_status":"closed","template":"","meta":{"footnotes":""},"class_list":["post-1656","page","type-page","status-publish","has-post-thumbnail","hentry"],"jetpack_sharing_enabled":true,"_links":{"self":[{"href":"https:\/\/tacarc.org\/info\/wp-json\/wp\/v2\/pages\/1656","targetHints":{"allow":["GET"]}}],"collection":[{"href":"https:\/\/tacarc.org\/info\/wp-json\/wp\/v2\/pages"}],"about":[{"href":"https:\/\/tacarc.org\/info\/wp-json\/wp\/v2\/types\/page"}],"author":[{"embeddable":true,"href":"https:\/\/tacarc.org\/info\/wp-json\/wp\/v2\/users\/2"}],"replies":[{"embeddable":true,"href":"https:\/\/tacarc.org\/info\/wp-json\/wp\/v2\/comments?post=1656"}],"version-history":[{"count":0,"href":"https:\/\/tacarc.org\/info\/wp-json\/wp\/v2\/pages\/1656\/revisions"}],"wp:featuredmedia":[{"embeddable":true,"href":"https:\/\/tacarc.org\/info\/wp-json\/wp\/v2\/media\/2227"}],"wp:attachment":[{"href":"https:\/\/tacarc.org\/info\/wp-json\/wp\/v2\/media?parent=1656"}],"curies":[{"name":"wp","href":"https:\/\/api.w.org\/{rel}","templated":true}]}}