
{"id":1354,"date":"2014-02-24T17:30:37","date_gmt":"2014-02-24T16:30:37","guid":{"rendered":"http:\/\/tacarc.org\/info\/?page_id=1354"},"modified":"2020-09-06T22:00:52","modified_gmt":"2020-09-06T20:00:52","slug":"lexique-archerie","status":"publish","type":"page","link":"https:\/\/tacarc.org\/info\/archerie\/lexique-archerie\/","title":{"rendered":"Lexique archerie"},"content":{"rendered":"<div id=\"ez-toc-container\" class=\"ez-toc-v2_0_80 counter-hierarchy ez-toc-counter ez-toc-grey ez-toc-container-direction\">\n<div class=\"ez-toc-title-container\">\n<p class=\"ez-toc-title\" style=\"cursor:inherit\">Sommaire<\/p>\n<span class=\"ez-toc-title-toggle\"><a href=\"#\" class=\"ez-toc-pull-right ez-toc-btn ez-toc-btn-xs ez-toc-btn-default ez-toc-toggle\" aria-label=\"Toggle Table of Content\"><span class=\"ez-toc-js-icon-con\"><span class=\"\"><span class=\"eztoc-hide\" style=\"display:none;\">Toggle<\/span><span class=\"ez-toc-icon-toggle-span\"><svg style=\"fill: #999;color:#999\" xmlns=\"http:\/\/www.w3.org\/2000\/svg\" class=\"list-377408\" width=\"20px\" height=\"20px\" viewBox=\"0 0 24 24\" fill=\"none\"><path d=\"M6 6H4v2h2V6zm14 0H8v2h12V6zM4 11h2v2H4v-2zm16 0H8v2h12v-2zM4 16h2v2H4v-2zm16 0H8v2h12v-2z\" fill=\"currentColor\"><\/path><\/svg><svg style=\"fill: #999;color:#999\" class=\"arrow-unsorted-368013\" xmlns=\"http:\/\/www.w3.org\/2000\/svg\" width=\"10px\" height=\"10px\" viewBox=\"0 0 24 24\" version=\"1.2\" baseProfile=\"tiny\"><path d=\"M18.2 9.3l-6.2-6.3-6.2 6.3c-.2.2-.3.4-.3.7s.1.5.3.7c.2.2.4.3.7.3h11c.3 0 .5-.1.7-.3.2-.2.3-.5.3-.7s-.1-.5-.3-.7zM5.8 14.7l6.2 6.3 6.2-6.3c.2-.2.3-.5.3-.7s-.1-.5-.3-.7c-.2-.2-.4-.3-.7-.3h-11c-.3 0-.5.1-.7.3-.2.2-.3.5-.3.7s.1.5.3.7z\"\/><\/svg><\/span><\/span><\/span><\/a><\/span><\/div>\n<nav><ul class='ez-toc-list ez-toc-list-level-1 ' ><li class='ez-toc-page-1 ez-toc-heading-level-1'><a class=\"ez-toc-link ez-toc-heading-1\" href=\"https:\/\/tacarc.org\/info\/liens-utiles\/#Sites_officiels\" >Sites officiels<\/a><\/li><li class='ez-toc-page-1 ez-toc-heading-level-1'><a class=\"ez-toc-link ez-toc-heading-2\" href=\"https:\/\/tacarc.org\/info\/liens-utiles\/#Magasin_darcherie_a_Toulouse\" >Magasin d&rsquo;archerie \u00e0 Toulouse<\/a><ul class='ez-toc-list-level-2' ><li class='ez-toc-heading-level-2'><a class=\"ez-toc-link ez-toc-heading-3\" href=\"https:\/\/tacarc.org\/info\/liens-utiles\/#Sporting_Archerie\" >Sporting Archerie<\/a><\/li><\/ul><\/li><li class='ez-toc-page-1 ez-toc-heading-level-1'><a class=\"ez-toc-link ez-toc-heading-4\" href=\"https:\/\/tacarc.org\/info\/liens-utiles\/#Constructeurs\" >Constructeurs<\/a><ul class='ez-toc-list-level-2' ><li class='ez-toc-heading-level-2'><a class=\"ez-toc-link ez-toc-heading-5\" href=\"https:\/\/tacarc.org\/info\/liens-utiles\/#arc\" >arc<\/a><\/li><li class='ez-toc-page-1 ez-toc-heading-level-2'><a class=\"ez-toc-link ez-toc-heading-6\" href=\"https:\/\/tacarc.org\/info\/liens-utiles\/#accessoires_fleches\" >accessoires, fl\u00e8ches<\/a><\/li><li class='ez-toc-page-1 ez-toc-heading-level-2'><a class=\"ez-toc-link ez-toc-heading-7\" href=\"https:\/\/tacarc.org\/info\/liens-utiles\/#Selection_des_fleches_spinepuissanceallonge%E2%80%A6\" >S\u00e9lection des fl\u00e8ches spine\/puissance\/allonge&#8230;<\/a><\/li><\/ul><\/li><li class='ez-toc-page-1 ez-toc-heading-level-1'><a class=\"ez-toc-link ez-toc-heading-8\" href=\"https:\/\/tacarc.org\/info\/liens-utiles\/#Archerie_technique_de_tir_reglages%E2%80%A6\" >Archerie: technique de tir, r\u00e9glages&#8230;<\/a><ul class='ez-toc-list-level-2' ><li class='ez-toc-heading-level-2'><a class=\"ez-toc-link ez-toc-heading-9\" href=\"https:\/\/tacarc.org\/info\/liens-utiles\/#les_bases\" >les bases<\/a><\/li><li class='ez-toc-page-1 ez-toc-heading-level-2'><a class=\"ez-toc-link ez-toc-heading-10\" href=\"https:\/\/tacarc.org\/info\/liens-utiles\/#Mecanique_du_tir_vitesse_des_fleches\" >M\u00e9canique du tir, vitesse des fl\u00e8ches<\/a><\/li><li class='ez-toc-page-1 ez-toc-heading-level-2'><a class=\"ez-toc-link ez-toc-heading-11\" href=\"https:\/\/tacarc.org\/info\/liens-utiles\/#Fabrication_divers%E2%80%A6\" >Fabrication, divers&#8230;<\/a><\/li><li class='ez-toc-page-1 ez-toc-heading-level-2'><a class=\"ez-toc-link ez-toc-heading-12\" href=\"https:\/\/tacarc.org\/info\/liens-utiles\/#Archeries_%E2%80%93_diverses_pratiques_de_tir\" >Archeries &#8211; diverses pratiques de tir<\/a><\/li><li class='ez-toc-page-1 ez-toc-heading-level-2'><a class=\"ez-toc-link ez-toc-heading-13\" href=\"https:\/\/tacarc.org\/info\/liens-utiles\/#association_gestion\" >association, gestion<\/a><\/li><\/ul><\/li><li class='ez-toc-page-1 ez-toc-heading-level-1'><a class=\"ez-toc-link ez-toc-heading-14\" href=\"https:\/\/tacarc.org\/info\/liens-utiles\/#Forum\" >Forum<\/a><\/li><\/ul><\/nav><\/div>\n<h1>Termes d'archerie par ordre alphab\u00e9tique<\/h1>\n<p><a name=\"allonge\"><\/a><\/p>\n<h3>Allonge<\/h3>\n<p>L'allonge se mesure du creux d'encoche au fond du grip (ou berger-button, milieu du trou de repose-fl\u00e8che, ou repose fl\u00e8che de compound avec un overdraw nul) quand l'archer arme l'arc en position de d\u00e9cocher.<br \/>\n<em>La longueur de la fl\u00e8che est major\u00e9e de 1\" 3\/4. (1\"=2.54cm). <\/em><br \/>\n<em>Il existe des fl\u00e8ches gradu\u00e9es pour mesurer l'allonge.<\/em><br \/>\n<a href=\"http:\/\/ceciletoxo.free.fr\/lexiquearc.html#allonge\" target=\"_blank\" rel=\"noopener noreferrer\">R\u00e9glage classique<\/a><br \/>\n<a title=\"PJ Deloche r\u00e9glage allonge, corde, Dloop\" href=\"http:\/\/www.pjdeloche.com\/fr\/reglages-de-a-a-z\/l-allonge-corde-et-dloop\" target=\"_blank\" rel=\"noopener noreferrer\">r\u00e9glage poulies PJ Deloche<\/a><\/p>\n<p><a name=\"band\"><\/a><\/p>\n<h3>Band<\/h3>\n<p>Le band se mesure entre la corde et le fond du grip quand l'arc est band\u00e9, avant l'armement de l'archer. L'augmentation du band s'obtient en torsadant la corde qui se raccourcit.<br \/>\n<a href=\"http:\/\/www.creteil-tir-a-larc.fr\/le_tir_a_l_arc\/reglages_de_l_arc_classique.html\" target=\"_blank\" rel=\"noopener noreferrer\">R\u00e9glage classique<\/a>, <a href=\"http:\/\/ceciletoxo.free.fr\/lexiquearc.html#band\" target=\"_blank\" rel=\"noopener noreferrer\">autres valeurs de band (classique)<\/a>, <a href=\"http:\/\/www.hoytrecurve.com\/assets\/downloads\/manuals\/09_Recurve_manual.pdf\" target=\"_blank\" rel=\"noopener noreferrer\">Manuel Hoyt recurve (page 10)<\/a><br \/>\n<a href=\"http:\/\/www.pjdeloche.com\/fr\/reglages-de-a-a-z\/entre-axes-band-et-yoke\" target=\"_blank\" rel=\"noopener noreferrer\">R\u00e9glage PJ Deloche (Poulies)<\/a><\/p>\n<p><a name=\"detalonnage\"><\/a><\/p>\n<h3>D\u00e9talonnage<\/h3>\n<p>Le d\u00e9talonnage est la hauteur de la position de la fl\u00e8che sur la corde par rapport \u00e0 la ligne perpendiculaire \u00e0 la corde en appui horizontale sur le repose fl\u00e8che.<br \/>\nPour les arcs classiques, il est de l'ordre de 6mm.<br \/>\n<em>NB: Le d\u00e9talonnage D varie avec le <a title=\"Lexique archerie\" href=\"http:\/\/tacarc.org\/info\/?page_id=1354#tiller\">tiller<\/a> T; la variation constat\u00e9e sur un arc 68\" est variation (D) = moiti\u00e9 de la variation (T).<br \/>\nPour un arc de 68\", ma pr\u00e9conisation de d\u00e9talonnage est D= 3mm + T\/2. Dans l'ouvrage, l'archer h\u00e9r\u00e9tique, Michele Frangilli pr\u00e9conise un tiller nul T=0.<br \/>\n<a href=\"http:\/\/www.bourges1ere.fr\/images\/Technique\/ReglagesClassique.htm\" target=\"_blank\" rel=\"noopener noreferrer\">R\u00e9glage classique<\/a><br \/>\n<\/em><\/p>\n<p>Pour les arcs poulies, le d\u00e9talonnage devrait \u00eatre nul, l\u00e9g\u00e8rement positif pour les tubes \u00e0 faible spine:<br \/>\n<a href=\"http:\/\/www.pjdeloche.com\/fr\/reglages-de-a-a-z\/le-detalonnage-la-sortie-de-fleche\" target=\"_blank\" rel=\"noopener noreferrer\">R\u00e9glage du d\u00e9talonnage (PJ Deloche)<\/a><\/p>\n<p><a name=\"dloop\"><\/a><\/p>\n<h3>Dloop<\/h3>\n<p>Sur un arc poulies, le D-loop est le lien entre le d\u00e9cocheur et l'arc, fix\u00e9 sur la corde.<br \/>\n<a href=\"http:\/\/www.pjdeloche.com\/fr\/reglages-de-a-a-z\/le-point-d-encochage\" target=\"_blank\" rel=\"noopener noreferrer\">R\u00e9glage du point d'encochage (PJ Deloche)<\/a><\/p>\n<p><a name=\"spine\"><\/a><\/p>\n<h3>Spine<\/h3>\n<p>Le \"spine\" caract\u00e9rise la rigidit\u00e9 d'un tube de fl\u00e8che.<\/p>\n<blockquote><p>Le spine correspond \u00e0 la fl\u00e8che en 1\/1000 de pouce du tube horizontal en appui libre sur une longueur de 28\" (71.12cm) soumis \u00e0 une charge ponctuelle de 1,94 livres ( 879,98g) en son centre. Un tube avec un spine de 800 sera deux fois plus souple que celui ayant 400.<\/p><\/blockquote>\n<p>La rigidit\u00e9 du tube doit \u00eatre choisie en fonction de la puissance de l'arc, l'allonge de l'archer, le type de d\u00e9coche, le poids des pointes, le type d'arc (classique\/poulie). Les constructeurs de tubes indiquent des abaques pour le choix des tubes. Par exp\u00e9rience personnelle, le choix des tubes Easton classiques doit \u00eatre bas\u00e9 sur l'<a title=\"Lexique archerie\" href=\"http:\/\/tacarc.org\/info\/?page_id=1354#allonge\">allonge<\/a> et non la longueur du tube. La rigidit\u00e9 excessive des fl\u00e8ches peut \u00eatre compens\u00e9e par la puret\u00e9 de la d\u00e9coche. En pratique, pour des archers classiques moyens, il vaut mieux choisir des tubes un peu plus souples que trop raides.<\/p>\n<p><a name=\"tiller\"><\/a><\/p>\n<h3>Tiller<\/h3>\n<p>Le tiller est la diff\u00e9rence de distance entre la corde et la base de la branche haute (tiller haut) et de la distance entre la corde et la base de la branche basse (tiller bas).<br \/>\nPour les arcs classiques, le tiller est de l'ordre de 6mm.<br \/>\nLe changement de tiller affecte le <a title=\"Lexique archerie\" href=\"http:\/\/tacarc.org\/info\/?page_id=1354#detalonnage\">d\u00e9talonnage<\/a>.<br \/>\n<em>NB: Dans l'ouvrage, l'archer h\u00e9r\u00e9tique, Michele Frangilli pr\u00e9conise un tiller nul T=0.<\/em><br \/>\n<a href=\"http:\/\/arc.uscreteil.com\/reglage_arc_classique.htm#reglage_tiller\" target=\"_blank\" rel=\"noopener noreferrer\">R\u00e9glage classique<\/a><br \/>\n<a href=\"http:\/\/www.hoytrecurve.com\/assets\/downloads\/manuals\/09_Recurve_manual.pdf\" target=\"_blank\" rel=\"noopener noreferrer\">Manuel Hoyt recurve (page 10)<\/a><\/p>\n<p>Pour les arcs poulies, le tiller devrait \u00eatre nul.<\/p>\n<p><a name=\"visette\"><\/a><\/p>\n<h3>Visette<\/h3>\n<p>Oeilleton plac\u00e9 sur la corde des arcs poulies pour aligner la vis\u00e9e en trois points: visette, viseur, cible.<\/p>\n<p><a title=\"PJ Deloche - r\u00e9glage de la visette\" href=\"http:\/\/www.pjdeloche.com\/fr\/reglages-de-a-a-z\/la-visette\" target=\"_blank\" rel=\"noopener noreferrer\">r\u00e9glage PJ Deloche<\/a><\/p>\n<p>&nbsp;<\/p>\n<h3><em>\u00a0Articles sur tacarc.org\/info<\/em><\/h3>\n<h4><em>Mat\u00e9riel<\/em><\/h4>\n<p><em><ul><li><a href='https:\/\/tacarc.org\/info\/reglage-viseur-apres-deux-dereglages\/'>R\u00e9glage viseur apr\u00e8s deux d\u00e9r\u00e9glages<\/a><\/li><li><a href='https:\/\/tacarc.org\/info\/la-tenue-de-larcher-tir-exterieur-et-parcours\/'>La tenue de l'archer - tir ext\u00e9rieur et parcours<\/a><\/li><li><a href='https:\/\/tacarc.org\/info\/montage-de-fleches\/'>Montage de fl\u00e8ches<\/a><\/li><li><a href='https:\/\/tacarc.org\/info\/materiel-a-vendre-petites-annonces\/'>Mat\u00e9riel \u00e0 vendre - petites annonces<\/a><\/li><li><a href='https:\/\/tacarc.org\/info\/conformite-du-materiel\/'>Conformit\u00e9 du mat\u00e9riel<\/a><\/li><li><a href='https:\/\/tacarc.org\/info\/performance-archery-english\/'>Performance Archery (English)<\/a><\/li><li><a href='https:\/\/tacarc.org\/info\/une-methode-pour-monter-les-plumes-spin-wing-avec-une-empenneuse\/'>Une m\u00e9thode pour monter les plumes SPIN-WING avec une empenneuse<\/a><\/li><li><a href='https:\/\/tacarc.org\/info\/maillot-tac-arc-2013\/'>Maillot du TAC tir \u00e0 l'arc 2013<\/a><\/li><li><a href='https:\/\/tacarc.org\/info\/acquisition-materiel-intiation\/'>Initiation et mat\u00e9riel d'archerie - les \u00e9tapes d'int\u00e9gration au TAC<\/a><\/li><li><a href='https:\/\/tacarc.org\/info\/videos-technique\/'>Vid\u00e9os - technique<\/a><\/li><li><a href='https:\/\/tacarc.org\/info\/liens-utiles\/'>Liens utiles<\/a><\/li><\/ul><\/em><\/p>\n<h4><em>Initiation<\/em><\/h4>\n<p><em><ul><li><a href='https:\/\/tacarc.org\/info\/precision-et-score\/'>Pr\u00e9cision et score<\/a><\/li><li><a href='https:\/\/tacarc.org\/info\/planning-initiation-2013-2014\/'>Planning Initiation 2013-2014<\/a><\/li><li><a href='https:\/\/tacarc.org\/info\/maillot-tac-arc-2013\/'>Maillot du TAC tir \u00e0 l'arc 2013<\/a><\/li><li><a href='https:\/\/tacarc.org\/info\/acquisition-materiel-intiation\/'>Initiation et mat\u00e9riel d'archerie - les \u00e9tapes d'int\u00e9gration au TAC<\/a><\/li><li><a href='https:\/\/tacarc.org\/info\/videos-technique\/'>Vid\u00e9os - technique<\/a><\/li><li><a href='https:\/\/tacarc.org\/info\/liens-utiles\/'>Liens utiles<\/a><\/li><\/ul><\/em><\/p>\n","protected":false},"excerpt":{"rendered":"<p>Termes d'archerie par ordre alphab\u00e9tique Allonge L'allonge se mesure du creux d'encoche au fond du grip (ou berger-button, milieu du trou de repose-fl\u00e8che, ou repose fl\u00e8che de compound avec un overdraw nul) quand l'archer arme l'arc en position de d\u00e9cocher. &hellip; <a href=\"https:\/\/tacarc.org\/info\/liens-utiles\/\">Continuer la lecture <span class=\"meta-nav\">&rarr;<\/span><\/a><\/p>\n","protected":false},"author":2,"featured_media":799,"parent":1018,"menu_order":0,"comment_status":"closed","ping_status":"open","template":"","meta":{"footnotes":""},"class_list":["post-1354","page","type-page","status-publish","has-post-thumbnail","hentry"],"jetpack_sharing_enabled":true,"_links":{"self":[{"href":"https:\/\/tacarc.org\/info\/wp-json\/wp\/v2\/pages\/1354","targetHints":{"allow":["GET"]}}],"collection":[{"href":"https:\/\/tacarc.org\/info\/wp-json\/wp\/v2\/pages"}],"about":[{"href":"https:\/\/tacarc.org\/info\/wp-json\/wp\/v2\/types\/page"}],"author":[{"embeddable":true,"href":"https:\/\/tacarc.org\/info\/wp-json\/wp\/v2\/users\/2"}],"replies":[{"embeddable":true,"href":"https:\/\/tacarc.org\/info\/wp-json\/wp\/v2\/comments?post=1354"}],"version-history":[{"count":0,"href":"https:\/\/tacarc.org\/info\/wp-json\/wp\/v2\/pages\/1354\/revisions"}],"up":[{"embeddable":true,"href":"https:\/\/tacarc.org\/info\/wp-json\/wp\/v2\/pages\/1018"}],"wp:featuredmedia":[{"embeddable":true,"href":"https:\/\/tacarc.org\/info\/wp-json\/wp\/v2\/media\/799"}],"wp:attachment":[{"href":"https:\/\/tacarc.org\/info\/wp-json\/wp\/v2\/media?parent=1354"}],"curies":[{"name":"wp","href":"https:\/\/api.w.org\/{rel}","templated":true}]}}