
{"id":1344,"date":"2014-02-24T16:26:03","date_gmt":"2014-02-24T15:26:03","guid":{"rendered":"http:\/\/tacarc.org\/info\/?page_id=1344"},"modified":"2020-09-06T22:00:04","modified_gmt":"2020-09-06T20:00:04","slug":"reglage-du-materiel","status":"publish","type":"page","link":"https:\/\/tacarc.org\/info\/archerie\/reglage-du-materiel\/","title":{"rendered":"R\u00e9glage du mat\u00e9riel"},"content":{"rendered":"<div id=\"ez-toc-container\" class=\"ez-toc-v2_0_80 counter-hierarchy ez-toc-counter ez-toc-grey ez-toc-container-direction\">\n<div class=\"ez-toc-title-container\">\n<p class=\"ez-toc-title\" style=\"cursor:inherit\">Sommaire<\/p>\n<span class=\"ez-toc-title-toggle\"><a href=\"#\" class=\"ez-toc-pull-right ez-toc-btn ez-toc-btn-xs ez-toc-btn-default ez-toc-toggle\" aria-label=\"Toggle Table of Content\"><span class=\"ez-toc-js-icon-con\"><span class=\"\"><span class=\"eztoc-hide\" style=\"display:none;\">Toggle<\/span><span class=\"ez-toc-icon-toggle-span\"><svg style=\"fill: #999;color:#999\" xmlns=\"http:\/\/www.w3.org\/2000\/svg\" class=\"list-377408\" width=\"20px\" height=\"20px\" viewBox=\"0 0 24 24\" fill=\"none\"><path d=\"M6 6H4v2h2V6zm14 0H8v2h12V6zM4 11h2v2H4v-2zm16 0H8v2h12v-2zM4 16h2v2H4v-2zm16 0H8v2h12v-2z\" fill=\"currentColor\"><\/path><\/svg><svg style=\"fill: #999;color:#999\" class=\"arrow-unsorted-368013\" xmlns=\"http:\/\/www.w3.org\/2000\/svg\" width=\"10px\" height=\"10px\" viewBox=\"0 0 24 24\" version=\"1.2\" baseProfile=\"tiny\"><path d=\"M18.2 9.3l-6.2-6.3-6.2 6.3c-.2.2-.3.4-.3.7s.1.5.3.7c.2.2.4.3.7.3h11c.3 0 .5-.1.7-.3.2-.2.3-.5.3-.7s-.1-.5-.3-.7zM5.8 14.7l6.2 6.3 6.2-6.3c.2-.2.3-.5.3-.7s-.1-.5-.3-.7c-.2-.2-.4-.3-.7-.3h-11c-.3 0-.5.1-.7.3-.2.2-.3.5-.3.7s.1.5.3.7z\"\/><\/svg><\/span><\/span><\/span><\/a><\/span><\/div>\n<nav><ul class='ez-toc-list ez-toc-list-level-1 ' ><li class='ez-toc-page-1 ez-toc-heading-level-1'><a class=\"ez-toc-link ez-toc-heading-1\" href=\"https:\/\/tacarc.org\/info\/liens-utiles\/#Sites_officiels\" >Sites officiels<\/a><\/li><li class='ez-toc-page-1 ez-toc-heading-level-1'><a class=\"ez-toc-link ez-toc-heading-2\" href=\"https:\/\/tacarc.org\/info\/liens-utiles\/#Magasin_darcherie_a_Toulouse\" >Magasin d&rsquo;archerie \u00e0 Toulouse<\/a><ul class='ez-toc-list-level-2' ><li class='ez-toc-heading-level-2'><a class=\"ez-toc-link ez-toc-heading-3\" href=\"https:\/\/tacarc.org\/info\/liens-utiles\/#Sporting_Archerie\" >Sporting Archerie<\/a><\/li><\/ul><\/li><li class='ez-toc-page-1 ez-toc-heading-level-1'><a class=\"ez-toc-link ez-toc-heading-4\" href=\"https:\/\/tacarc.org\/info\/liens-utiles\/#Constructeurs\" >Constructeurs<\/a><ul class='ez-toc-list-level-2' ><li class='ez-toc-heading-level-2'><a class=\"ez-toc-link ez-toc-heading-5\" href=\"https:\/\/tacarc.org\/info\/liens-utiles\/#arc\" >arc<\/a><\/li><li class='ez-toc-page-1 ez-toc-heading-level-2'><a class=\"ez-toc-link ez-toc-heading-6\" href=\"https:\/\/tacarc.org\/info\/liens-utiles\/#accessoires_fleches\" >accessoires, fl\u00e8ches<\/a><\/li><li class='ez-toc-page-1 ez-toc-heading-level-2'><a class=\"ez-toc-link ez-toc-heading-7\" href=\"https:\/\/tacarc.org\/info\/liens-utiles\/#Selection_des_fleches_spinepuissanceallonge%E2%80%A6\" >S\u00e9lection des fl\u00e8ches spine\/puissance\/allonge&#8230;<\/a><\/li><\/ul><\/li><li class='ez-toc-page-1 ez-toc-heading-level-1'><a class=\"ez-toc-link ez-toc-heading-8\" href=\"https:\/\/tacarc.org\/info\/liens-utiles\/#Archerie_technique_de_tir_reglages%E2%80%A6\" >Archerie: technique de tir, r\u00e9glages&#8230;<\/a><ul class='ez-toc-list-level-2' ><li class='ez-toc-heading-level-2'><a class=\"ez-toc-link ez-toc-heading-9\" href=\"https:\/\/tacarc.org\/info\/liens-utiles\/#les_bases\" >les bases<\/a><\/li><li class='ez-toc-page-1 ez-toc-heading-level-2'><a class=\"ez-toc-link ez-toc-heading-10\" href=\"https:\/\/tacarc.org\/info\/liens-utiles\/#Mecanique_du_tir_vitesse_des_fleches\" >M\u00e9canique du tir, vitesse des fl\u00e8ches<\/a><\/li><li class='ez-toc-page-1 ez-toc-heading-level-2'><a class=\"ez-toc-link ez-toc-heading-11\" href=\"https:\/\/tacarc.org\/info\/liens-utiles\/#Fabrication_divers%E2%80%A6\" >Fabrication, divers&#8230;<\/a><\/li><li class='ez-toc-page-1 ez-toc-heading-level-2'><a class=\"ez-toc-link ez-toc-heading-12\" href=\"https:\/\/tacarc.org\/info\/liens-utiles\/#Archeries_%E2%80%93_diverses_pratiques_de_tir\" >Archeries &#8211; diverses pratiques de tir<\/a><\/li><li class='ez-toc-page-1 ez-toc-heading-level-2'><a class=\"ez-toc-link ez-toc-heading-13\" href=\"https:\/\/tacarc.org\/info\/liens-utiles\/#association_gestion\" >association, gestion<\/a><\/li><\/ul><\/li><li class='ez-toc-page-1 ez-toc-heading-level-1'><a class=\"ez-toc-link ez-toc-heading-14\" href=\"https:\/\/tacarc.org\/info\/liens-utiles\/#Forum\" >Forum<\/a><\/li><\/ul><\/nav><\/div>\n<h1>Les m\u00e9thodes de r\u00e9f\u00e9rence<\/h1>\n<p>Dans l'art du r\u00e9glage, tentez d'abord les m\u00e9thodes de r\u00e9f\u00e9rence:<\/p>\n<blockquote><p><strong>FFTA <\/strong><\/p>\n<ul>\n<li><a href=\"http:\/\/www.tacarc.org\/archerie\/doc\/7_arcclassique.pdf\" target=\"_blank\" rel=\"noopener noreferrer\">je r\u00e8gle mon arc classique<\/a><\/li>\n<li><a href=\"http:\/\/www.tacarc.org\/archerie\/doc\/8_arcapoulies.pdf\" target=\"_blank\" rel=\"noopener noreferrer\">je r\u00e8gle mon arc \u00e0 poulies<\/a><\/li>\n<li><a title=\"Brochure FFTA pour le tir campagne\" href=\"http:\/\/www.evenements-sportifs.com\/ffta-fr\/doc\/BrochureTirenCampagneFFTA1.pdf\" target=\"_blank\" rel=\"noopener noreferrer\">je fais du tir campagne<\/a><\/li>\n<\/ul>\n<p>les r\u00e9glages de l'arc classique<\/p>\n<ul>\n<li>synth\u00e8se sur une page:\u00a0<a href=\"http:\/\/www.creteil-tir-a-larc.fr\/le_tir_a_l_arc\/reglages_de_l_arc_classique.html\">http:\/\/www.creteil-tir-a-larc.fr\/le_tir_a_l_arc\/reglages_de_l_arc_classique.html<\/a><br \/>\n<a href=\"http:\/\/www.bourges1ere.fr\/images\/Technique\/ReglagesClassique.htm\">http:\/\/www.bourges1ere.fr\/images\/Technique\/ReglagesClassique.htm<\/a><\/li>\n<li><strong>recurve archers reference guide<\/strong> by Muray Elliot <a title=\"http:\/\/www.archersreference.co.uk\/\" href=\"http:\/\/www.archersreference.co.uk\/\" rel=\"nofollow\">http:\/\/www.archersreference.co.uk\/<\/a> (<a href=\"http:\/\/www.archersreference.pwp.blueyonder.co.uk\/archref_05.pdf\" target=\"_blank\" rel=\"noopener noreferrer\">document pdf<\/a>)<\/li>\n<\/ul>\n<p><strong><em>Manuels constructeurs<\/em><\/strong><\/p>\n<ul>\n<li><a href=\"http:\/\/www.beararcheryproducts.com\/customer-service\/manuals\" target=\"_blank\" rel=\"noopener noreferrer\">Bear archery<\/a><\/li>\n<li><em><a href=\"http:\/\/www.hoyt.com\/customer_service\/hoyt_bow_manuals.php\" target=\"_blank\" rel=\"noopener noreferrer\">Hoyt bows<\/a><\/em><a href=\"http:\/\/www.hoyt.com\/assets\/downloads\/manuals\/2013-Recurve-Manual-Final.pdf\" target=\"_blank\" rel=\"noopener noreferrer\">recurve version 2013<\/a>\u00a0 <a href=\"http:\/\/www.hoyt.com\/assets\/downloads\/manuals\/271829_Hoyt_2013_Manual_FPO.pdf\" target=\"_blank\" rel=\"noopener noreferrer\">compound version 2013<\/a><\/li>\n<li><a href=\"http:\/\/mathewsinc.com\/multimedia\/manuals\/\" target=\"_blank\" rel=\"noopener noreferrer\">Mathews manuals<\/a><\/li>\n<li><a href=\"http:\/\/pse-archery.com\/k\/productsupportmktg\/Support\" target=\"_blank\" rel=\"noopener noreferrer\">PSE Archery<\/a>, <a href=\"ftp:\/\/ftp.pse-archery.com\/2014%20Manuals\/2014_PSE_Users_Guide_web.pdf\" target=\"_blank\" rel=\"noopener noreferrer\">2014 user's guide<\/a>,<\/li>\n<\/ul>\n<\/blockquote>\n<h1>Comment d\u00e9r\u00e9gler et r\u00e9gler son arc<\/h1>\n<h2>Vis\u00e9e...<\/h2>\n<p><a title=\"R\u00e9glage viseur apr\u00e8s deux d\u00e9r\u00e9glages\" href=\"http:\/\/tacarc.org\/info\/?p=1400\">m\u00e9thode de r\u00e9glage du viseur<\/a><\/p>\n<p>synth\u00e8se sur le mat\u00e9riel: <a href=\"http:\/\/arc.auscitain.free.fr\/materiel.htm\" target=\"_blank\" rel=\"noopener noreferrer\">http:\/\/arc.auscitain.free.fr\/materiel.htm<\/a><\/p>\n<h4>Articles divers:<\/h4>\n<p>Trajectoire de fl\u00e8che: <a title=\"Arrow flight: a simple model for a simple arrow\" href=\"http:\/\/margo.student.utwente.nl\/sagi\/artikel\/bas\/bas1.html\" target=\"_blank\" rel=\"noopener noreferrer\">http:\/\/margo.student.utwente.nl\/sagi\/artikel\/bas\/bas1.html<\/a><br \/>\nDu jaune dans le cosmos (<a title=\"site &quot;du jaune dans le cosmos&quot;\" href=\"http:\/\/yellowinthesky.olympe.in\/\" target=\"_blank\" rel=\"noopener noreferrer\">http:\/\/yellowinthesky.olympe.in\/<\/a>):<\/p>\n<ul>\n<li><a href=\"http:\/\/yellowinthesky.olympe.in\/spip.php?article522\" target=\"_blank\" rel=\"noopener noreferrer\">Cons\u00e9quence de l\u2019inclinaison de l\u2019arc<\/a><\/li>\n<li><a href=\"http:\/\/yellowinthesky.olympe.in\/spip.php?article117\" target=\"_blank\" rel=\"noopener noreferrer\">Dynamique d\u2019une fl\u00e9che en phase de vol (Partie I)<\/a> avec approximation parabolique<\/li>\n<li><a href=\"http:\/\/yellowinthesky.olympe.in\/spip.php?article118\" target=\"_blank\" rel=\"noopener noreferrer\">Dynamique d\u2019une fl\u00e8che en phase de vol (Partie II)<\/a> sur parcours inclin\u00e9<\/li>\n<li><a href=\"http:\/\/yellowinthesky.olympe.in\/spip.php?article122\" target=\"_blank\" rel=\"noopener noreferrer\">Dynamique d'une fl\u00e8che en phase de vol (III)<\/a> avec frottement de l'air<\/li>\n<li><a href=\"http:\/\/yellowinthesky.olympe.in\/spip.php?article138\" target=\"_blank\" rel=\"noopener noreferrer\">Dynamique d\u2019une fl\u00e8che en phase de vol (partie IV)<\/a><\/li>\n<li><a href=\"http:\/\/yellowinthesky.olympe.in\/spip.php?article487\" target=\"_blank\" rel=\"noopener noreferrer\">R\u00e9glages viseurs en parcours : petites et grandes distances (\u00e0 plat)<\/a><\/li>\n<li><a href=\"http:\/\/yellowinthesky.olympe.in\/spip.php?article532\" target=\"_blank\" rel=\"noopener noreferrer\">Trou de visette : pas si simple !<\/a><\/li>\n<li><a href=\"http:\/\/yellowinthesky.olympe.in\/spip.php?article472\">Image de la cible (scope, point de vis\u00e9e, r\u00e9tine...)<\/a><\/li>\n<li><a href=\"http:\/\/yellowinthesky.olympe.in\/spip.php?article412\">Point sur les jumelles et longues-vues<\/a><\/li>\n<li><a href=\"http:\/\/yellowinthesky.olympe.in\/spip.php?article520\">Fr\u00e9quence optimale d\u2019oscillation : premi\u00e8re approche du spine dynamique<\/a><\/li>\n<li><a href=\"http:\/\/yellowinthesky.olympe.in\/spip.php?article524\" target=\"_blank\" rel=\"noopener noreferrer\">Hauteur du blason : doit-on changer ses r\u00e9glages ? (Tri-spot et FITA)<\/a><\/li>\n<\/ul>\n<h3><em>\u00a0Articles sur tacarc.org\/info<\/em><\/h3>\n<h4><em>Mat\u00e9riel<\/em><\/h4>\n<p><em><ul><li><a href='https:\/\/tacarc.org\/info\/reglage-viseur-apres-deux-dereglages\/'>R\u00e9glage viseur apr\u00e8s deux d\u00e9r\u00e9glages<\/a><\/li><li><a href='https:\/\/tacarc.org\/info\/la-tenue-de-larcher-tir-exterieur-et-parcours\/'>La tenue de l'archer - tir ext\u00e9rieur et parcours<\/a><\/li><li><a href='https:\/\/tacarc.org\/info\/montage-de-fleches\/'>Montage de fl\u00e8ches<\/a><\/li><li><a href='https:\/\/tacarc.org\/info\/materiel-a-vendre-petites-annonces\/'>Mat\u00e9riel \u00e0 vendre - petites annonces<\/a><\/li><li><a href='https:\/\/tacarc.org\/info\/conformite-du-materiel\/'>Conformit\u00e9 du mat\u00e9riel<\/a><\/li><li><a href='https:\/\/tacarc.org\/info\/performance-archery-english\/'>Performance Archery (English)<\/a><\/li><li><a href='https:\/\/tacarc.org\/info\/une-methode-pour-monter-les-plumes-spin-wing-avec-une-empenneuse\/'>Une m\u00e9thode pour monter les plumes SPIN-WING avec une empenneuse<\/a><\/li><li><a href='https:\/\/tacarc.org\/info\/maillot-tac-arc-2013\/'>Maillot du TAC tir \u00e0 l'arc 2013<\/a><\/li><li><a href='https:\/\/tacarc.org\/info\/acquisition-materiel-intiation\/'>Initiation et mat\u00e9riel d'archerie - les \u00e9tapes d'int\u00e9gration au TAC<\/a><\/li><li><a href='https:\/\/tacarc.org\/info\/videos-technique\/'>Vid\u00e9os - technique<\/a><\/li><li><a href='https:\/\/tacarc.org\/info\/liens-utiles\/'>Liens utiles<\/a><\/li><\/ul><\/em><\/p>\n<h4><em>Initiation<\/em><\/h4>\n<p><em><ul><li><a href='https:\/\/tacarc.org\/info\/precision-et-score\/'>Pr\u00e9cision et score<\/a><\/li><li><a href='https:\/\/tacarc.org\/info\/planning-initiation-2013-2014\/'>Planning Initiation 2013-2014<\/a><\/li><li><a href='https:\/\/tacarc.org\/info\/maillot-tac-arc-2013\/'>Maillot du TAC tir \u00e0 l'arc 2013<\/a><\/li><li><a href='https:\/\/tacarc.org\/info\/acquisition-materiel-intiation\/'>Initiation et mat\u00e9riel d'archerie - les \u00e9tapes d'int\u00e9gration au TAC<\/a><\/li><li><a href='https:\/\/tacarc.org\/info\/videos-technique\/'>Vid\u00e9os - technique<\/a><\/li><li><a href='https:\/\/tacarc.org\/info\/liens-utiles\/'>Liens utiles<\/a><\/li><\/ul><\/em><\/p>\n","protected":false},"excerpt":{"rendered":"<p>Les m\u00e9thodes de r\u00e9f\u00e9rence Dans l'art du r\u00e9glage, tentez d'abord les m\u00e9thodes de r\u00e9f\u00e9rence: FFTA je r\u00e8gle mon arc classique je r\u00e8gle mon arc \u00e0 poulies je fais du tir campagne les r\u00e9glages de l'arc classique synth\u00e8se sur une page:\u00a0http:\/\/www.creteil-tir-a-larc.fr\/le_tir_a_l_arc\/reglages_de_l_arc_classique.html &hellip; <a href=\"https:\/\/tacarc.org\/info\/liens-utiles\/\">Continuer la lecture <span class=\"meta-nav\">&rarr;<\/span><\/a><\/p>\n","protected":false},"author":2,"featured_media":853,"parent":1018,"menu_order":0,"comment_status":"closed","ping_status":"open","template":"","meta":{"footnotes":""},"class_list":["post-1344","page","type-page","status-publish","has-post-thumbnail","hentry"],"jetpack_sharing_enabled":true,"_links":{"self":[{"href":"https:\/\/tacarc.org\/info\/wp-json\/wp\/v2\/pages\/1344","targetHints":{"allow":["GET"]}}],"collection":[{"href":"https:\/\/tacarc.org\/info\/wp-json\/wp\/v2\/pages"}],"about":[{"href":"https:\/\/tacarc.org\/info\/wp-json\/wp\/v2\/types\/page"}],"author":[{"embeddable":true,"href":"https:\/\/tacarc.org\/info\/wp-json\/wp\/v2\/users\/2"}],"replies":[{"embeddable":true,"href":"https:\/\/tacarc.org\/info\/wp-json\/wp\/v2\/comments?post=1344"}],"version-history":[{"count":0,"href":"https:\/\/tacarc.org\/info\/wp-json\/wp\/v2\/pages\/1344\/revisions"}],"up":[{"embeddable":true,"href":"https:\/\/tacarc.org\/info\/wp-json\/wp\/v2\/pages\/1018"}],"wp:featuredmedia":[{"embeddable":true,"href":"https:\/\/tacarc.org\/info\/wp-json\/wp\/v2\/media\/853"}],"wp:attachment":[{"href":"https:\/\/tacarc.org\/info\/wp-json\/wp\/v2\/media?parent=1344"}],"curies":[{"name":"wp","href":"https:\/\/api.w.org\/{rel}","templated":true}]}}