
{"id":1011,"date":"2013-09-04T15:39:02","date_gmt":"2013-09-04T13:39:02","guid":{"rendered":"http:\/\/tacarc.org\/info\/?page_id=1011"},"modified":"2024-05-24T16:17:35","modified_gmt":"2024-05-24T14:17:35","slug":"parcours-des-etroits","status":"publish","type":"page","link":"https:\/\/tacarc.org\/info\/parcours-des-etroits\/","title":{"rendered":"Parcours des Etroits"},"content":{"rendered":"<div id=\"ez-toc-container\" class=\"ez-toc-v2_0_80 counter-hierarchy ez-toc-counter ez-toc-grey ez-toc-container-direction\">\n<div class=\"ez-toc-title-container\">\n<p class=\"ez-toc-title\" style=\"cursor:inherit\">Sommaire<\/p>\n<span class=\"ez-toc-title-toggle\"><a href=\"#\" class=\"ez-toc-pull-right ez-toc-btn ez-toc-btn-xs ez-toc-btn-default ez-toc-toggle\" aria-label=\"Toggle Table of Content\"><span class=\"ez-toc-js-icon-con\"><span class=\"\"><span class=\"eztoc-hide\" style=\"display:none;\">Toggle<\/span><span class=\"ez-toc-icon-toggle-span\"><svg style=\"fill: #999;color:#999\" xmlns=\"http:\/\/www.w3.org\/2000\/svg\" class=\"list-377408\" width=\"20px\" height=\"20px\" viewBox=\"0 0 24 24\" fill=\"none\"><path d=\"M6 6H4v2h2V6zm14 0H8v2h12V6zM4 11h2v2H4v-2zm16 0H8v2h12v-2zM4 16h2v2H4v-2zm16 0H8v2h12v-2z\" fill=\"currentColor\"><\/path><\/svg><svg style=\"fill: #999;color:#999\" class=\"arrow-unsorted-368013\" xmlns=\"http:\/\/www.w3.org\/2000\/svg\" width=\"10px\" height=\"10px\" viewBox=\"0 0 24 24\" version=\"1.2\" baseProfile=\"tiny\"><path d=\"M18.2 9.3l-6.2-6.3-6.2 6.3c-.2.2-.3.4-.3.7s.1.5.3.7c.2.2.4.3.7.3h11c.3 0 .5-.1.7-.3.2-.2.3-.5.3-.7s-.1-.5-.3-.7zM5.8 14.7l6.2 6.3 6.2-6.3c.2-.2.3-.5.3-.7s-.1-.5-.3-.7c-.2-.2-.4-.3-.7-.3h-11c-.3 0-.5.1-.7.3-.2.2-.3.5-.3.7s.1.5.3.7z\"\/><\/svg><\/span><\/span><\/span><\/a><\/span><\/div>\n<nav><ul class='ez-toc-list ez-toc-list-level-1 ' ><li class='ez-toc-page-1 ez-toc-heading-level-2'><a class=\"ez-toc-link ez-toc-heading-1\" href=\"https:\/\/tacarc.org\/info\/parcours-des-etroits\/#Terrain\" >Terrain<\/a><\/li><li class='ez-toc-page-1 ez-toc-heading-level-2'><a class=\"ez-toc-link ez-toc-heading-2\" href=\"https:\/\/tacarc.org\/info\/parcours-des-etroits\/#Reservation_de_parcours\" >R\u00e9servation de parcours<\/a><\/li><li class='ez-toc-page-1 ez-toc-heading-level-2'><a class=\"ez-toc-link ez-toc-heading-3\" href=\"https:\/\/tacarc.org\/info\/parcours-des-etroits\/#Reglement_interieur_pour_la_pratique_du_tir_dans_la_zone_%C2%AB_TAC_%C2%BB_du_terrain_des_Etroits\" >R\u00e8glement int\u00e9rieur pour la pratique du tir dans la zone \u00ab TAC \u00bb du terrain des Etroits<\/a><\/li><li class='ez-toc-page-1 ez-toc-heading-level-2'><a class=\"ez-toc-link ez-toc-heading-4\" href=\"https:\/\/tacarc.org\/info\/parcours-des-etroits\/#Installation\" >Installation<\/a><ul class='ez-toc-list-level-3' ><li class='ez-toc-heading-level-3'><a class=\"ez-toc-link ez-toc-heading-5\" href=\"https:\/\/tacarc.org\/info\/parcours-des-etroits\/#Acces\" >Acc\u00e8s<\/a><\/li><li class='ez-toc-page-1 ez-toc-heading-level-3'><a class=\"ez-toc-link ez-toc-heading-6\" href=\"https:\/\/tacarc.org\/info\/parcours-des-etroits\/#Nombre\" >Nombre<\/a><\/li><li class='ez-toc-page-1 ez-toc-heading-level-3'><a class=\"ez-toc-link ez-toc-heading-7\" href=\"https:\/\/tacarc.org\/info\/parcours-des-etroits\/#Zone_de_tir\" >Zone de tir<\/a><\/li><li class='ez-toc-page-1 ez-toc-heading-level-3'><a class=\"ez-toc-link ez-toc-heading-8\" href=\"https:\/\/tacarc.org\/info\/parcours-des-etroits\/#Parking\" >Parking<\/a><\/li><li class='ez-toc-page-1 ez-toc-heading-level-3'><a class=\"ez-toc-link ez-toc-heading-9\" href=\"https:\/\/tacarc.org\/info\/parcours-des-etroits\/#Chemin_dacces\" >Chemin d\u2019acc\u00e8s<\/a><\/li><li class='ez-toc-page-1 ez-toc-heading-level-3'><a class=\"ez-toc-link ez-toc-heading-10\" href=\"https:\/\/tacarc.org\/info\/parcours-des-etroits\/#Terrain_de_parcours_des_Etroits\" >Terrain de parcours des Etroits<\/a><\/li><li class='ez-toc-page-1 ez-toc-heading-level-3'><a class=\"ez-toc-link ez-toc-heading-11\" href=\"https:\/\/tacarc.org\/info\/parcours-des-etroits\/#Historique_du_club\" >Historique du club<\/a><\/li><\/ul><\/li><\/ul><\/nav><\/div>\n<h2><span class=\"ez-toc-section\" id=\"Terrain\"><\/span>Terrain<span class=\"ez-toc-section-end\"><\/span><\/h2>\n<p>L'entra\u00eenement au <a href=\"http:\/\/www.tacarc.org\/tir\/campagne.htm\">tir campagne<\/a> est pratiqu\u00e9 sur le terrain dont l'entr\u00e9e est au 105 chemin des Etroits, 31400 Toulouse (cf: <a title=\"Terrain des Etroits : cibles du parcours\" href=\"http:\/\/tacarc.org\/info\/?p=267\">plan du parcours \"TAC\"<\/a>) exclusivement entre les points A et B indiqu\u00e9s sur le plan ci-dessous:<\/p>\n<div id=\"attachment_1013\" style=\"width: 1034px\" class=\"wp-caption alignnone\"><img loading=\"lazy\" decoding=\"async\" aria-describedby=\"caption-attachment-1013\" class=\"size-full wp-image-1013\" src=\"http:\/\/tacarc.org\/info\/wp-content\/uploads\/2013\/09\/tir_terrain_etroits_tac6.jpg\" alt=\"Zone de parcours au 105 chemin des Etroits, Toulouse\" width=\"1024\" height=\"630\" srcset=\"https:\/\/tacarc.org\/info\/wp-content\/uploads\/2013\/09\/tir_terrain_etroits_tac6.jpg 1024w, https:\/\/tacarc.org\/info\/wp-content\/uploads\/2013\/09\/tir_terrain_etroits_tac6-300x184.jpg 300w\" sizes=\"auto, (max-width: 1024px) 100vw, 1024px\" \/><p id=\"caption-attachment-1013\" class=\"wp-caption-text\">Zone de parcours au 105 chemin des Etroits, Toulouse<\/p><\/div>\n<p><a href=\"https:\/\/tacarc.org\/info\/tir_campagne_butte5\/\"><img loading=\"lazy\" decoding=\"async\" class=\"size-full wp-image-2412 alignright\" src=\"https:\/\/tacarc.org\/info\/wp-content\/uploads\/2020\/09\/tir_campagne_butte5.jpg\" alt=\"\" width=\"228\" height=\"171\" \/><\/a>Les autres zones de tirs connexes sont utilis\u00e9es par les membres de l'association \"<a title=\"site de la compagnie des archers toulousains\" href=\"http:\/\/archers-toulousains.fr\/\" target=\"_blank\" rel=\"noopener noreferrer\">CAT<\/a>\"\u00a0 <a title=\"site de la compagnie des archers toulousains\" href=\"http:\/\/archers-toulousains.skyobs.fr\/\" target=\"_blank\" rel=\"noopener noreferrer\">compagnie des archers toulousains<\/a> (anciennement \"<a title=\"site du club Toulouse Sport nature\" href=\"http:\/\/toulouse-sport-nature.fr\/\" target=\"_blank\" rel=\"noopener noreferrer\">TSN Toulouse Sport et Nature<\/a>\" avant 2015, ex FCT Field Chasse Toulousain), dont les cours d'initiation sont le samedi apr\u00e8s-midi. Les archers du TAC saluent les archers du TSN en passant et montrent leur carte de licenci\u00e9 FFTA pour \u00e9viter toute suspicion d'intrusion.<\/p>\n<p><a title=\"G\u00e9olocalisation du parcours des Etroits\" href=\"http:\/\/maps.google.fr\/maps?daddr=43.559224,1.443016&amp;hl=fr&amp;sll=43.559208,1.443114&amp;sspn=0.006134,0.013937&amp;vpsrc=0&amp;mra=mift&amp;mrsp=0&amp;sz=17&amp;t=h&amp;z=17\" target=\"_blank\" rel=\"noopener noreferrer\">localisation<\/a>: 105 chemin des Etroits, 31400 Toulouse<br \/>\n<a href=\"https:\/\/www.google.com\/maps\/place\/43%C2%B033'33.4%22N+1%C2%B026'34.6%22E\/@43.5592795,1.4244981,15z\/data=!3m1!4b1!4m10!1m5!3m4!2zNDPCsDMzJzU3LjEiTiAxwrAyNic0Ni44IkU!8m2!3d43.565848!4d1.446334!3m3!8m2!3d43.559281!4d1.442952?hl=fr&amp;entry=ttu\">GPS<\/a>\u00a0\u00a0 43.559281, 1.442952<br \/>\nNB: le terrain est inaccessible par le chemin des c\u00f4tes de Pech-David en haut de la falaise.<\/p>\n<div id=\"fb-root\"><\/div>\n<p><script async defer crossorigin=\"anonymous\" src=\"https:\/\/connect.facebook.net\/fr_FR\/sdk.js#xfbml=1&version=v8.0\" nonce=\"jH2DifbT\"><\/script><\/p>\n<div class=\"fb-page\" data-href=\"https:\/\/www.facebook.com\/parcours.etroits.toulouse.tac.arc\/\" data-tabs=\"timeline\" data-width=\"600\" data-height=\"550\" data-small-header=\"true\" data-adapt-container-width=\"true\" data-hide-cover=\"false\" data-show-facepile=\"false\">\n<blockquote class=\"fb-xfbml-parse-ignore\" cite=\"https:\/\/www.facebook.com\/parcours.etroits.toulouse.tac.arc\/\"><p><a href=\"https:\/\/www.facebook.com\/parcours.etroits.toulouse.tac.arc\/\">Parcours des Etroits de tir \u00e0 l'arc du Toulouse TAC<\/a><\/p><\/blockquote>\n<\/div>\n<h2><span class=\"ez-toc-section\" id=\"Reservation_de_parcours\"><\/span><a name=\"reservation\"><\/a><br \/>\nR\u00e9servation de parcours<span class=\"ez-toc-section-end\"><\/span><\/h2>\n<p>Certains entra\u00eenements sont effectu\u00e9s en groupe le samedi ou dimanche selon les disponibilit\u00e9s des entra\u00eeneurs<br \/>\n<iframe loading=\"lazy\" src=\"https:\/\/docs.google.com\/spreadsheets\/d\/e\/2PACX-1vQ7yt0mLlCIacckvcl3Zih_eLXnflpRPxGSXaUwf8fOQlA1wtMPGXwpa2tr51qs5qjMBifqJaMfGNyI\/pubhtml?gid=0&amp;single=true&amp;widget=true&amp;headers=false\" width=\"400\" height=\"200\"><span style=\"display: inline-block; width: 0px; overflow: hidden; line-height: 0;\" data-mce-type=\"bookmark\" class=\"mce_SELRES_start\">\ufeff<\/span><span style=\"display: inline-block; width: 0px; overflow: hidden; line-height: 0;\" data-mce-type=\"bookmark\" class=\"mce_SELRES_start\">\ufeff<\/span><\/iframe><\/p>\n<p>Editer <a href=\"https:\/\/docs.google.com\/spreadsheets\/d\/1DQYlxnNiItAwx_JZb1nS4gGKnVqUz-uDUfP_owOUZq0\">r\u00e9servations des entra\u00eeneurs<\/a><\/p>\n<p>Dans le cadre de la pr\u00e9vention covid, r\u00e9servez et v\u00e9rifiez la disponibilit\u00e9 de cibles:<br \/>\n<form class=\"cpp_form no-prefetch\" name=\"cp_appbooking_pform_1\" id=\"cp_appbooking_pform_1\" action=\"\" method=\"post\" enctype=\"multipart\/form-data\" onsubmit=\"return cp_appbooking_pform_doValidate_1(this);\"><input type=\"hidden\" name=\"cp_pform_psequence\" value=\"_1\" \/><input type=\"hidden\" name=\"cp_appbooking_pform_process\" value=\"1\" \/><input type=\"hidden\" name=\"cp_appbooking_id\" value=\"5\" \/><input type=\"hidden\" name=\"cp_ref_page\" value=\"\" \/><input type=\"hidden\" name=\"form_structure_1\" id=\"form_structure_1\" size=\"180\" value=\"[[{&quot;form_identifier&quot;:&quot;&quot;,&quot;name&quot;:&quot;fieldname4&quot;,&quot;shortlabel&quot;:&quot;Entrainement aux Etroits&quot;,&quot;index&quot;:0,&quot;ftype&quot;:&quot;fapp&quot;,&quot;userhelp&quot;:&quot;&quot;,&quot;userhelpTooltip&quot;:&quot;&quot;,&quot;csslayout&quot;:&quot;&quot;,&quot;title&quot;:&quot;Parcours TAC des Etroits&quot;,&quot;services&quot;:[{&quot;name&quot;:&quot;Etroits entra\\u00eenement&quot;,&quot;price&quot;:0,&quot;capacity&quot;:&quot;12&quot;,&quot;duration&quot;:&quot;150&quot;,&quot;pb&quot;:0,&quot;pa&quot;:0,&quot;ohindex&quot;:0,&quot;idx&quot;:1}],&quot;openhours&quot;:[],&quot;allOH&quot;:[{&quot;name&quot;:&quot;Default&quot;,&quot;openhours&quot;:[{&quot;type&quot;:&quot;all&quot;,&quot;d&quot;:&quot;&quot;,&quot;h1&quot;:&quot;9&quot;,&quot;m1&quot;:&quot;30&quot;,&quot;h2&quot;:&quot;12&quot;,&quot;m2&quot;:&quot;10&quot;}]}],&quot;dateFormat&quot;:&quot;DD, d MM, yy&quot;,&quot;showDropdown&quot;:false,&quot;showTotalCost&quot;:false,&quot;showTotalCostFormat&quot;:&quot;$ {0}&quot;,&quot;showEndTime&quot;:true,&quot;showQuantity&quot;:false,&quot;usedSlotsCheckbox&quot;:true,&quot;avoidOverlaping&quot;:true,&quot;emptySelectCheckbox&quot;:false,&quot;emptySelect&quot;:&quot;-- Please select service --&quot;,&quot;dropdownRange&quot;:&quot;-10:+10&quot;,&quot;working_dates&quot;:[true,true,false,false,false,false,true],&quot;numberOfMonths&quot;:1,&quot;maxNumberOfApp&quot;:0,&quot;firstDay&quot;:&quot;1&quot;,&quot;minDate&quot;:&quot;&quot;,&quot;maxDate&quot;:&quot;&quot;,&quot;defaultDate&quot;:&quot;&quot;,&quot;invalidDates&quot;:&quot;&quot;,&quot;tmpinvalidDates&quot;:&quot;&quot;,&quot;required&quot;:false,&quot;bSlotsCheckbox&quot;:true,&quot;bSlots&quot;:&quot;120&quot;,&quot;militaryTime&quot;:1,&quot;autonum&quot;:1,&quot;autonumStaff&quot;:0,&quot;fBuild&quot;:{},&quot;special_days&quot;:[],&quot;minDateTmp&quot;:&quot;&quot;,&quot;getMinDate&quot;:{},&quot;tmpinvalidDatestime&quot;:[]},{&quot;form_identifier&quot;:&quot;&quot;,&quot;name&quot;:&quot;fieldname9&quot;,&quot;shortlabel&quot;:&quot;Individuel TAC parcours Etroits&quot;,&quot;index&quot;:1,&quot;ftype&quot;:&quot;fapp&quot;,&quot;userhelp&quot;:&quot;&quot;,&quot;userhelpTooltip&quot;:&quot;&quot;,&quot;csslayout&quot;:&quot;&quot;,&quot;title&quot;:&quot;Etroits en individuel&quot;,&quot;services&quot;:[{&quot;name&quot;:&quot;Etroits en individuel&quot;,&quot;price&quot;:0,&quot;capacity&quot;:&quot;10&quot;,&quot;duration&quot;:&quot;120&quot;,&quot;pb&quot;:0,&quot;pa&quot;:0,&quot;ohindex&quot;:0,&quot;idx&quot;:1}],&quot;openhours&quot;:[],&quot;allOH&quot;:[{&quot;name&quot;:&quot;Default&quot;,&quot;openhours&quot;:[{&quot;type&quot;:&quot;all&quot;,&quot;d&quot;:&quot;&quot;,&quot;h1&quot;:&quot;7&quot;,&quot;m1&quot;:&quot;0&quot;,&quot;h2&quot;:&quot;22&quot;,&quot;m2&quot;:&quot;0&quot;}]}],&quot;dateFormat&quot;:&quot;DD, d MM, yy&quot;,&quot;showDropdown&quot;:false,&quot;showTotalCost&quot;:false,&quot;showTotalCostFormat&quot;:&quot;$ {0}&quot;,&quot;showEndTime&quot;:true,&quot;showQuantity&quot;:false,&quot;usedSlotsCheckbox&quot;:true,&quot;avoidOverlaping&quot;:true,&quot;emptySelectCheckbox&quot;:false,&quot;emptySelect&quot;:&quot;-- Please select service --&quot;,&quot;dropdownRange&quot;:&quot;-10:+10&quot;,&quot;working_dates&quot;:[true,true,true,true,true,true,true],&quot;numberOfMonths&quot;:1,&quot;maxNumberOfApp&quot;:0,&quot;firstDay&quot;:&quot;1&quot;,&quot;minDate&quot;:&quot;&quot;,&quot;maxDate&quot;:&quot;&quot;,&quot;defaultDate&quot;:&quot;&quot;,&quot;invalidDates&quot;:&quot;&quot;,&quot;tmpinvalidDates&quot;:&quot;&quot;,&quot;required&quot;:true,&quot;bSlotsCheckbox&quot;:true,&quot;bSlots&quot;:30,&quot;militaryTime&quot;:1,&quot;autonum&quot;:1,&quot;autonumStaff&quot;:0,&quot;fBuild&quot;:{},&quot;special_days&quot;:[],&quot;minDateTmp&quot;:&quot;&quot;,&quot;getMinDate&quot;:{},&quot;tmpinvalidDatestime&quot;:[]},{&quot;form_identifier&quot;:&quot;&quot;,&quot;name&quot;:&quot;fieldname8&quot;,&quot;shortlabel&quot;:&quot;&quot;,&quot;index&quot;:2,&quot;ftype&quot;:&quot;ftext&quot;,&quot;userhelp&quot;:&quot;&quot;,&quot;userhelpTooltip&quot;:&quot;&quot;,&quot;csslayout&quot;:&quot;&quot;,&quot;title&quot;:&quot;Nom, club&quot;,&quot;predefined&quot;:&quot;&quot;,&quot;predefinedClick&quot;:false,&quot;required&quot;:false,&quot;size&quot;:&quot;medium&quot;,&quot;minlength&quot;:&quot;&quot;,&quot;maxlength&quot;:&quot;&quot;,&quot;equalTo&quot;:&quot;&quot;,&quot;fBuild&quot;:{}},{&quot;form_identifier&quot;:&quot;&quot;,&quot;name&quot;:&quot;email&quot;,&quot;shortlabel&quot;:&quot;&quot;,&quot;index&quot;:3,&quot;ftype&quot;:&quot;femail&quot;,&quot;userhelp&quot;:&quot;&quot;,&quot;userhelpTooltip&quot;:&quot;&quot;,&quot;csslayout&quot;:&quot;&quot;,&quot;title&quot;:&quot;E-mail&quot;,&quot;predefined&quot;:&quot;&quot;,&quot;predefinedClick&quot;:false,&quot;required&quot;:true,&quot;size&quot;:&quot;medium&quot;,&quot;equalTo&quot;:&quot;&quot;,&quot;fBuild&quot;:{}}],[{&quot;title&quot;:&quot;R\\u00e9servation parcours des Etroits TAC&quot;,&quot;description&quot;:&quot;&quot;,&quot;formlayout&quot;:&quot;top_aligned&quot;,&quot;formtemplate&quot;:&quot;&quot;,&quot;evalequations&quot;:1,&quot;autocomplete&quot;:1,&quot;autofocus&quot;:false}]]\" \/><input type=\"hidden\" name=\"refpage_1\" id=\"refpage_1\" value=\"\"><input type=\"hidden\" name=\"cp_appbooking_pform_status\" value=\"0\" \/><input name=\"anonce\" type=\"hidden\" value=\"a260bdf2db\"\/>\r\n<div id=\"fbuilder\">\r\n    <div id=\"fbuilder_1\">\r\n        <div id=\"formheader_1\"><\/div>\r\n        <div id=\"fieldlist_1\"><\/div>\r\n    <\/div>\r\n<\/div>\r\n<div style=\"display:none\">\r\n<div id=\"cpcaptchalayer_1\" class=\"cpcaptchalayer\">\r\n <div class=\"fields\" id=\"field-c0\" style=\"display:none\">\r\n    <label><\/label>\r\n    <div class=\"dfield\"><!--addons-payment-options--><\/div>\r\n    <div class=\"clearer\"><\/div>\r\n <\/div>\r\n  Code de s\u00e9curit\u00e9:<br \/>\r\n  <img decoding=\"async\" src=\"https:\/\/tacarc.org\/info\/?cp_appbooking_captcha=captcha&amp;ps=_1&amp;inAdmin=1&amp;width=180&amp;height=60&amp;letter_count=5&amp;min_size=25&amp;max_size=35&amp;noise=200&amp;noiselength=4&amp;bcolor=ffffff&amp;border=000000&amp;font=font1\"  id=\"captchaimg_1\" alt=\"security code\" border=\"0\" class=\"skip-lazy\" \/>\r\n  <br \/>Veuillez saisir le code de s\u00e9curit\u00e9:<br \/>\r\n  <div class=\"dfield\"><input type=\"text\" size=\"20\" name=\"hdcaptcha_cp_appbooking_post\" id=\"hdcaptcha_cp_appbooking_post_1\" value=\"\" autocomplete=\"off\" \/>\r\n  <div class=\"cpefb_error message\" id=\"hdcaptcha_error_1\" generated=\"true\" style=\"display:none;position: absolute; left: 0px; top: 25px;\">Please enter a valid captcha code.<\/div>\r\n  <\/div><br \/>\r\n<!-- rcadon -->\r\n<\/div>\r\n<\/div>\r\n<div id=\"cp_subbtn_1\" class=\"cp_subbtn\">Submit<\/div>\r\n<div style=\"clear:both;\"><\/div>\r\n<\/form>\r\n<\/p>\n<p><a title=\"g\u00e9olocalisation du d\u00e9part A du parcours TAC\" href=\"https:\/\/maps.google.fr\/maps?q=43.559004,1.444277&amp;ll=43.558744,1.444525&amp;spn=0.002152,0.003484&amp;num=1&amp;t=h&amp;z=19\" target=\"_blank\" rel=\"noopener noreferrer\">A - d\u00e9part du parcours TAC<\/a><br \/>\n<a title=\"g\u00e9olocalisation de fin de parcours TAC (B)\" href=\"https:\/\/maps.google.fr\/maps?q=43.558206,1.444578&amp;ll=43.558614,1.444032&amp;spn=0.002152,0.003484&amp;num=1&amp;t=h&amp;z=19\" target=\"_blank\" rel=\"noopener noreferrer\">B - fin de parcours<\/a><br \/>\n<a title=\"parking des archers TSN\" href=\"https:\/\/maps.google.fr\/maps?q=43.559007,1.443087&amp;num=1&amp;t=h&amp;z=18\" target=\"_blank\" rel=\"noopener noreferrer\">P - parking CAT<\/a>, utilisable pour les archers du TAC sous r\u00e9serve de places disponibles, les archers du CAT \u00e9tant prioritaires.<br \/>\n<a title=\"Parking public au 105 chemin des Etroits\" href=\"https:\/\/maps.google.fr\/maps?daddr=43.558492,1.440987&amp;hl=fr&amp;ll=43.55861,1.441905&amp;spn=0.002152,0.003484&amp;sll=43.558461,1.441017&amp;sspn=0.002152,0.003484&amp;t=h&amp;mra=mift&amp;mrsp=1&amp;sz=19&amp;z=19\" target=\"_blank\" rel=\"noopener noreferrer\">PO parking public<\/a> toujours disponible pour archers du TAC (notamment le samedi).<\/p>\n<p><i>Les autres zones de tirs connexes sont utilis\u00e9es par les membres de l'association \"CAT compagnie des archers toulousains\", qui s'entra\u00eenent le samedi.<\/i><\/p>\n<div id=\"attachment_490\" style=\"width: 650px\" class=\"wp-caption alignright\"><img loading=\"lazy\" decoding=\"async\" aria-describedby=\"caption-attachment-490\" class=\"size-large wp-image-490\" src=\"http:\/\/tacarc.org\/info\/wp-content\/uploads\/2013\/03\/tac_terrain_etroits201303_cibles_panneaux-1024x716.jpg\" alt=\"Axes de tir du parcours TAC du terrain des Etroits\" width=\"640\" height=\"447\" srcset=\"https:\/\/tacarc.org\/info\/wp-content\/uploads\/2013\/03\/tac_terrain_etroits201303_cibles_panneaux-1024x716.jpg 1024w, https:\/\/tacarc.org\/info\/wp-content\/uploads\/2013\/03\/tac_terrain_etroits201303_cibles_panneaux-300x209.jpg 300w, https:\/\/tacarc.org\/info\/wp-content\/uploads\/2013\/03\/tac_terrain_etroits201303_cibles_panneaux.jpg 1052w\" sizes=\"auto, (max-width: 640px) 100vw, 640px\" \/><p id=\"caption-attachment-490\" class=\"wp-caption-text\">Axes de tir du parcours TAC du terrain des Etroits<\/p><\/div>\n<p>Le <a title=\"Terrain des Etroits : parcours\" href=\"http:\/\/tacarc.org\/info\/?p=267\">parcours du TAC<\/a> correspond \u00e0 la zone contre la falaise, accessible \u00e0 pied \u00e0 partir du parking. Les entr\u00e9es de tous les couloirs de tirs commencent sur la prairie, les archers doivent rester dans les couloirs de tir sans p\u00e9n\u00e9trer dans la for\u00eat pour \u00e9viter de croiser un couloir de tir connexe. Tous les axes de tirs sont dirig\u00e9s vers la falaise. Le <strong>parking<\/strong> sup\u00e9rieur du TSN est r\u00e9serv\u00e9 en priorit\u00e9 aux archers du TSN, sp\u00e9cialement le samedi.<\/p>\n<h2><span class=\"ez-toc-section\" id=\"Reglement_interieur_pour_la_pratique_du_tir_dans_la_zone_%C2%AB_TAC_%C2%BB_du_terrain_des_Etroits\"><\/span><a name=\"reglement\"><\/a>R\u00e8glement int\u00e9rieur pour la pratique du tir dans la zone \u00ab TAC \u00bb du terrain des Etroits<span class=\"ez-toc-section-end\"><\/span><\/h2>\n<p><a href=\"https:\/\/tacarc.org\/info\/tir_campagne_butte5_michel\/\"><img loading=\"lazy\" decoding=\"async\" class=\"size-full wp-image-2411 alignright\" src=\"https:\/\/tacarc.org\/info\/wp-content\/uploads\/2020\/09\/tir_campagne_butte5_michel.jpg\" alt=\"\" width=\"228\" height=\"171\" \/><\/a>Ce r\u00e8glement sp\u00e9cifique \u00e0 la zone de tir \u00ab TAC \u00bb du terrain des Etroits compl\u00e8te le <a title=\"TAC - r\u00e8glement int\u00e9rieur\" href=\"http:\/\/tacarc.org\/info\/?page_id=652\">r\u00e8glement int\u00e9rieur<\/a> du \u00ab TAC tir \u00e0 l\u2019arc \u00bb. Les r\u00e8gles de s\u00e9curit\u00e9 en mati\u00e8re de tir restent naturellement toujours applicables.<\/p>\n<h2><span class=\"ez-toc-section\" id=\"Installation\"><\/span>Installation<span class=\"ez-toc-section-end\"><\/span><\/h2>\n<p>L\u2019installation des buttes et les chemins d\u2019acc\u00e8s aux buttes sont conformes aux recommandations FFTA en mati\u00e8re d\u2019implantation de parcours, notamment l\u2019article \u00ab 3 espace de tir \u00bb pr\u00e9cisant la s\u00e9curit\u00e9 autour de la cible<br \/>\n<a href=\"http:\/\/www.evenements-sportifs.com\/ffta-fr\/doc\/Implantation_parcours.pdf\">http:\/\/www.evenements-sportifs.com\/ffta-fr\/doc\/Implantation_parcours.pdf<\/a><\/p>\n<h3><span class=\"ez-toc-section\" id=\"Acces\"><\/span>Acc\u00e8s<span class=\"ez-toc-section-end\"><\/span><\/h3>\n<p>L\u2019acc\u00e8s au terrain est r\u00e9serv\u00e9 aux archers ayant une licence de tir en cours de validit\u00e9 garantissant leur qualit\u00e9 d\u2019archer et leur couverture d\u2019assurance. Les archers disposeront de leur carte de licenci\u00e9 pour l\u2019acc\u00e8s au terrain au m\u00eame titre que lors d\u2019une participation \u00e0 un concours.<\/p>\n<h3><span class=\"ez-toc-section\" id=\"Nombre\"><\/span>Nombre<span class=\"ez-toc-section-end\"><\/span><\/h3>\n<p>Compte tenu de l\u2019espace de tir, une douzaine d\u2019archers au plus sera admis simultan\u00e9ment sur la zone de tir \u00ab TAC \u00bb.<\/p>\n<h3><span class=\"ez-toc-section\" id=\"Zone_de_tir\"><\/span>Zone de tir<span class=\"ez-toc-section-end\"><\/span><\/h3>\n<p>Les archers du TAC s\u2019engagent \u00e0 ne pratiquer le tir \u00e0 l\u2019arc sur le terrain des Etroits que sur la zone \u00ab TAC \u00bb, sauf invitation expresse et nominative de la part du comit\u00e9 du TSN.<\/p>\n<h3><span class=\"ez-toc-section\" id=\"Parking\"><\/span>Parking<span class=\"ez-toc-section-end\"><\/span><\/h3>\n<p><i>Le samedi, les archers du TAC utiliseront de pr\u00e9f\u00e9rence les places de stationnement du parking public en bordure de la route du chemin des Etroits, leurs voitures ne devront pas franchir le portail de l'espace canin <\/i>(<a title=\"parking public au 105 chemin des Etroits, Toulouse\" href=\"https:\/\/maps.google.fr\/maps?daddr=43.558492,1.440987&amp;hl=fr&amp;ll=43.55861,1.441905&amp;spn=0.002152,0.003484&amp;sll=43.558461,1.441017&amp;sspn=0.002152,0.003484&amp;t=h&amp;mra=mift&amp;mrsp=1&amp;sz=19&amp;z=19\" target=\"_blank\" rel=\"noopener noreferrer\">geolocalisation<\/a>)<em>, le samedi \u00e9tant le jour d'entra\u00eenement des archers du TSN. Le dimanche et les autres jours de la semaine, les archers du TAC pourront se garer sur le parking sup\u00e9rieur du TSN, sous r\u00e9serve de places disponibles.<\/em><br \/>\n<i>NB: Les s\u00e9ances d'entra\u00eenement du <a href=\"http:\/\/fr-fr.facebook.com\/pages\/CLUB-TOULOUSAIN-DE-CHIEN-DE-DEFENSE-ET-DE-POLICE\/283117885040489\" target=\"_blank\" rel=\"noopener noreferrer\">club toulousain de chien de d\u00e9fense et police<\/a> ont lieu le samedi et le dimanche matin dont les membres utilisent aussi le parking inf\u00e9rieur en bordure de la route.<\/i><\/p>\n<h3><span class=\"ez-toc-section\" id=\"Chemin_dacces\"><\/span>Chemin d\u2019acc\u00e8s<span class=\"ez-toc-section-end\"><\/span><\/h3>\n<p>Le chemin d\u2019acc\u00e8s au terrain de tir partant de la voie publique du chemin des Etroits est ferm\u00e9 par un portail avec cadenas, y compris celui qui permet l'acc\u00e8s au parking du TSN. Ces portails devront rester ferm\u00e9s et verrouill\u00e9s apr\u00e8s le passage de chaque archer. Le pr\u00e9sident de l\u2019association TAC tir \u00e0 l\u2019arc indique les codes d\u2019acc\u00e8s du cadenas \u00e0 l\u2019archer qui s\u2019engage \u00e0 ne pas divulguer ces codes.<\/p>\n<p><!-- Facebook --><\/p>\n<div class=\"fb-like-box\" data-href=\"https:\/\/www.facebook.com\/parcours.etroits.toulouse.tac.arc\" data-width=\"600\" data-height=\"600\" data-show-faces=\"false\" data-border-color=\"#FFF\" data-stream=\"true\" data-header=\"false\"><\/div>\n<div id=\"fb-root\"><\/div>\n<p><script>\/\/ <![CDATA[ \/\/ Load the SDK Asynchronously (function(d){ var js, id = 'facebook-jssdk', ref = d.getElementsByTagName('script')[0]; if (d.getElementById(id)) {return;} js = d.createElement('script'); js.id = id; js.async = true; js.src = \"\/\/connect.facebook.net\/en_US\/all.js#xfbml=1\"; ref.parentNode.insertBefore(js, ref); }(document)); \/\/ ]]><\/script><\/p>\n<p><!--\n<a name=\"parcours\"><\/a>\n\n\n<h3><span class=\"ez-toc-section\" id=\"Terrain_de_parcours_des_Etroits\"><\/span>Terrain de parcours des Etroits<span class=\"ez-toc-section-end\"><\/span><\/h3>\n\n\n[postlist tags=\"Etroits\" requesttype=\"0\"]\n\n<a name=\"historique\"><\/a>\n\n\n<h3><span class=\"ez-toc-section\" id=\"Historique_du_club\"><\/span>Historique du club<span class=\"ez-toc-section-end\"><\/span><\/h3>\n\n\n[postlist tags=\"histoire\" requesttype=\"0\"]\n--><\/p>\n","protected":false},"excerpt":{"rendered":"<p>Terrain L'entra\u00eenement au tir campagne est pratiqu\u00e9 sur le terrain dont l'entr\u00e9e est au 105 chemin des Etroits, 31400 Toulouse (cf: plan du parcours \"TAC\") exclusivement entre les points A et B indiqu\u00e9s sur le plan ci-dessous: Les autres zones &hellip; <a href=\"https:\/\/tacarc.org\/info\/parcours-des-etroits\/\">Continuer la lecture <span class=\"meta-nav\">&rarr;<\/span><\/a><\/p>\n","protected":false},"author":2,"featured_media":1012,"parent":0,"menu_order":3,"comment_status":"closed","ping_status":"open","template":"","meta":{"footnotes":""},"class_list":["post-1011","page","type-page","status-publish","has-post-thumbnail","hentry"],"jetpack_sharing_enabled":true,"_links":{"self":[{"href":"https:\/\/tacarc.org\/info\/wp-json\/wp\/v2\/pages\/1011","targetHints":{"allow":["GET"]}}],"collection":[{"href":"https:\/\/tacarc.org\/info\/wp-json\/wp\/v2\/pages"}],"about":[{"href":"https:\/\/tacarc.org\/info\/wp-json\/wp\/v2\/types\/page"}],"author":[{"embeddable":true,"href":"https:\/\/tacarc.org\/info\/wp-json\/wp\/v2\/users\/2"}],"replies":[{"embeddable":true,"href":"https:\/\/tacarc.org\/info\/wp-json\/wp\/v2\/comments?post=1011"}],"version-history":[{"count":0,"href":"https:\/\/tacarc.org\/info\/wp-json\/wp\/v2\/pages\/1011\/revisions"}],"wp:featuredmedia":[{"embeddable":true,"href":"https:\/\/tacarc.org\/info\/wp-json\/wp\/v2\/media\/1012"}],"wp:attachment":[{"href":"https:\/\/tacarc.org\/info\/wp-json\/wp\/v2\/media?parent=1011"}],"curies":[{"name":"wp","href":"https:\/\/api.w.org\/{rel}","templated":true}]}}