
{"id":1002,"date":"2013-09-04T15:01:57","date_gmt":"2013-09-04T13:01:57","guid":{"rendered":"http:\/\/tacarc.org\/info\/?page_id=1002"},"modified":"2026-01-19T14:42:47","modified_gmt":"2026-01-19T13:42:47","slug":"terrain-de-pech-david","status":"publish","type":"page","link":"https:\/\/tacarc.org\/info\/terrain-de-pech-david\/","title":{"rendered":"Terrain de Pech-David"},"content":{"rendered":"<div id=\"ez-toc-container\" class=\"ez-toc-v2_0_80 counter-hierarchy ez-toc-counter ez-toc-grey ez-toc-container-direction\">\n<div class=\"ez-toc-title-container\">\n<p class=\"ez-toc-title\" style=\"cursor:inherit\">Sommaire<\/p>\n<span class=\"ez-toc-title-toggle\"><a href=\"#\" class=\"ez-toc-pull-right ez-toc-btn ez-toc-btn-xs ez-toc-btn-default ez-toc-toggle\" aria-label=\"Toggle Table of Content\"><span class=\"ez-toc-js-icon-con\"><span class=\"\"><span class=\"eztoc-hide\" style=\"display:none;\">Toggle<\/span><span class=\"ez-toc-icon-toggle-span\"><svg style=\"fill: #999;color:#999\" xmlns=\"http:\/\/www.w3.org\/2000\/svg\" class=\"list-377408\" width=\"20px\" height=\"20px\" viewBox=\"0 0 24 24\" fill=\"none\"><path d=\"M6 6H4v2h2V6zm14 0H8v2h12V6zM4 11h2v2H4v-2zm16 0H8v2h12v-2zM4 16h2v2H4v-2zm16 0H8v2h12v-2z\" fill=\"currentColor\"><\/path><\/svg><svg style=\"fill: #999;color:#999\" class=\"arrow-unsorted-368013\" xmlns=\"http:\/\/www.w3.org\/2000\/svg\" width=\"10px\" height=\"10px\" viewBox=\"0 0 24 24\" version=\"1.2\" baseProfile=\"tiny\"><path d=\"M18.2 9.3l-6.2-6.3-6.2 6.3c-.2.2-.3.4-.3.7s.1.5.3.7c.2.2.4.3.7.3h11c.3 0 .5-.1.7-.3.2-.2.3-.5.3-.7s-.1-.5-.3-.7zM5.8 14.7l6.2 6.3 6.2-6.3c.2-.2.3-.5.3-.7s-.1-.5-.3-.7c-.2-.2-.4-.3-.7-.3h-11c-.3 0-.5.1-.7.3-.2.2-.3.5-.3.7s.1.5.3.7z\"\/><\/svg><\/span><\/span><\/span><\/a><\/span><\/div>\n<nav><ul class='ez-toc-list ez-toc-list-level-1 ' ><li class='ez-toc-page-1 ez-toc-heading-level-2'><a class=\"ez-toc-link ez-toc-heading-1\" href=\"https:\/\/tacarc.org\/info\/terrain-de-pech-david\/#Installations\" >Installations<\/a><\/li><li class='ez-toc-page-1 ez-toc-heading-level-2'><a class=\"ez-toc-link ez-toc-heading-2\" href=\"https:\/\/tacarc.org\/info\/terrain-de-pech-david\/#Acces\" >Acc\u00e8s<\/a><ul class='ez-toc-list-level-3' ><li class='ez-toc-heading-level-3'><a class=\"ez-toc-link ez-toc-heading-3\" href=\"https:\/\/tacarc.org\/info\/terrain-de-pech-david\/#Code_dacces\" >Code d&rsquo;acc\u00e8s<\/a><\/li><\/ul><\/li><li class='ez-toc-page-1 ez-toc-heading-level-2'><a class=\"ez-toc-link ez-toc-heading-4\" href=\"https:\/\/tacarc.org\/info\/terrain-de-pech-david\/#Acces_2022\" >Acc\u00e8s 2022<\/a><\/li><li class='ez-toc-page-1 ez-toc-heading-level-2'><a class=\"ez-toc-link ez-toc-heading-5\" href=\"https:\/\/tacarc.org\/info\/terrain-de-pech-david\/#Inauguration\" >Inauguration<\/a><ul class='ez-toc-list-level-3' ><li class='ez-toc-heading-level-3'><a class=\"ez-toc-link ez-toc-heading-6\" href=\"https:\/\/tacarc.org\/info\/terrain-de-pech-david\/#Re-ouverture_2025_de_la_piscine_Yvonne_Godard\" >R\u00e9-ouverture 2025 de la piscine Yvonne Godard<\/a><\/li><\/ul><\/li><\/ul><\/nav><\/div>\n<h2><span class=\"ez-toc-section\" id=\"Installations\"><\/span><img loading=\"lazy\" decoding=\"async\" class=\" wp-image-2209 alignright\" src=\"https:\/\/tacarc.org\/info\/wp-content\/uploads\/2020\/09\/DSC06693-scaled.jpg\" alt=\"\" width=\"269\" height=\"179\" srcset=\"https:\/\/tacarc.org\/info\/wp-content\/uploads\/2020\/09\/DSC06693-scaled.jpg 2048w, https:\/\/tacarc.org\/info\/wp-content\/uploads\/2020\/09\/DSC06693-300x200.jpg 300w, https:\/\/tacarc.org\/info\/wp-content\/uploads\/2020\/09\/DSC06693-1024x683.jpg 1024w, https:\/\/tacarc.org\/info\/wp-content\/uploads\/2020\/09\/DSC06693-768x512.jpg 768w, https:\/\/tacarc.org\/info\/wp-content\/uploads\/2020\/09\/DSC06693-1536x1024.jpg 1536w\" sizes=\"auto, (max-width: 269px) 100vw, 269px\" \/>Installations<span class=\"ez-toc-section-end\"><\/span><\/h2>\n<p>L'entra\u00eenement au tir ext\u00e9rieur est pratiqu\u00e9 \u00e0 Pech-David sur cibles \u00e0 20, 30, 50 et 70m. Le site comprend deux abris totalisant 32m de largeur de pas de tir, \u00e9clairages nocturnes et cheminements pour personnes \u00e0 mobilit\u00e9 r\u00e9duite entre les cibles et le parking avec 2 emplacements r\u00e9serv\u00e9s.<br \/>\nUn <strong>membre majeur du TAC licenci\u00e9 FFTA<\/strong> peut venir tirer \u00e0 tout moment de l'ann\u00e9e. Le parking ferme apr\u00e8s 22h, sur <a href=\"#reservation\">RESERVATION<\/a>.<\/p>\n<h2><span class=\"ez-toc-section\" id=\"Acces\"><\/span>Acc\u00e8s<span class=\"ez-toc-section-end\"><\/span><\/h2>\n<p><strong><img loading=\"lazy\" decoding=\"async\" class=\"wp-image-2208 alignright\" src=\"https:\/\/tacarc.org\/info\/wp-content\/uploads\/2020\/09\/DSC06686-scaled.jpg\" alt=\"\" width=\"239\" height=\"159\" srcset=\"https:\/\/tacarc.org\/info\/wp-content\/uploads\/2020\/09\/DSC06686-scaled.jpg 2048w, https:\/\/tacarc.org\/info\/wp-content\/uploads\/2020\/09\/DSC06686-300x200.jpg 300w, https:\/\/tacarc.org\/info\/wp-content\/uploads\/2020\/09\/DSC06686-1024x683.jpg 1024w, https:\/\/tacarc.org\/info\/wp-content\/uploads\/2020\/09\/DSC06686-768x512.jpg 768w, https:\/\/tacarc.org\/info\/wp-content\/uploads\/2020\/09\/DSC06686-1536x1024.jpg 1536w\" sizes=\"auto, (max-width: 239px) 100vw, 239px\" \/>Parking de la <a href=\"https:\/\/metropole.toulouse.fr\/annuaire\/piscine-yvonne-godard\">Piscine Yvonne Godard<\/a>, chemin des c\u00f4tes de Pech-David<\/strong><br \/>\n<strong>31400 Toulouse<\/strong><br \/>\n\u00e0 proximit\u00e9 de la piscine Yvonne Godard,<br \/>\nGPS: 43.565848, 1.446334<br \/>\n<a title=\"G\u00e9olocalisation du terrain de Pech-David\" href=\"https:\/\/maps.google.com\/maps?hl=fr&amp;q=43.565848%2C1.446334\" target=\"_blank\" rel=\"noopener noreferrer\">GeoLocalisation Google<\/a> ,sur <a title=\"localisation du terrain de Pech-David sur OpenStreetMap.org\" href=\"http:\/\/www.openstreetmap.org\/way\/175516682\" target=\"_blank\" rel=\"noopener noreferrer\">OpenStreetMap.org<\/a><br \/>\nLa ligne d'autobus <a title=\"horaires des autobus TISSEO de Toulouse\" href=\"http:\/\/www.tisseo.fr\/se-deplacer\/horaires\" target=\"_blank\" rel=\"noopener noreferrer\">TISSEO<\/a> N\u00b0115 dessert le terrain \u00e0 l'arr\u00eat \"Piscine Pech-David\".<\/p>\n<h3><span class=\"ez-toc-section\" id=\"Code_dacces\"><\/span>Code d&rsquo;acc\u00e8s<span class=\"ez-toc-section-end\"><\/span><\/h3>\n<p>Pour des raisons de s\u00e9curit\u00e9, le portail d'entr\u00e9e est ferm\u00e9 avec un verrou \u00e0 code <!-- dont la derni\u00e8re modification date du 22 octobre 2013 -->. Les membres peuvent faire la demande de ce code par courriel sur contact@tacarc.org; il leur sera communiqu\u00e9 par retour de courriel ou SMS. Les membres s'engagent \u00e0 ne pas divulguer ce code. Veillez \u00e0 verrouiller le portillon en permanence, m\u00eame pendant votre pr\u00e9sence sur le pas de tir.<\/p>\n<p><a href=\"https:\/\/tacarc.org\/info\/wp-content\/uploads\/2025\/05\/20240608_cibles_1-7.jpg\"><img loading=\"lazy\" decoding=\"async\" class=\"aligncenter wp-image-3278 size-large\" src=\"https:\/\/tacarc.org\/info\/wp-content\/uploads\/2025\/05\/20240608_cibles_1-7-1024x241.jpg\" alt=\"\" width=\"640\" height=\"151\" srcset=\"https:\/\/tacarc.org\/info\/wp-content\/uploads\/2025\/05\/20240608_cibles_1-7-1024x241.jpg 1024w, https:\/\/tacarc.org\/info\/wp-content\/uploads\/2025\/05\/20240608_cibles_1-7-300x71.jpg 300w, https:\/\/tacarc.org\/info\/wp-content\/uploads\/2025\/05\/20240608_cibles_1-7-768x181.jpg 768w, https:\/\/tacarc.org\/info\/wp-content\/uploads\/2025\/05\/20240608_cibles_1-7-1536x362.jpg 1536w, https:\/\/tacarc.org\/info\/wp-content\/uploads\/2025\/05\/20240608_cibles_1-7-2048x482.jpg 2048w\" sizes=\"auto, (max-width: 640px) 100vw, 640px\" \/><\/a><a href=\"https:\/\/tacarc.org\/info\/wp-content\/uploads\/2025\/05\/20240608_cibles_8-14.jpg\"><img loading=\"lazy\" decoding=\"async\" class=\"wp-image-3279 size-large aligncenter\" src=\"https:\/\/tacarc.org\/info\/wp-content\/uploads\/2025\/05\/20240608_cibles_8-14-1024x283.jpg\" alt=\"\" width=\"640\" height=\"177\" srcset=\"https:\/\/tacarc.org\/info\/wp-content\/uploads\/2025\/05\/20240608_cibles_8-14-1024x283.jpg 1024w, https:\/\/tacarc.org\/info\/wp-content\/uploads\/2025\/05\/20240608_cibles_8-14-300x83.jpg 300w, https:\/\/tacarc.org\/info\/wp-content\/uploads\/2025\/05\/20240608_cibles_8-14-768x213.jpg 768w, https:\/\/tacarc.org\/info\/wp-content\/uploads\/2025\/05\/20240608_cibles_8-14.jpg 1268w\" sizes=\"auto, (max-width: 640px) 100vw, 640px\" \/><\/a><\/p>\n<p><!--\n<a name=\"reservation\"><\/a>\n<a name=\"coach\"><\/a>\n<a name=\"coaching\"><\/a>\n<b>Entra\u00eenement encadr\u00e9<\/b>\nUn coaching est propos\u00e9 par Laurent le samedi matin 10h sur le terrain ext\u00e9rieur de Pech-David.\n\n[CP_APP_HOUR_BOOKING id=\"7\"]\n\n<script async defer crossorigin=\"anonymous\" src=\"https:\/\/connect.facebook.net\/fr_FR\/sdk.js#xfbml=1&version=v8.0\" nonce=\"jqW4lFSR\"><\/script>\n\n\n<div class=\"fb-page\" data-href=\"https:\/\/www.facebook.com\/terrain.PechDavid.Toulouse.tacarc\/\" data-tabs=\"timeline\" data-width=\"600\" data-height=\"600\" data-small-header=\"true\" data-adapt-container-width=\"true\" data-hide-cover=\"false\" data-show-facepile=\"false\">\n\n\n<blockquote class=\"fb-xfbml-parse-ignore\" cite=\"https:\/\/www.facebook.com\/terrain.PechDavid.Toulouse.tacarc\/\"><a href=\"https:\/\/www.facebook.com\/terrain.PechDavid.Toulouse.tacarc\/\">Terrain de Pech-David de tir \u00e0 l'arc du Toulouse TAC<\/a><\/blockquote>\n\n\n<\/div>\n\n\n\n\n<h2><\/h2>\n\n\n<strong>NB: les plages horaires apr\u00e8s 18h les mardis et jeudis sont r\u00e9serv\u00e9es aux encadrements collectifs des archers du Toulouse TAC.<\/strong>\n<b>R\u00e9servation<\/b><span style=\"display: inline-block; width: 0px; overflow: hidden; line-height: 0;\" data-mce-type=\"bookmark\" class=\"mce_SELRES_start\"><\/span>\n\n\n<div id=\"fb-root\">[CP_APP_HOUR_BOOKING id=\"2\"]<\/div>\n\n\n\n\n<div id=\"fb-root\"><\/div>\n\n\n<span style=\"display: inline-block; width: 0px; overflow: hidden; line-height: 0;\" data-mce-type=\"bookmark\" class=\"mce_SELRES_start\"><\/span>--><\/p>\n<hr \/>\n<div id=\"attachment_2525\" style=\"width: 1290px\" class=\"wp-caption aligncenter\"><img loading=\"lazy\" decoding=\"async\" aria-describedby=\"caption-attachment-2525\" class=\"wp-image-2525 size-full\" title=\"panoramique de Pech-David\" src=\"https:\/\/tacarc.org\/info\/wp-content\/uploads\/2020\/12\/20180720_Pech-David_panoramique.jpg\" alt=\"\" width=\"1280\" height=\"960\" srcset=\"https:\/\/tacarc.org\/info\/wp-content\/uploads\/2020\/12\/20180720_Pech-David_panoramique.jpg 1280w, https:\/\/tacarc.org\/info\/wp-content\/uploads\/2020\/12\/20180720_Pech-David_panoramique-300x225.jpg 300w, https:\/\/tacarc.org\/info\/wp-content\/uploads\/2020\/12\/20180720_Pech-David_panoramique-1024x768.jpg 1024w, https:\/\/tacarc.org\/info\/wp-content\/uploads\/2020\/12\/20180720_Pech-David_panoramique-768x576.jpg 768w\" sizes=\"auto, (max-width: 1280px) 100vw, 1280px\" \/><p id=\"caption-attachment-2525\" class=\"wp-caption-text\">Terrain de tir \u00e0 l'arc de Pech-David<\/p><\/div>\n<h2><span class=\"ez-toc-section\" id=\"Acces_2022\"><\/span>Acc\u00e8s 2022<span class=\"ez-toc-section-end\"><\/span><\/h2>\n<p><a href=\"https:\/\/tacarc.org\/info\/wp-content\/uploads\/2022\/03\/pech-david_chemin_cotes.jpg\"><img loading=\"lazy\" decoding=\"async\" class=\"alignnone wp-image-2794 size-large\" src=\"https:\/\/tacarc.org\/info\/wp-content\/uploads\/2022\/03\/pech-david_chemin_cotes-1024x378.jpg\" alt=\"\" width=\"640\" height=\"236\" srcset=\"https:\/\/tacarc.org\/info\/wp-content\/uploads\/2022\/03\/pech-david_chemin_cotes-1024x378.jpg 1024w, https:\/\/tacarc.org\/info\/wp-content\/uploads\/2022\/03\/pech-david_chemin_cotes-300x111.jpg 300w, https:\/\/tacarc.org\/info\/wp-content\/uploads\/2022\/03\/pech-david_chemin_cotes-768x283.jpg 768w, https:\/\/tacarc.org\/info\/wp-content\/uploads\/2022\/03\/pech-david_chemin_cotes-1536x566.jpg 1536w, https:\/\/tacarc.org\/info\/wp-content\/uploads\/2022\/03\/pech-david_chemin_cotes.jpg 1551w\" sizes=\"auto, (max-width: 640px) 100vw, 640px\" \/><\/a><\/p>\n<p>Le <a href=\"https:\/\/www.google.com\/maps\/@43.5656178,1.4471909,3a,75y,282.26h,78.19t\/data=!3m7!1e1!3m5!1sw02yi0lo0IuezeFTwNdRUg!2e0!6shttps:%2F%2Fstreetviewpixels-pa.googleapis.com%2Fv1%2Fthumbnail%3Fpanoid%3Dw02yi0lo0IuezeFTwNdRUg%26cb_client%3Dmaps_sv.tactile.gps%26w%3D203%26h%3D100%26yaw%3D102.15496%26pitch%3D0%26thumbfov%3D100!7i16384!8i8192?hl=fr\">portail entre le chemin des c\u00f4tes de Pech-David et le parking de la piscine<\/a> est un acc\u00e8s pompiers et qui s'ouvre vers l'ext\u00e9rieur: ne pas stationner devant ce portail.<\/p>\n<h2><span class=\"ez-toc-section\" id=\"Inauguration\"><\/span>Inauguration<span class=\"ez-toc-section-end\"><\/span><\/h2>\n<p title=\"G\u00e9olocalisation du terrain de Pech-David\">Ce terrain a \u00e9t\u00e9 inaugur\u00e9 le <a title=\"Inauguration du terrain de tir de Pech-David\" href=\"https:\/\/tacarc.org\/info\/inauguration-du-terrain-de-pech-david-24-novembre-2007\/\">24 novembre 2007<\/a>, en pr\u00e9sence du maire de toulouse (<a href=\"http:\/\/www.ladepeche.fr\/article\/2007\/11\/28\/360370-pech-david-les-archers-se-sont-installes.html\">http:\/\/www.ladepeche.fr\/article\/2007\/11\/28\/360370-pech-david-les-archers-se-sont-installes.html<\/a>) en remplacement du terrain ext\u00e9rieur de Gironis (cf <a title=\"Histoire du TAC Tir \u00e0 l'Arc\" href=\"http:\/\/tacarc.org\/info\/?p=552\">historique du TAC<\/a>).<\/p>\n<p><a href=\"https:\/\/tacarc.org\/info\/20071124_pech-david_invitation_inauguration\/\"><img loading=\"lazy\" decoding=\"async\" class=\"alignleft size-full wp-image-2547\" src=\"https:\/\/tacarc.org\/info\/wp-content\/uploads\/2021\/04\/20071124_Pech-David_invitation_inauguration-scaled.jpg\" alt=\"\" width=\"2560\" height=\"1159\" srcset=\"https:\/\/tacarc.org\/info\/wp-content\/uploads\/2021\/04\/20071124_Pech-David_invitation_inauguration-scaled.jpg 2048w, https:\/\/tacarc.org\/info\/wp-content\/uploads\/2021\/04\/20071124_Pech-David_invitation_inauguration-300x136.jpg 300w, https:\/\/tacarc.org\/info\/wp-content\/uploads\/2021\/04\/20071124_Pech-David_invitation_inauguration-1024x464.jpg 1024w, https:\/\/tacarc.org\/info\/wp-content\/uploads\/2021\/04\/20071124_Pech-David_invitation_inauguration-768x348.jpg 768w, https:\/\/tacarc.org\/info\/wp-content\/uploads\/2021\/04\/20071124_Pech-David_invitation_inauguration-1536x695.jpg 1536w\" sizes=\"auto, (max-width: 2560px) 100vw, 2560px\" \/><\/a><\/p>\n<p>&nbsp;<\/p>\n<p>&nbsp;<\/p>\n<p>&nbsp;<\/p>\n<p>&nbsp;<\/p>\n<p>&nbsp;<\/p>\n<h3><span class=\"ez-toc-section\" id=\"Re-ouverture_2025_de_la_piscine_Yvonne_Godard\"><\/span>R\u00e9-ouverture 2025 de la piscine Yvonne Godard<span class=\"ez-toc-section-end\"><\/span><\/h3>\n<p>Le parking proche du terrain de tir est celui de la piscine Yvonne Godard<\/p>\n<p><a href=\"https:\/\/www.ladepeche.fr\/2025\/04\/18\/ca-fait-du-bien-de-retrouver-un-bassin-de-qualite-renommee-yvonne-godard-la-piscine-pech-david-rouvre-pour-le-plus-grand-plaisir-des-nageurs-12642434.php\">https:\/\/www.ladepeche.fr\/2025\/04\/18\/ca-fait-du-bien-de-retrouver-un-bassin-de-qualite-renommee-yvonne-godard-la-piscine-pech-david-rouvre-pour-le-plus-grand-plaisir-des-nageurs-12642434.php<\/a><\/p>\n<p><a href=\"https:\/\/metropole.toulouse.fr\/annuaire\/piscine-yvonne-godard\">https:\/\/metropole.toulouse.fr\/annuaire\/piscine-yvonne-godard<\/a><\/p>\n<p><a href=\"https:\/\/tacarc.org\/info\/wp-content\/uploads\/2025\/06\/202504_Piscine_Yvonne_Godard-ex_Pech_David-Toulouse_Mairie_Metropole.pdf\" class=\"pdfemb-viewer\" style=\"\" data-width=\"max\" data-height=\"max\" data-toolbar=\"bottom\" data-toolbar-fixed=\"off\">202504_Piscine_Yvonne_Godard-ex_Pech_David-Toulouse_Mairie_M\u00e9tropole<\/a><br \/>\n<a href=\"https:\/\/tacarc.org\/info\/wp-content\/uploads\/2025\/06\/202504_Piscine_Yvonne_Godard-ex_Pech_David-Toulouse_Mairie_Metropole.pdf\">PDF<\/a><\/p>\n","protected":false},"excerpt":{"rendered":"<p>Installations L'entra\u00eenement au tir ext\u00e9rieur est pratiqu\u00e9 \u00e0 Pech-David sur cibles \u00e0 20, 30, 50 et 70m. Le site comprend deux abris totalisant 32m de largeur de pas de tir, \u00e9clairages nocturnes et cheminements pour personnes \u00e0 mobilit\u00e9 r\u00e9duite entre &hellip; <a href=\"https:\/\/tacarc.org\/info\/terrain-de-pech-david\/\">Continuer la lecture <span class=\"meta-nav\">&rarr;<\/span><\/a><\/p>\n","protected":false},"author":2,"featured_media":2205,"parent":0,"menu_order":2,"comment_status":"closed","ping_status":"open","template":"","meta":{"footnotes":""},"class_list":["post-1002","page","type-page","status-publish","has-post-thumbnail","hentry"],"jetpack_sharing_enabled":true,"_links":{"self":[{"href":"https:\/\/tacarc.org\/info\/wp-json\/wp\/v2\/pages\/1002","targetHints":{"allow":["GET"]}}],"collection":[{"href":"https:\/\/tacarc.org\/info\/wp-json\/wp\/v2\/pages"}],"about":[{"href":"https:\/\/tacarc.org\/info\/wp-json\/wp\/v2\/types\/page"}],"author":[{"embeddable":true,"href":"https:\/\/tacarc.org\/info\/wp-json\/wp\/v2\/users\/2"}],"replies":[{"embeddable":true,"href":"https:\/\/tacarc.org\/info\/wp-json\/wp\/v2\/comments?post=1002"}],"version-history":[{"count":4,"href":"https:\/\/tacarc.org\/info\/wp-json\/wp\/v2\/pages\/1002\/revisions"}],"predecessor-version":[{"id":3413,"href":"https:\/\/tacarc.org\/info\/wp-json\/wp\/v2\/pages\/1002\/revisions\/3413"}],"wp:featuredmedia":[{"embeddable":true,"href":"https:\/\/tacarc.org\/info\/wp-json\/wp\/v2\/media\/2205"}],"wp:attachment":[{"href":"https:\/\/tacarc.org\/info\/wp-json\/wp\/v2\/media?parent=1002"}],"curies":[{"name":"wp","href":"https:\/\/api.w.org\/{rel}","templated":true}]}}